{"id":427,"date":"2022-05-11T11:35:27","date_gmt":"2022-05-11T11:35:27","guid":{"rendered":"https:\/\/mediumturquoise-oyster-620936.hostingersite.com\/?page_id=427"},"modified":"2025-02-09T17:35:29","modified_gmt":"2025-02-09T17:35:29","slug":"rubindo-rochedos","status":"publish","type":"page","link":"https:\/\/diversos.gal\/es\/rubindo-rochedos\/","title":{"rendered":"Rubindo Rochedos"},"content":{"rendered":"<p>[et_pb_section fb_built=\u00bb1&#8243; fullwidth=\u00bbon\u00bb admin_label=\u00bbHeader Section\u00bb _builder_version=\u00bb4.17.3&#8243; _module_preset=\u00bbdefault\u00bb background_color=\u00bb#000000&#8243; custom_padding=\u00bb|||\u00bb global_colors_info=\u00bb{}\u00bb][et_pb_fullwidth_header title=\u00bbRUBINDO ROCHEDOS\u00bb subhead=\u00bbPROYECTOS EN CURSO\u00bb text_orientation=\u00bbcenter\u00bb header_fullscreen=\u00bbon\u00bb header_scroll_down=\u00bbon\u00bb scroll_down_icon=\u00bb%%2%%\u00bb scroll_down_icon_color=\u00bb#ffffff\u00bb background_overlay_color=\u00bbrgba(0,0,0,0.4)\u00bb content_max_width_last_edited=\u00bboff|desktop\u00bb admin_label=\u00bbContents\u00bb _builder_version=\u00bb4.17.3&#8243; _module_preset=\u00bbdefault\u00bb title_font=\u00bb|700||on|||||\u00bb title_text_align=\u00bbcenter\u00bb title_font_size=\u00bb70px\u00bb title_letter_spacing=\u00bb0.05em\u00bb title_line_height=\u00bb1.5em\u00bb content_line_height=\u00bb1.7em\u00bb subhead_font=\u00bbNunito|600|||||||\u00bb subhead_font_size=\u00bb17px\u00bb subhead_line_height=\u00bb1.9em\u00bb background_color=\u00bbrgba(255, 255, 255, 0)\u00bb background_image=\u00bbhttps:\/\/diversos.gal\/wp-content\/uploads\/2022\/05\/MG_0690-byn.jpg\u00bb parallax=\u00bbon\u00bb parallax_method=\u00bbon\u00bb custom_button_one=\u00bbon\u00bb button_one_text_size=\u00bb15px\u00bb button_one_bg_color=\u00bb#dca57d\u00bb button_one_border_width=\u00bb10px\u00bb button_one_border_color=\u00bb#dca57d\u00bb button_one_border_radius=\u00bb0px\u00bb button_one_letter_spacing=\u00bb3px\u00bb button_one_font=\u00bbOswald|||on|\u00bb button_one_use_icon=\u00bboff\u00bb custom_margin=\u00bb||||false|false\u00bb animation_style=\u00bbfade\u00bb animation_starting_opacity=\u00bb50%\u00bb animation_speed_curve=\u00bbease-in\u00bb title_font_size_tablet=\u00bb60px\u00bb title_font_size_phone=\u00bb40px\u00bb title_font_size_last_edited=\u00bbon|tablet\u00bb button_one_border_color_hover=\u00bb#c99872&#8243; button_one_border_radius_hover=\u00bb0px\u00bb button_one_letter_spacing_hover=\u00bb3px\u00bb button_one_bg_color_hover=\u00bb#c99872&#8243; global_colors_info=\u00bb{}\u00bb button_one_text_size__hover_enabled=\u00bboff\u00bb button_two_text_size__hover_enabled=\u00bboff\u00bb button_one_text_color__hover_enabled=\u00bboff\u00bb button_two_text_color__hover_enabled=\u00bboff\u00bb button_one_border_width__hover_enabled=\u00bboff\u00bb button_two_border_width__hover_enabled=\u00bboff\u00bb button_one_border_color__hover_enabled=\u00bbon\u00bb button_one_border_color__hover=\u00bb#c99872&#8243; button_two_border_color__hover_enabled=\u00bboff\u00bb button_one_border_radius__hover_enabled=\u00bbon\u00bb button_one_border_radius__hover=\u00bb0px\u00bb button_two_border_radius__hover_enabled=\u00bboff\u00bb button_one_letter_spacing__hover_enabled=\u00bbon\u00bb button_one_letter_spacing__hover=\u00bb3px\u00bb button_two_letter_spacing__hover_enabled=\u00bboff\u00bb button_one_bg_color__hover_enabled=\u00bbon\u00bb button_one_bg_color__hover=\u00bb#c99872&#8243; button_two_bg_color__hover_enabled=\u00bboff\u00bb]<\/p>\n<p>&nbsp;<\/p>\n<p>&nbsp;<\/p>\n<p>&nbsp;<\/p>\n<p>&nbsp;<\/p>\n<p>&nbsp;<\/p>\n<p>&nbsp;<\/p>\n<p>&nbsp;<\/p>\n<p>&nbsp;<\/p>\n<p>&nbsp;<\/p>\n<p>&nbsp;<\/p>\n<p>&nbsp;<\/p>\n<p>&nbsp;<\/p>\n<p>&nbsp;<\/p>\n<p>&nbsp;<\/p>\n<p>[\/et_pb_fullwidth_header][\/et_pb_section][et_pb_section fb_built=\u00bb1&#8243; admin_label=\u00bbOur mission\u00bb _builder_version=\u00bb4.17.3&#8243; _module_preset=\u00bbdefault\u00bb background_color=\u00bbrgba(0,0,0,0.9)\u00bb background_image=\u00bbhttps:\/\/diversos.gal\/wp-content\/uploads\/2022\/05\/rubindo-rochedos-fondo.jpg\u00bb background_blend=\u00bboverlay\u00bb locked=\u00bboff\u00bb global_colors_info=\u00bb{}\u00bb][et_pb_row _builder_version=\u00bb4.17.3&#8243; _module_preset=\u00bbdefault\u00bb global_colors_info=\u00bb{}\u00bb][et_pb_column type=\u00bb4_4&#8243; _builder_version=\u00bb4.16&#8243; _module_preset=\u00bbdefault\u00bb global_colors_info=\u00bb{}\u00bb][et_pb_text _builder_version=\u00bb4.17.3&#8243; _module_preset=\u00bbdefault\u00bb header_3_text_color=\u00bb#bababa\u00bb text_orientation=\u00bbjustified\u00bb global_colors_info=\u00bb{}\u00bb]<\/p>\n<h3>Deseos y Reflexiones<\/h3>\n<p>Rubindo Rochedos; Contos lendas e caf\u00e9s est\u00e1 inspirado en los textos, La modernidad liquida y El amor liquido del soci\u00f3logo, fil\u00f3sofo y ensayista polaco-brit\u00e1nico Zigmunt Bauman. Al entrar en este material, donde Bauman hace un ensayo sobre el amor y la sociedad actual, hemos sacado algunas reflexiones que nos han servido como punto de partida para desarrollar esta pieza de danza teatro con la Compa\u00f1\u00eda 5s. En esta cultura del consumo, se buscan las soluciones r\u00e1pidas, la satisfacci\u00f3n instant\u00e1nea, los resultados sin esfuerzos prolongados y el amor y el deseo no escapan, pasando a ser, tambi\u00e9n una mercanc\u00eda. Pero el amor no puede ser una mercanc\u00eda, es una opci\u00f3n de vida. Un estado que no entiende de razas, ni cuerpos, ni idololog\u00edas; que trasciende al tiempo y el espacio, por lo tanto nunca acaba. Tenemos tanto miedo a la vida que ponemos demasiada energ\u00eda en que nada nos cambie. Y entonces dejamos de crecer, creer y por lo tanto de crear, alej\u00e1ndonos de nuestra propia naturaleza. Si paramos por un momento toda esa necesidad compulsiva de lo externo y nos miramos a nosotros mismos, entraremos en sinton\u00eda con nuestra verdadera naturaleza y podremos llegar a ser un poco m\u00e1s felices y desde ah\u00ed, construir un mundo mejor, m\u00e1s justo y m\u00e1s igualitario.<\/p>\n<p>[\/et_pb_text][et_pb_text _builder_version=\u00bb4.17.3&#8243; _module_preset=\u00bbdefault\u00bb header_3_text_color=\u00bb#bababa\u00bb text_orientation=\u00bbjustified\u00bb global_colors_info=\u00bb{}\u00bb]<\/p>\n<h3>Sinopsis<\/h3>\n<p>En esta sociedad en la que vivimos estamos demasiado acostumbrados a no tener tiempo para sentarnos y escuchar a los dem\u00e1s, para tomarnos el tiempo de conocer a los otros mientras nos conocemos un poco m\u00e1s. En \u201cRUBINDO ROCHEDOS; Contos, lendas e caf\u00e9s\u201d queremos tomarnos ese tiempo como pretexto para hablar del contexto y as\u00ed poder adentrarnos en las historias de quienes somos, qu\u00e9 queremos, cuales son nuestros sue\u00f1os y nuestras preocupaciones y sobre todo, que queremos ser y a donde queremos llegar. Rubindo Rochedos; Contos, lendas e caf\u00e9s es una pieza de danza teatro donde la poes\u00eda, la danza y el humor forman un lenguaje com\u00fan para hablar de los temas<br \/>m\u00e1s sencillos y a la vez m\u00e1s complejos del ser humano. El amor, la felicidad y los sue\u00f1os.<\/p>\n<p>&nbsp;<\/p>\n<p>[\/et_pb_text][\/et_pb_column][\/et_pb_row][et_pb_row column_structure=\u00bb1_4,3_4&#8243; _builder_version=\u00bb4.17.3&#8243; _module_preset=\u00bbdefault\u00bb global_colors_info=\u00bb{}\u00bb][et_pb_column type=\u00bb1_4&#8243; _builder_version=\u00bb4.16&#8243; _module_preset=\u00bbdefault\u00bb global_colors_info=\u00bb{}\u00bb][et_pb_text _builder_version=\u00bb4.17.3&#8243; _module_preset=\u00bbdefault\u00bb header_text_align=\u00bbright\u00bb header_3_text_align=\u00bbright\u00bb header_3_text_color=\u00bb#bababa\u00bb text_orientation=\u00bbright\u00bb global_colors_info=\u00bb{}\u00bb]<\/p>\n<h3>Interpretes<\/h3>\n<p>Ricardo Prado D\u00edaz<br \/>Marisol Creo Prego<br \/>Clara L\u00f3pez Villar<br \/>Tito L\u00f3pez Villar<br \/>Valle L\u00f3pez Villar<br \/>Adriana Paulos Vi\u00f1as<br \/>Elvis Garc\u00eda Torres<br \/>Marlon Steven Rincon<br \/>Nazar\u00e9 da Vila Pousada<br \/>Renato Beiroa Troiteiro<br \/>V\u00edctor Dupl\u00e1<br \/>Mikel Aristegui<\/p>\n<p>[\/et_pb_text][\/et_pb_column][et_pb_column type=\u00bb3_4&#8243; _builder_version=\u00bb4.16&#8243; _module_preset=\u00bbdefault\u00bb global_colors_info=\u00bb{}\u00bb][et_pb_image src=\u00bbhttps:\/\/diversos.gal\/wp-content\/uploads\/2022\/05\/rubindo-rochedos.jpg\u00bb alt=\u00bbRubindo Rochedos\u00bb title_text=\u00bbRubindo Rochedos\u00bb _builder_version=\u00bb4.17.3&#8243; _module_preset=\u00bbdefault\u00bb global_colors_info=\u00bb{}\u00bb][\/et_pb_image][\/et_pb_column][\/et_pb_row][et_pb_row _builder_version=\u00bb4.17.3&#8243; _module_preset=\u00bbdefault\u00bb global_colors_info=\u00bb{}\u00bb][et_pb_column type=\u00bb4_4&#8243; _builder_version=\u00bb4.17.3&#8243; _module_preset=\u00bbdefault\u00bb global_colors_info=\u00bb{}\u00bb][et_pb_video src=\u00bbhttps:\/\/youtu.be\/w_p9_AKg_rw?si=4wsFbivSeQOpzBXy\u00bb image_src=\u00bbhttps:\/\/diversos.gal\/wp-content\/uploads\/2022\/05\/rubindo-rochedos-video.jpg\u00bb _builder_version=\u00bb4.27.0&#8243; _module_preset=\u00bbdefault\u00bb hover_enabled=\u00bb0&#8243; border_width_all=\u00bb5px\u00bb border_color_all=\u00bb#161616&#8243; global_colors_info=\u00bb{}\u00bb sticky_enabled=\u00bb0&#8243;][\/et_pb_video][\/et_pb_column][\/et_pb_row][et_pb_row _builder_version=\u00bb4.17.3&#8243; _module_preset=\u00bbdefault\u00bb global_colors_info=\u00bb{}\u00bb][et_pb_column type=\u00bb4_4&#8243; _builder_version=\u00bb4.17.3&#8243; _module_preset=\u00bbdefault\u00bb global_colors_info=\u00bb{}\u00bb][et_pb_gallery gallery_ids=\u00bb449,451,452,453,454,455,450,456,457,458,459,460,461,462,463,464,465,466,467,468&#8243; fullwidth=\u00bbon\u00bb _builder_version=\u00bb4.17.3&#8243; _module_preset=\u00bbdefault\u00bb auto=\u00bbon\u00bb auto_speed=\u00bb3000&#8243; global_colors_info=\u00bb{}\u00bb][\/et_pb_gallery][\/et_pb_column][\/et_pb_row][et_pb_row _builder_version=\u00bb4.17.3&#8243; _module_preset=\u00bbdefault\u00bb global_colors_info=\u00bb{}\u00bb][et_pb_column type=\u00bb4_4&#8243; _builder_version=\u00bb4.17.3&#8243; _module_preset=\u00bbdefault\u00bb global_colors_info=\u00bb{}\u00bb][et_pb_button button_url=\u00bbhttps:\/\/diversos.gal\/wp-content\/uploads\/2022\/05\/Dossier-Rubindo-Rochedos-2021-22-1-web.pdf\u00bb url_new_window=\u00bbon\u00bb button_text=\u00bbDescargar Dossier PDF %22Rubindo Rochedos%22&#8243; button_alignment=\u00bbcenter\u00bb _builder_version=\u00bb4.17.3&#8243; _module_preset=\u00bbdefault\u00bb custom_button=\u00bbon\u00bb button_text_color=\u00bb#FFFFFF\u00bb button_bg_color=\u00bb#353535&#8243; button_border_color=\u00bb#353535&#8243; global_colors_info=\u00bb{}\u00bb][\/et_pb_button][\/et_pb_column][\/et_pb_row][\/et_pb_section]<\/p>\n","protected":false},"excerpt":{"rendered":"<p>&nbsp; &nbsp; &nbsp; &nbsp; &nbsp; &nbsp; &nbsp; &nbsp; &nbsp; &nbsp; &nbsp; &nbsp; &nbsp; &nbsp;Deseos y Reflexiones Rubindo Rochedos; Contos lendas e caf\u00e9s est\u00e1 inspirado en los textos, La modernidad liquida y El amor liquido del soci\u00f3logo, fil\u00f3sofo y ensayista polaco-brit\u00e1nico Zigmunt Bauman. Al entrar en este material, donde Bauman hace un ensayo sobre el amor [&hellip;]<\/p>\n","protected":false},"author":1,"featured_media":0,"parent":0,"menu_order":0,"comment_status":"closed","ping_status":"closed","template":"","meta":{"_et_pb_use_builder":"on","_et_pb_old_content":"","_et_gb_content_width":"","footnotes":""},"class_list":["post-427","page","type-page","status-publish","hentry"],"yoast_head":"<!-- This site is optimized with the Yoast SEO plugin v27.2 - https:\/\/yoast.com\/product\/yoast-seo-wordpress\/ -->\n<title>Rubindo Rochedos - Diversos, Asocicaci\u00f3n Cultural para la Integraci\u00f3n Social<\/title>\n<meta name=\"robots\" content=\"index, follow, max-snippet:-1, max-image-preview:large, max-video-preview:-1\" \/>\n<link rel=\"canonical\" href=\"https:\/\/diversos.gal\/es\/rubindo-rochedos\/\" \/>\n<meta property=\"og:locale\" content=\"es_ES\" \/>\n<meta property=\"og:type\" content=\"article\" \/>\n<meta property=\"og:title\" content=\"Rubindo Rochedos - Diversos, Asocicaci\u00f3n Cultural para la Integraci\u00f3n Social\" \/>\n<meta property=\"og:description\" content=\"&nbsp; &nbsp; &nbsp; &nbsp; &nbsp; &nbsp; &nbsp; &nbsp; &nbsp; &nbsp; &nbsp; &nbsp; &nbsp; &nbsp;Deseos y Reflexiones Rubindo Rochedos; Contos lendas e caf\u00e9s est\u00e1 inspirado en los textos, La modernidad liquida y El amor liquido del soci\u00f3logo, fil\u00f3sofo y ensayista polaco-brit\u00e1nico Zigmunt Bauman. Al entrar en este material, donde Bauman hace un ensayo sobre el amor [&hellip;]\" \/>\n<meta property=\"og:url\" content=\"https:\/\/diversos.gal\/es\/rubindo-rochedos\/\" \/>\n<meta property=\"og:site_name\" content=\"Diversos, Asocicaci\u00f3n Cultural para la Integraci\u00f3n Social\" \/>\n<meta property=\"article:modified_time\" content=\"2025-02-09T17:35:29+00:00\" \/>\n<meta name=\"twitter:card\" content=\"summary_large_image\" \/>\n<meta name=\"twitter:label1\" content=\"Tiempo de lectura\" \/>\n\t<meta name=\"twitter:data1\" content=\"6 minutos\" \/>\n<script type=\"application\/ld+json\" class=\"yoast-schema-graph\">{\"@context\":\"https:\/\/schema.org\",\"@graph\":[{\"@type\":\"WebPage\",\"@id\":\"https:\/\/diversos.gal\/es\/rubindo-rochedos\/\",\"url\":\"https:\/\/diversos.gal\/es\/rubindo-rochedos\/\",\"name\":\"Rubindo Rochedos - Diversos, Asocicaci\u00f3n Cultural para la Integraci\u00f3n Social\",\"isPartOf\":{\"@id\":\"https:\/\/mediumturquoise-oyster-620936.hostingersite.com\/#website\"},\"datePublished\":\"2022-05-11T11:35:27+00:00\",\"dateModified\":\"2025-02-09T17:35:29+00:00\",\"breadcrumb\":{\"@id\":\"https:\/\/diversos.gal\/es\/rubindo-rochedos\/#breadcrumb\"},\"inLanguage\":\"es\",\"potentialAction\":[{\"@type\":\"ReadAction\",\"target\":[\"https:\/\/diversos.gal\/es\/rubindo-rochedos\/\"]}]},{\"@type\":\"BreadcrumbList\",\"@id\":\"https:\/\/diversos.gal\/es\/rubindo-rochedos\/#breadcrumb\",\"itemListElement\":[{\"@type\":\"ListItem\",\"position\":1,\"name\":\"Portada\",\"item\":\"https:\/\/diversos.gal\/es\/\"},{\"@type\":\"ListItem\",\"position\":2,\"name\":\"Rubindo Rochedos\"}]},{\"@type\":\"WebSite\",\"@id\":\"https:\/\/mediumturquoise-oyster-620936.hostingersite.com\/#website\",\"url\":\"https:\/\/mediumturquoise-oyster-620936.hostingersite.com\/\",\"name\":\"Diversos, Asocicaci\u00f3n Cultural para la Integraci\u00f3n Social\",\"description\":\"\",\"potentialAction\":[{\"@type\":\"SearchAction\",\"target\":{\"@type\":\"EntryPoint\",\"urlTemplate\":\"https:\/\/mediumturquoise-oyster-620936.hostingersite.com\/?s={search_term_string}\"},\"query-input\":{\"@type\":\"PropertyValueSpecification\",\"valueRequired\":true,\"valueName\":\"search_term_string\"}}],\"inLanguage\":\"es\"}]}<\/script>\n<!-- \/ Yoast SEO plugin. -->","yoast_head_json":{"title":"Rubindo Rochedos - Diversos, Asocicaci\u00f3n Cultural para la Integraci\u00f3n Social","robots":{"index":"index","follow":"follow","max-snippet":"max-snippet:-1","max-image-preview":"max-image-preview:large","max-video-preview":"max-video-preview:-1"},"canonical":"https:\/\/diversos.gal\/es\/rubindo-rochedos\/","og_locale":"es_ES","og_type":"article","og_title":"Rubindo Rochedos - Diversos, Asocicaci\u00f3n Cultural para la Integraci\u00f3n Social","og_description":"&nbsp; &nbsp; &nbsp; &nbsp; &nbsp; &nbsp; &nbsp; &nbsp; &nbsp; &nbsp; &nbsp; &nbsp; &nbsp; &nbsp;Deseos y Reflexiones Rubindo Rochedos; Contos lendas e caf\u00e9s est\u00e1 inspirado en los textos, La modernidad liquida y El amor liquido del soci\u00f3logo, fil\u00f3sofo y ensayista polaco-brit\u00e1nico Zigmunt Bauman. Al entrar en este material, donde Bauman hace un ensayo sobre el amor [&hellip;]","og_url":"https:\/\/diversos.gal\/es\/rubindo-rochedos\/","og_site_name":"Diversos, Asocicaci\u00f3n Cultural para la Integraci\u00f3n Social","article_modified_time":"2025-02-09T17:35:29+00:00","twitter_card":"summary_large_image","twitter_misc":{"Tiempo de lectura":"6 minutos"},"schema":{"@context":"https:\/\/schema.org","@graph":[{"@type":"WebPage","@id":"https:\/\/diversos.gal\/es\/rubindo-rochedos\/","url":"https:\/\/diversos.gal\/es\/rubindo-rochedos\/","name":"Rubindo Rochedos - Diversos, Asocicaci\u00f3n Cultural para la Integraci\u00f3n Social","isPartOf":{"@id":"https:\/\/mediumturquoise-oyster-620936.hostingersite.com\/#website"},"datePublished":"2022-05-11T11:35:27+00:00","dateModified":"2025-02-09T17:35:29+00:00","breadcrumb":{"@id":"https:\/\/diversos.gal\/es\/rubindo-rochedos\/#breadcrumb"},"inLanguage":"es","potentialAction":[{"@type":"ReadAction","target":["https:\/\/diversos.gal\/es\/rubindo-rochedos\/"]}]},{"@type":"BreadcrumbList","@id":"https:\/\/diversos.gal\/es\/rubindo-rochedos\/#breadcrumb","itemListElement":[{"@type":"ListItem","position":1,"name":"Portada","item":"https:\/\/diversos.gal\/es\/"},{"@type":"ListItem","position":2,"name":"Rubindo Rochedos"}]},{"@type":"WebSite","@id":"https:\/\/mediumturquoise-oyster-620936.hostingersite.com\/#website","url":"https:\/\/mediumturquoise-oyster-620936.hostingersite.com\/","name":"Diversos, Asocicaci\u00f3n Cultural para la Integraci\u00f3n Social","description":"","potentialAction":[{"@type":"SearchAction","target":{"@type":"EntryPoint","urlTemplate":"https:\/\/mediumturquoise-oyster-620936.hostingersite.com\/?s={search_term_string}"},"query-input":{"@type":"PropertyValueSpecification","valueRequired":true,"valueName":"search_term_string"}}],"inLanguage":"es"}]}},"_links":{"self":[{"href":"https:\/\/diversos.gal\/es\/wp-json\/wp\/v2\/pages\/427","targetHints":{"allow":["GET"]}}],"collection":[{"href":"https:\/\/diversos.gal\/es\/wp-json\/wp\/v2\/pages"}],"about":[{"href":"https:\/\/diversos.gal\/es\/wp-json\/wp\/v2\/types\/page"}],"author":[{"embeddable":true,"href":"https:\/\/diversos.gal\/es\/wp-json\/wp\/v2\/users\/1"}],"replies":[{"embeddable":true,"href":"https:\/\/diversos.gal\/es\/wp-json\/wp\/v2\/comments?post=427"}],"version-history":[{"count":11,"href":"https:\/\/diversos.gal\/es\/wp-json\/wp\/v2\/pages\/427\/revisions"}],"predecessor-version":[{"id":1333,"href":"https:\/\/diversos.gal\/es\/wp-json\/wp\/v2\/pages\/427\/revisions\/1333"}],"wp:attachment":[{"href":"https:\/\/diversos.gal\/es\/wp-json\/wp\/v2\/media?parent=427"}],"curies":[{"name":"wp","href":"https:\/\/api.w.org\/{rel}","templated":true}]}}