{"id":371,"date":"2022-05-10T19:17:23","date_gmt":"2022-05-10T19:17:23","guid":{"rendered":"https:\/\/mediumturquoise-oyster-620936.hostingersite.com\/?page_id=371"},"modified":"2022-10-31T09:16:31","modified_gmt":"2022-10-31T09:16:31","slug":"la-juventud-crea-mas-ti","status":"publish","type":"page","link":"https:\/\/diversos.gal\/es\/la-juventud-crea-mas-ti\/","title":{"rendered":"La juventud crea + ti"},"content":{"rendered":"<p>[et_pb_section fb_built=\u00bb1&#8243; fullwidth=\u00bbon\u00bb admin_label=\u00bbHeader Section\u00bb _builder_version=\u00bb4.17.3&#8243; _module_preset=\u00bbdefault\u00bb background_color=\u00bb#000000&#8243; custom_padding=\u00bb|||\u00bb global_colors_info=\u00bb{}\u00bb][et_pb_fullwidth_header title=\u00bbLA JUVENTUD CREA + TI\u00bb subhead=\u00bbPROYECTOS EN CURSO\u00bb text_orientation=\u00bbcenter\u00bb header_fullscreen=\u00bbon\u00bb header_scroll_down=\u00bbon\u00bb scroll_down_icon=\u00bb%%2%%\u00bb scroll_down_icon_color=\u00bb#ffffff\u00bb background_overlay_color=\u00bbrgba(0,0,0,0.4)\u00bb content_max_width_last_edited=\u00bboff|desktop\u00bb admin_label=\u00bbContents\u00bb _builder_version=\u00bb4.17.3&#8243; _module_preset=\u00bbdefault\u00bb title_font=\u00bb|700||on|||||\u00bb title_text_align=\u00bbcenter\u00bb title_font_size=\u00bb70px\u00bb title_letter_spacing=\u00bb0.05em\u00bb title_line_height=\u00bb1.5em\u00bb content_line_height=\u00bb1.7em\u00bb subhead_font=\u00bbNunito|600|||||||\u00bb subhead_font_size=\u00bb17px\u00bb subhead_line_height=\u00bb1.9em\u00bb background_color=\u00bbrgba(255, 255, 255, 0)\u00bb background_image=\u00bbhttps:\/\/diversos.gal\/wp-content\/uploads\/2022\/05\/la-juventud-crea-mas-ti-index-1.jpg\u00bb parallax=\u00bbon\u00bb parallax_method=\u00bbon\u00bb custom_button_one=\u00bbon\u00bb button_one_text_size=\u00bb15px\u00bb button_one_bg_color=\u00bb#dca57d\u00bb button_one_border_width=\u00bb10px\u00bb button_one_border_color=\u00bb#dca57d\u00bb button_one_border_radius=\u00bb0px\u00bb button_one_letter_spacing=\u00bb3px\u00bb button_one_font=\u00bbOswald|||on|\u00bb button_one_use_icon=\u00bboff\u00bb custom_margin=\u00bb||||false|false\u00bb animation_style=\u00bbfade\u00bb animation_starting_opacity=\u00bb50%\u00bb animation_speed_curve=\u00bbease-in\u00bb title_font_size_tablet=\u00bb60px\u00bb title_font_size_phone=\u00bb40px\u00bb title_font_size_last_edited=\u00bbon|tablet\u00bb button_one_border_color_hover=\u00bb#c99872&#8243; button_one_border_radius_hover=\u00bb0px\u00bb button_one_letter_spacing_hover=\u00bb3px\u00bb button_one_bg_color_hover=\u00bb#c99872&#8243; global_colors_info=\u00bb{}\u00bb button_one_text_size__hover_enabled=\u00bboff\u00bb button_two_text_size__hover_enabled=\u00bboff\u00bb button_one_text_color__hover_enabled=\u00bboff\u00bb button_two_text_color__hover_enabled=\u00bboff\u00bb button_one_border_width__hover_enabled=\u00bboff\u00bb button_two_border_width__hover_enabled=\u00bboff\u00bb button_one_border_color__hover_enabled=\u00bbon\u00bb button_one_border_color__hover=\u00bb#c99872&#8243; button_two_border_color__hover_enabled=\u00bboff\u00bb button_one_border_radius__hover_enabled=\u00bbon\u00bb button_one_border_radius__hover=\u00bb0px\u00bb button_two_border_radius__hover_enabled=\u00bboff\u00bb button_one_letter_spacing__hover_enabled=\u00bbon\u00bb button_one_letter_spacing__hover=\u00bb3px\u00bb button_two_letter_spacing__hover_enabled=\u00bboff\u00bb button_one_bg_color__hover_enabled=\u00bbon\u00bb button_one_bg_color__hover=\u00bb#c99872&#8243; button_two_bg_color__hover_enabled=\u00bboff\u00bb]<\/p>\n<p>&nbsp;<\/p>\n<p>&nbsp;<\/p>\n<p>&nbsp;<\/p>\n<p>&nbsp;<\/p>\n<p>&nbsp;<\/p>\n<p>&nbsp;<\/p>\n<p>&nbsp;<\/p>\n<p>&nbsp;<\/p>\n<p>&nbsp;<\/p>\n<p>&nbsp;<\/p>\n<p>&nbsp;<\/p>\n<p>&nbsp;<\/p>\n<p>&nbsp;<\/p>\n<p>&nbsp;<\/p>\n<p>[\/et_pb_fullwidth_header][\/et_pb_section][et_pb_section fb_built=\u00bb1&#8243; admin_label=\u00bbOur mission\u00bb _builder_version=\u00bb4.17.3&#8243; _module_preset=\u00bbdefault\u00bb background_color=\u00bbrgba(0,0,0,0.84)\u00bb background_image=\u00bbhttps:\/\/diversos.gal\/wp-content\/uploads\/2022\/05\/la-juventud-crea-mas-ti-05.jpg\u00bb background_blend=\u00bboverlay\u00bb locked=\u00bboff\u00bb global_colors_info=\u00bb{}\u00bb][et_pb_row _builder_version=\u00bb4.17.3&#8243; _module_preset=\u00bbdefault\u00bb global_colors_info=\u00bb{}\u00bb][et_pb_column type=\u00bb4_4&#8243; _builder_version=\u00bb4.16&#8243; _module_preset=\u00bbdefault\u00bb global_colors_info=\u00bb{}\u00bb][et_pb_text _builder_version=\u00bb4.17.3&#8243; _module_preset=\u00bbdefault\u00bb link_text_color=\u00bb#c9c9c9&#8243; header_3_text_color=\u00bb#bababa\u00bb text_orientation=\u00bbjustified\u00bb global_colors_info=\u00bb{}\u00bb]<\/p>\n<h3>DESCRIPCI\u00d3N DE LA ENTIDAD<\/h3>\n<p>La asociaci\u00f3n cultural para la inclusi\u00f3n social, tiene como fin promover el conocimiento de las artes esc\u00e9nicas y audiovisuales, as\u00ed como facilitar la integraci\u00f3n de colectivos excluidos o en riesgo de exclusi\u00f3n, a trav\u00e9s de las artes esc\u00e9nicas y audiovisuales.<br \/>Trabaja a trav\u00e9s del enfoque de Cultura Inclusiva, generando proyectos comunitarios, actividades art\u00edsticas y creaci\u00f3n de espect\u00e1culos de danza<br \/>inclusiva, dirigidas a j\u00f3venes y personas con necesidades de inclusi\u00f3n social.<br \/>Diversos cree en la cultura inclusiva, como motor para crear en las personas participantes una nueva realidad y una alternativa cultural para su desarrollo intelectual, cultural y humano ofreciendo una alternativa de ocio saludable para la promoci\u00f3n de la salud de j\u00f3venes y personas con diversidad funcional.<br \/>Como actividades relevantes de la asociaci\u00f3n podemos mencionar el \u00abEncuentro de Artes por la Integraci\u00f3n\u201d, que se celebra anualmente en A<br \/>Coru\u00f1a desde hace 10 a\u00f1os , tambi\u00e9n es de destacar, la creaci\u00f3n en Galicia de la primera compa\u00f1\u00eda Multidisciplinar de Arte Inclusivo, Danza, Teatro y M\u00fasica llamada 5s que ayuda a profesionalizar a personas con diversidad funcional en el \u00e1mbito art\u00edstico.<br \/>Otro de los proyectos a destacar es \u00abSacra Experience\u00bb, una iniciativa transformadora que utiliza la cultura como motor para favorecer el progreso<br \/>social a trav\u00e9s de la puesta en valor del rural deshabitado de Lugo, realizando dos actividades centrales: \u00abSacra Festival\u00bb festival anual de artes en la Ribeira Sacra y \u00e9l \u00abSacra Forma\u00bb: talleres formativos art\u00edsticos con destacados nombres del panorama cultural.<\/p>\n<p><a href=\"https:\/\/artespolaintegracion.com\/\" target=\"_blank\" rel=\"noopener\">https:\/\/artespolaintegracion.com\/<\/a><\/p>\n<p><a href=\"https:\/\/www.facebook.com\/Diversos.Asociacion\/\" target=\"_blank\" rel=\"noopener\">https:\/\/www.facebook.com\/Diversos.Asociacion\/<\/a><\/p>\n<p><a href=\"https:\/\/sacraexperience.com\/\" target=\"_blank\" rel=\"noopener\">https:\/\/sacraexperience.com\/<\/a><\/p>\n<p>&nbsp;<\/p>\n<p>[\/et_pb_text][et_pb_image src=\u00bbhttps:\/\/diversos.gal\/wp-content\/uploads\/2022\/05\/la-juventud-crea-mas-ti-01.jpg\u00bb title_text=\u00bbla-juventud-crea-mas-ti-01&#8243; _builder_version=\u00bb4.17.3&#8243; _module_preset=\u00bbdefault\u00bb global_colors_info=\u00bb{}\u00bb][\/et_pb_image][et_pb_text _builder_version=\u00bb4.17.3&#8243; _module_preset=\u00bbdefault\u00bb header_3_text_color=\u00bb#bababa\u00bb text_orientation=\u00bbjustified\u00bb global_colors_info=\u00bb{}\u00bb]<\/p>\n<h3>DESCRIPCI\u00d3N Y FUNDAMENTACI\u00d3N<\/h3>\n<p>Proyecto de formaci\u00f3n, investigaci\u00f3n y creaci\u00f3n a trav\u00e9s de las artes pl\u00e1sticas, audiovisuales e instalaciones, integrando a j\u00f3venes con dotes art\u00edsticas sin limitar sus capacidades f\u00edsicas o ps\u00edquicas. Un proyecto a desarrollar en paralelo en dos institutos de la Ciudad de Lugo y tambi\u00e9n con j\u00f3venes integrados en asociaciones de Lugo. Se levar\u00e1 a cabo en colaboraci\u00f2n co proxecto de creaci\u00f3n dunha marca A pequena Bauhaus.<br \/>Se trata de un proyecto \u00fanico en Galicia e innovador ya que es la primera vez que se convierte una escuela en un m\u00faseo en Galicia, dandole protagonismo a los j\u00f3venes como creadores, destacar tambi\u00e9n que es un proyecto altamente integrador porque van a convivir y crear juntos j\u00f3venes que provienen de diferentes contextos sociales y j\u00f3venes con diversidad funcional.<br \/>En este proyecto se concibe a los j\u00f3venes como sujetos activos, se promociona la autonomia ya que ellos van a encargarse desde la producci\u00f3n de la obra, hasta el comisariado y montaje.<br \/>Lugo ser\u00eda el primer lugar en Galicia en implementar este proyecto. Otro aspecto que diferencia al proyecto es que va a ser faclitado por artistas que son creadores adem\u00e1s de docentes siendo profesionales con amplia trayector\u00eda y reconocidos en su area, se ofrece un espacio de participaci\u00f3n art\u00edstica en el entorno educativo que constituya una experiencia de Cultura Inclusiva y Ocio creativo en contraposici\u00f3n al aumento de un ocio pasivo de la juventud en torno a las tecnolog\u00edas, al consumo, redes sociales y a la excesiva individualizaci\u00f3n del ser humano.<br \/>Sosteniendo los beneficios del Ocio Creativo que se caracteriza por su car\u00e1cter experiencial y reflexivo, y que lleva asociados procesos creativos que otorgan un papel activo y protagonista a la persona contribuyendo a mejorar su autoestima.<\/p>\n<p>Tambi\u00e9n son conocidos los beneficios del arte como generador de cohesi\u00f3n social aumentando la participaci\u00f3n social y generaci\u00f3n de v\u00ednculos.\u00a0<\/p>\n<p>[\/et_pb_text][et_pb_image src=\u00bbhttps:\/\/diversos.gal\/wp-content\/uploads\/2022\/05\/la-juventud-crea-mas-ti-02.jpg\u00bb title_text=\u00bbla-juventud-crea-mas-ti-02&#8243; align=\u00bbcenter\u00bb _builder_version=\u00bb4.17.3&#8243; _module_preset=\u00bbdefault\u00bb custom_margin=\u00bb||59px|||\u00bb global_colors_info=\u00bb{}\u00bb][\/et_pb_image][et_pb_text _builder_version=\u00bb4.17.3&#8243; _module_preset=\u00bbdefault\u00bb header_3_text_color=\u00bb#bababa\u00bb text_orientation=\u00bbjustified\u00bb global_colors_info=\u00bb{}\u00bb]<\/p>\n<h3>OBJETIVO GENERAL<\/h3>\n<p>Propiciar espacios de participaci\u00f3n, ocio creativo, arte e inclusi\u00f3n cultural que fomenten procesos de desarrollo personal y colaborativos de trabajo en equipo.<\/p>\n<p>&nbsp;<\/p>\n<h3>OBJETIVOS ESPECIFICOS<\/h3>\n<p>Favorecer a trav\u00e9s de los procesos creativos un beneficio f\u00edsico y psicol\u00f3gico, que a su vez, aumenta el grado de autonom\u00eda, motivaci\u00f3n, reconocimiento personal y autoestima.<br \/>Elaborar una propuesta de formaci\u00f3n art\u00edstica grupal e interdisciplinar para j\u00f3venes, personas con diversidad funcional y j\u00f3venes en riesgo de exclusi\u00f3n<\/p>\n<p>&nbsp;<\/p>\n<h3>BENEFICIARIOS<\/h3>\n<p>J\u00f3venes entre 14 y 18 a\u00f1os. 45 plazas en total.<br \/>30 prazas 15 por cada instituto.<br \/>15 plazas para los miembros de las asociaciones.<\/p>\n<p>&nbsp;<\/p>\n<p>[\/et_pb_text][et_pb_image src=\u00bbhttps:\/\/diversos.gal\/wp-content\/uploads\/2022\/05\/la-juventud-crea-mas-ti-03.jpg\u00bb title_text=\u00bbla-juventud-crea-mas-ti-03&#8243; align=\u00bbcenter\u00bb _builder_version=\u00bb4.17.3&#8243; _module_preset=\u00bbdefault\u00bb global_colors_info=\u00bb{}\u00bb][\/et_pb_image][et_pb_text _builder_version=\u00bb4.17.3&#8243; _module_preset=\u00bbdefault\u00bb header_3_text_color=\u00bb#bababa\u00bb text_orientation=\u00bbjustified\u00bb global_colors_info=\u00bb{}\u00bb]<\/p>\n<h3>ACTIVIDADES Y METODOLOG\u00cdA<\/h3>\n<p>1.1 Construyendo sue\u00f1os. Explorar sobre las inquietudes vitales, a trav\u00e9s de la narrativa, se plasmar\u00e1n a trav\u00e9s de las artes visuales, pl\u00e1sticas, instalaciones y m\u00fasica creada por los propi@s alumn@s para crear la atm\u00f3sfera sonora de las exposiciones todo ello ser\u00e1 documentado a trav\u00e9s de un documental.<br \/>12 Reinventa tu Ciudad. Crear una ciudad m\u00e1s adaptada para los j\u00f3venes?<\/p>\n<p>Resultado: Propuesta creativa de ciudad m\u00e1s adaptada a los j\u00f3venes a trav\u00e9s de maquetas, de instalaciones que generen debate, intervenci\u00f3n urban\u00edstica.<br \/>1.3 \u00bfAmi qui\u00e9n me entiende?\u00bfMe entiendo yo? Hoy en d\u00eda la adolescencia es la edad incomprendida, tanto por la sociedad, como por la familia como por ellos mismos en sus b\u00fasquedas profesionales y vitales. Esto crea una dificultad con la tolerancia a la frustraci\u00f3n. se crear\u00e1n dispositivos art\u00edsticos, esc\u00e9nicos y corporales que expresen sus miedos.<br \/>1.4 La escuela un m\u00faseo. Los trabajos, creaciones, dispositivos se expondr\u00e1n en los institutos convirtiendo a la escuela en un m\u00faseo, Tras el trabajo de exploraci\u00f3n, los creadores y alumnos seleccionar\u00e1n el material m\u00e1s interesante, textos, esculturas, dibujos y murales, m\u00e1scaras, videocreaciones, fotograf\u00edas y textos, material de movimiento para performances\u2026<br \/>Aqu\u00ed comenzar\u00e1 el trabajo de montajes de las exposiciones, y la comunicaci\u00f3n con carteles, d\u00edpticos y ruedas de prensa dise\u00f1ados por ellos mismos para los visitantes que acudan una vez se abran los espacios a la ciudadan\u00eda.<\/p>\n<p>Se optar\u00e1 por una metodolog\u00eda participativa y experiencial, los creadores tendr\u00e1n o rol de acompa\u00f1ar y apoyar a los j\u00f3venes a trav\u00e9s de las herramientas metodol\u00f3gicas, art\u00edsticas y materiales para hacer realidad los imaginarios propios de cada un de los alumnos( artes pl\u00e1sticas, audiovisuais, sonoras,<br \/>escultura).<\/p>\n<p>[\/et_pb_text][et_pb_image src=\u00bbhttps:\/\/diversos.gal\/wp-content\/uploads\/2022\/05\/la-juventud-crea-mas-ti-05.jpg\u00bb title_text=\u00bbla-juventud-crea-mas-ti-05&#8243; align=\u00bbcenter\u00bb _builder_version=\u00bb4.17.3&#8243; _module_preset=\u00bbdefault\u00bb custom_margin=\u00bb||50px|||\u00bb global_colors_info=\u00bb{}\u00bb][\/et_pb_image][et_pb_text _builder_version=\u00bb4.17.3&#8243; _module_preset=\u00bbdefault\u00bb header_3_text_color=\u00bb#bababa\u00bb text_orientation=\u00bbjustified\u00bb custom_margin=\u00bb28px|||||\u00bb global_colors_info=\u00bb{}\u00bb]<\/p>\n<h3>NECESIDADES POR PARTE DE LOS CENTROS Y ASOCIACIONES<\/h3>\n<p>Los centros participantes deben adquirir ciertos compromisos como: indicar profesores de referencia que pasan a formar parte del proyecto, reuni\u00f3n de diagn\u00f3stico previa con el equipo del proyecto para conocer la idiosincrasia del centro y su contexto, y reuni\u00f3n previa a la exposici\u00f3n para coordinar el montaje de la exposici\u00f3n.<\/p>\n<p>&nbsp;<\/p>\n<h3>RESULTADOS<\/h3>\n<p>Creadas a trav\u00e9s de herramientas art\u00edsticas interconexi\u00f3n entre os alumnos, potenciando sus capacidades art\u00edsticas e intelectuales ocultas o no reconocidas.<br \/>Generado a trav\u00e9s de la diversidad social y cultural un lazo de uni\u00f3n que busque un lenguaje com\u00fan a trav\u00e9s das Artes, creando comunicaci\u00f3n y compa\u00f1erismo.<br \/>Promovido el desarrollo personal de los J\u00f3venes participantes. Propiciados espacios de participaci\u00f3n, ocio creativo as\u00ed como arte e inclusi\u00f3n social.<br \/>Impulsado el trabajo inclusivo en equipo, logrando generar lazos relacionales y adquisici\u00f3n de h\u00e1bitos, valores y conductas positivas respeto a la vida grupal aportando a su vez un beneficio f\u00edsico y psicol\u00f3gico, autonom\u00eda , reconocimiento personal y autoestima.<\/p>\n<p>[\/et_pb_text][et_pb_text _builder_version=\u00bb4.17.3&#8243; _module_preset=\u00bbdefault\u00bb header_3_text_color=\u00bb#bababa\u00bb text_orientation=\u00bbjustified\u00bb global_colors_info=\u00bb{}\u00bb]<\/p>\n<h3>ARTISTAS INVITADOS<\/h3>\n<p>Tambi\u00e9n van a colaborar en el proyecto artistas invitados en la mayor\u00eda de provincia de Lugo que vendr\u00e1n a compartir sus experiencias art\u00edsticas.<br \/><strong>Mar\u00eda V\u00e1zquez. Teatro<\/strong><br \/><strong>Davide Salvado. M\u00fasica<\/strong><br \/><strong>Bea Palomero. Grabado<\/strong><br \/><strong>Maria Tome. Decorados y Artes Pl\u00e1sticas<\/strong><br \/><strong>Laura la Montagne. M\u00fasica.<\/strong><br \/><strong>Cristina Vilari\u00f1o. Gestora Cultural<\/strong><br \/><strong>Mar\u00eda Gar. Grabado.<\/strong><br \/><strong>Oliver Laxe. Cine (pendiente de confirmaci\u00f3n) <\/strong><\/p>\n<p>[\/et_pb_text][\/et_pb_column][\/et_pb_row][et_pb_row _builder_version=\u00bb4.17.3&#8243; _module_preset=\u00bbdefault\u00bb global_colors_info=\u00bb{}\u00bb][et_pb_column type=\u00bb4_4&#8243; _builder_version=\u00bb4.17.3&#8243; _module_preset=\u00bbdefault\u00bb global_colors_info=\u00bb{}\u00bb][et_pb_button button_url=\u00bbhttps:\/\/diversos.gal\/wp-content\/uploads\/2022\/05\/Proyecto-La-juventud-crea-mas-ti-web.pdf\u00bb url_new_window=\u00bbon\u00bb button_text=\u00bbDescargar Dossier PDF %22La Juventud Crea + Ti%22&#8243; button_alignment=\u00bbcenter\u00bb _builder_version=\u00bb4.17.3&#8243; _module_preset=\u00bbdefault\u00bb custom_button=\u00bbon\u00bb button_text_color=\u00bb#FFFFFF\u00bb button_bg_color=\u00bb#353535&#8243; button_border_color=\u00bb#353535&#8243; global_colors_info=\u00bb{}\u00bb][\/et_pb_button][\/et_pb_column][\/et_pb_row][\/et_pb_section]<\/p>\n","protected":false},"excerpt":{"rendered":"<p>&nbsp; &nbsp; &nbsp; &nbsp; &nbsp; &nbsp; &nbsp; &nbsp; &nbsp; &nbsp; &nbsp; &nbsp; &nbsp; &nbsp;DESCRIPCI\u00d3N DE LA ENTIDAD La asociaci\u00f3n cultural para la inclusi\u00f3n social, tiene como fin promover el conocimiento de las artes esc\u00e9nicas y audiovisuales, as\u00ed como facilitar la integraci\u00f3n de colectivos excluidos o en riesgo de exclusi\u00f3n, a trav\u00e9s de las artes esc\u00e9nicas [&hellip;]<\/p>\n","protected":false},"author":1,"featured_media":373,"parent":0,"menu_order":0,"comment_status":"closed","ping_status":"closed","template":"","meta":{"_et_pb_use_builder":"on","_et_pb_old_content":"","_et_gb_content_width":"","footnotes":""},"class_list":["post-371","page","type-page","status-publish","has-post-thumbnail","hentry"],"yoast_head":"<!-- This site is optimized with the Yoast SEO plugin v27.2 - https:\/\/yoast.com\/product\/yoast-seo-wordpress\/ -->\n<title>La juventud crea + ti - Diversos, Asocicaci\u00f3n Cultural para la Integraci\u00f3n Social<\/title>\n<meta name=\"robots\" content=\"index, follow, max-snippet:-1, max-image-preview:large, max-video-preview:-1\" \/>\n<link rel=\"canonical\" href=\"https:\/\/diversos.gal\/es\/la-juventud-crea-mas-ti\/\" \/>\n<meta property=\"og:locale\" content=\"es_ES\" \/>\n<meta property=\"og:type\" content=\"article\" \/>\n<meta property=\"og:title\" content=\"La juventud crea + ti - Diversos, Asocicaci\u00f3n Cultural para la Integraci\u00f3n Social\" \/>\n<meta property=\"og:description\" content=\"&nbsp; &nbsp; &nbsp; &nbsp; &nbsp; &nbsp; &nbsp; &nbsp; &nbsp; &nbsp; &nbsp; &nbsp; &nbsp; &nbsp;DESCRIPCI\u00d3N DE LA ENTIDAD La asociaci\u00f3n cultural para la inclusi\u00f3n social, tiene como fin promover el conocimiento de las artes esc\u00e9nicas y audiovisuales, as\u00ed como facilitar la integraci\u00f3n de colectivos excluidos o en riesgo de exclusi\u00f3n, a trav\u00e9s de las artes esc\u00e9nicas [&hellip;]\" \/>\n<meta property=\"og:url\" content=\"https:\/\/diversos.gal\/es\/la-juventud-crea-mas-ti\/\" \/>\n<meta property=\"og:site_name\" content=\"Diversos, Asocicaci\u00f3n Cultural para la Integraci\u00f3n Social\" \/>\n<meta property=\"article:modified_time\" content=\"2022-10-31T09:16:31+00:00\" \/>\n<meta property=\"og:image\" content=\"https:\/\/diversos.gal\/wp-content\/uploads\/2022\/05\/la-juventud-crea.jpg\" \/>\n\t<meta property=\"og:image:width\" content=\"500\" \/>\n\t<meta property=\"og:image:height\" content=\"500\" \/>\n\t<meta property=\"og:image:type\" content=\"image\/jpeg\" \/>\n<meta name=\"twitter:card\" content=\"summary_large_image\" \/>\n<meta name=\"twitter:label1\" content=\"Tiempo de lectura\" \/>\n\t<meta name=\"twitter:data1\" content=\"10 minutos\" \/>\n<script type=\"application\/ld+json\" class=\"yoast-schema-graph\">{\"@context\":\"https:\/\/schema.org\",\"@graph\":[{\"@type\":\"WebPage\",\"@id\":\"https:\/\/diversos.gal\/es\/la-juventud-crea-mas-ti\/\",\"url\":\"https:\/\/diversos.gal\/es\/la-juventud-crea-mas-ti\/\",\"name\":\"La juventud crea + ti - Diversos, Asocicaci\u00f3n Cultural para la Integraci\u00f3n Social\",\"isPartOf\":{\"@id\":\"https:\/\/mediumturquoise-oyster-620936.hostingersite.com\/#website\"},\"primaryImageOfPage\":{\"@id\":\"https:\/\/diversos.gal\/es\/la-juventud-crea-mas-ti\/#primaryimage\"},\"image\":{\"@id\":\"https:\/\/diversos.gal\/es\/la-juventud-crea-mas-ti\/#primaryimage\"},\"thumbnailUrl\":\"https:\/\/diversos.gal\/wp-content\/uploads\/2022\/05\/la-juventud-crea.jpg\",\"datePublished\":\"2022-05-10T19:17:23+00:00\",\"dateModified\":\"2022-10-31T09:16:31+00:00\",\"breadcrumb\":{\"@id\":\"https:\/\/diversos.gal\/es\/la-juventud-crea-mas-ti\/#breadcrumb\"},\"inLanguage\":\"es\",\"potentialAction\":[{\"@type\":\"ReadAction\",\"target\":[\"https:\/\/diversos.gal\/es\/la-juventud-crea-mas-ti\/\"]}]},{\"@type\":\"ImageObject\",\"inLanguage\":\"es\",\"@id\":\"https:\/\/diversos.gal\/es\/la-juventud-crea-mas-ti\/#primaryimage\",\"url\":\"https:\/\/diversos.gal\/wp-content\/uploads\/2022\/05\/la-juventud-crea.jpg\",\"contentUrl\":\"https:\/\/diversos.gal\/wp-content\/uploads\/2022\/05\/la-juventud-crea.jpg\",\"width\":500,\"height\":500,\"caption\":\"la juventud crea\"},{\"@type\":\"BreadcrumbList\",\"@id\":\"https:\/\/diversos.gal\/es\/la-juventud-crea-mas-ti\/#breadcrumb\",\"itemListElement\":[{\"@type\":\"ListItem\",\"position\":1,\"name\":\"Portada\",\"item\":\"https:\/\/diversos.gal\/es\/\"},{\"@type\":\"ListItem\",\"position\":2,\"name\":\"La juventud crea + ti\"}]},{\"@type\":\"WebSite\",\"@id\":\"https:\/\/mediumturquoise-oyster-620936.hostingersite.com\/#website\",\"url\":\"https:\/\/mediumturquoise-oyster-620936.hostingersite.com\/\",\"name\":\"Diversos, Asocicaci\u00f3n Cultural para la Integraci\u00f3n Social\",\"description\":\"\",\"potentialAction\":[{\"@type\":\"SearchAction\",\"target\":{\"@type\":\"EntryPoint\",\"urlTemplate\":\"https:\/\/mediumturquoise-oyster-620936.hostingersite.com\/?s={search_term_string}\"},\"query-input\":{\"@type\":\"PropertyValueSpecification\",\"valueRequired\":true,\"valueName\":\"search_term_string\"}}],\"inLanguage\":\"es\"}]}<\/script>\n<!-- \/ Yoast SEO plugin. -->","yoast_head_json":{"title":"La juventud crea + ti - Diversos, Asocicaci\u00f3n Cultural para la Integraci\u00f3n Social","robots":{"index":"index","follow":"follow","max-snippet":"max-snippet:-1","max-image-preview":"max-image-preview:large","max-video-preview":"max-video-preview:-1"},"canonical":"https:\/\/diversos.gal\/es\/la-juventud-crea-mas-ti\/","og_locale":"es_ES","og_type":"article","og_title":"La juventud crea + ti - Diversos, Asocicaci\u00f3n Cultural para la Integraci\u00f3n Social","og_description":"&nbsp; &nbsp; &nbsp; &nbsp; &nbsp; &nbsp; &nbsp; &nbsp; &nbsp; &nbsp; &nbsp; &nbsp; &nbsp; &nbsp;DESCRIPCI\u00d3N DE LA ENTIDAD La asociaci\u00f3n cultural para la inclusi\u00f3n social, tiene como fin promover el conocimiento de las artes esc\u00e9nicas y audiovisuales, as\u00ed como facilitar la integraci\u00f3n de colectivos excluidos o en riesgo de exclusi\u00f3n, a trav\u00e9s de las artes esc\u00e9nicas [&hellip;]","og_url":"https:\/\/diversos.gal\/es\/la-juventud-crea-mas-ti\/","og_site_name":"Diversos, Asocicaci\u00f3n Cultural para la Integraci\u00f3n Social","article_modified_time":"2022-10-31T09:16:31+00:00","og_image":[{"width":500,"height":500,"url":"https:\/\/diversos.gal\/wp-content\/uploads\/2022\/05\/la-juventud-crea.jpg","type":"image\/jpeg"}],"twitter_card":"summary_large_image","twitter_misc":{"Tiempo de lectura":"10 minutos"},"schema":{"@context":"https:\/\/schema.org","@graph":[{"@type":"WebPage","@id":"https:\/\/diversos.gal\/es\/la-juventud-crea-mas-ti\/","url":"https:\/\/diversos.gal\/es\/la-juventud-crea-mas-ti\/","name":"La juventud crea + ti - Diversos, Asocicaci\u00f3n Cultural para la Integraci\u00f3n Social","isPartOf":{"@id":"https:\/\/mediumturquoise-oyster-620936.hostingersite.com\/#website"},"primaryImageOfPage":{"@id":"https:\/\/diversos.gal\/es\/la-juventud-crea-mas-ti\/#primaryimage"},"image":{"@id":"https:\/\/diversos.gal\/es\/la-juventud-crea-mas-ti\/#primaryimage"},"thumbnailUrl":"https:\/\/diversos.gal\/wp-content\/uploads\/2022\/05\/la-juventud-crea.jpg","datePublished":"2022-05-10T19:17:23+00:00","dateModified":"2022-10-31T09:16:31+00:00","breadcrumb":{"@id":"https:\/\/diversos.gal\/es\/la-juventud-crea-mas-ti\/#breadcrumb"},"inLanguage":"es","potentialAction":[{"@type":"ReadAction","target":["https:\/\/diversos.gal\/es\/la-juventud-crea-mas-ti\/"]}]},{"@type":"ImageObject","inLanguage":"es","@id":"https:\/\/diversos.gal\/es\/la-juventud-crea-mas-ti\/#primaryimage","url":"https:\/\/diversos.gal\/wp-content\/uploads\/2022\/05\/la-juventud-crea.jpg","contentUrl":"https:\/\/diversos.gal\/wp-content\/uploads\/2022\/05\/la-juventud-crea.jpg","width":500,"height":500,"caption":"la juventud crea"},{"@type":"BreadcrumbList","@id":"https:\/\/diversos.gal\/es\/la-juventud-crea-mas-ti\/#breadcrumb","itemListElement":[{"@type":"ListItem","position":1,"name":"Portada","item":"https:\/\/diversos.gal\/es\/"},{"@type":"ListItem","position":2,"name":"La juventud crea + ti"}]},{"@type":"WebSite","@id":"https:\/\/mediumturquoise-oyster-620936.hostingersite.com\/#website","url":"https:\/\/mediumturquoise-oyster-620936.hostingersite.com\/","name":"Diversos, Asocicaci\u00f3n Cultural para la Integraci\u00f3n Social","description":"","potentialAction":[{"@type":"SearchAction","target":{"@type":"EntryPoint","urlTemplate":"https:\/\/mediumturquoise-oyster-620936.hostingersite.com\/?s={search_term_string}"},"query-input":{"@type":"PropertyValueSpecification","valueRequired":true,"valueName":"search_term_string"}}],"inLanguage":"es"}]}},"_links":{"self":[{"href":"https:\/\/diversos.gal\/es\/wp-json\/wp\/v2\/pages\/371","targetHints":{"allow":["GET"]}}],"collection":[{"href":"https:\/\/diversos.gal\/es\/wp-json\/wp\/v2\/pages"}],"about":[{"href":"https:\/\/diversos.gal\/es\/wp-json\/wp\/v2\/types\/page"}],"author":[{"embeddable":true,"href":"https:\/\/diversos.gal\/es\/wp-json\/wp\/v2\/users\/1"}],"replies":[{"embeddable":true,"href":"https:\/\/diversos.gal\/es\/wp-json\/wp\/v2\/comments?post=371"}],"version-history":[{"count":12,"href":"https:\/\/diversos.gal\/es\/wp-json\/wp\/v2\/pages\/371\/revisions"}],"predecessor-version":[{"id":705,"href":"https:\/\/diversos.gal\/es\/wp-json\/wp\/v2\/pages\/371\/revisions\/705"}],"wp:featuredmedia":[{"embeddable":true,"href":"https:\/\/diversos.gal\/es\/wp-json\/wp\/v2\/media\/373"}],"wp:attachment":[{"href":"https:\/\/diversos.gal\/es\/wp-json\/wp\/v2\/media?parent=371"}],"curies":[{"name":"wp","href":"https:\/\/api.w.org\/{rel}","templated":true}]}}