{"id":369,"date":"2022-05-10T19:16:50","date_gmt":"2022-05-10T19:16:50","guid":{"rendered":"https:\/\/mediumturquoise-oyster-620936.hostingersite.com\/?page_id=369"},"modified":"2022-10-31T10:47:45","modified_gmt":"2022-10-31T10:47:45","slug":"distopia","status":"publish","type":"page","link":"https:\/\/diversos.gal\/es\/distopia\/","title":{"rendered":"Distop\u00eda"},"content":{"rendered":"<p>[et_pb_section fb_built=\u00bb1&#8243; fullwidth=\u00bbon\u00bb admin_label=\u00bbHeader Section\u00bb _builder_version=\u00bb4.18.1&#8243; _module_preset=\u00bbdefault\u00bb background_color=\u00bb#000000&#8243; custom_padding=\u00bb|||\u00bb hover_enabled=\u00bb0&#8243; global_colors_info=\u00bb{}\u00bb sticky_enabled=\u00bb0&#8243;][et_pb_fullwidth_header title=\u00bbDISTOP\u00cdA\u00bb subhead=\u00bbPROYECTOS EN CURSO\u00bb text_orientation=\u00bbcenter\u00bb header_fullscreen=\u00bbon\u00bb header_scroll_down=\u00bbon\u00bb scroll_down_icon=\u00bb%%2%%\u00bb scroll_down_icon_color=\u00bb#ffffff\u00bb background_overlay_color=\u00bbrgba(0,0,0,0.4)\u00bb content_max_width_last_edited=\u00bboff|desktop\u00bb admin_label=\u00bbContents\u00bb _builder_version=\u00bb4.18.1&#8243; _module_preset=\u00bbdefault\u00bb title_font=\u00bb|700||on|||||\u00bb title_text_align=\u00bbcenter\u00bb title_font_size=\u00bb70px\u00bb title_letter_spacing=\u00bb0.05em\u00bb title_line_height=\u00bb1.5em\u00bb content_line_height=\u00bb1.7em\u00bb subhead_font=\u00bbNunito|600|||||||\u00bb subhead_font_size=\u00bb17px\u00bb subhead_line_height=\u00bb1.9em\u00bb background_color=\u00bbrgba(255, 255, 255, 0)\u00bb background_image=\u00bbhttps:\/\/diversos.gal\/wp-content\/uploads\/2022\/10\/distopia-festival-festigual-2022.jpg\u00bb parallax=\u00bbon\u00bb parallax_method=\u00bbon\u00bb custom_button_one=\u00bbon\u00bb button_one_text_size=\u00bb15px\u00bb button_one_bg_color=\u00bb#dca57d\u00bb button_one_border_width=\u00bb10px\u00bb button_one_border_color=\u00bb#dca57d\u00bb button_one_border_radius=\u00bb0px\u00bb button_one_letter_spacing=\u00bb3px\u00bb button_one_font=\u00bbOswald|||on|\u00bb button_one_use_icon=\u00bboff\u00bb custom_margin=\u00bb||||false|false\u00bb animation_style=\u00bbfade\u00bb animation_starting_opacity=\u00bb50%\u00bb animation_speed_curve=\u00bbease-in\u00bb hover_enabled=\u00bb0&#8243; title_font_size_tablet=\u00bb60px\u00bb title_font_size_phone=\u00bb40px\u00bb title_font_size_last_edited=\u00bbon|tablet\u00bb button_one_border_color_hover=\u00bb#c99872&#8243; button_one_border_radius_hover=\u00bb0px\u00bb button_one_letter_spacing_hover=\u00bb3px\u00bb button_one_bg_color_hover=\u00bb#c99872&#8243; global_colors_info=\u00bb{}\u00bb button_one_text_size__hover_enabled=\u00bboff\u00bb button_two_text_size__hover_enabled=\u00bboff\u00bb button_one_text_color__hover_enabled=\u00bboff\u00bb button_two_text_color__hover_enabled=\u00bboff\u00bb button_one_border_width__hover_enabled=\u00bboff\u00bb button_two_border_width__hover_enabled=\u00bboff\u00bb button_one_border_color__hover_enabled=\u00bbon\u00bb button_one_border_color__hover=\u00bb#c99872&#8243; button_two_border_color__hover_enabled=\u00bboff\u00bb button_one_border_radius__hover_enabled=\u00bbon\u00bb button_one_border_radius__hover=\u00bb0px\u00bb button_two_border_radius__hover_enabled=\u00bboff\u00bb button_one_letter_spacing__hover_enabled=\u00bbon\u00bb button_one_letter_spacing__hover=\u00bb3px\u00bb button_two_letter_spacing__hover_enabled=\u00bboff\u00bb button_one_bg_color__hover_enabled=\u00bbon\u00bb button_one_bg_color__hover=\u00bb#c99872&#8243; button_two_bg_color__hover_enabled=\u00bboff\u00bb alt=\u00bbDistop\u00eda, Festival Festigual\u00bb title_text=\u00bbDistop\u00eda, Festival Festigual\u00bb sticky_enabled=\u00bb0&#8243;]<\/p>\n<p>&nbsp;<\/p>\n<p>&nbsp;<\/p>\n<p>&nbsp;<\/p>\n<p>&nbsp;<\/p>\n<p>&nbsp;<\/p>\n<p>&nbsp;<\/p>\n<p>&nbsp;<\/p>\n<p>&nbsp;<\/p>\n<p>&nbsp;<\/p>\n<p>&nbsp;<\/p>\n<p>&nbsp;<\/p>\n<p>&nbsp;<\/p>\n<p>&nbsp;<\/p>\n<p>&nbsp;<\/p>\n<p>[\/et_pb_fullwidth_header][\/et_pb_section][et_pb_section fb_built=\u00bb1&#8243; admin_label=\u00bbOur mission\u00bb _builder_version=\u00bb4.17.3&#8243; _module_preset=\u00bbdefault\u00bb background_color=\u00bbrgba(0,0,0,0.84)\u00bb background_image=\u00bbhttps:\/\/diversos.gal\/wp-content\/uploads\/2022\/05\/la-juventud-crea-mas-ti-05.jpg\u00bb background_blend=\u00bboverlay\u00bb hover_enabled=\u00bb0&#8243; locked=\u00bboff\u00bb global_colors_info=\u00bb{}\u00bb sticky_enabled=\u00bb0&#8243;][et_pb_row _builder_version=\u00bb4.17.3&#8243; _module_preset=\u00bbdefault\u00bb global_colors_info=\u00bb{}\u00bb][et_pb_column type=\u00bb4_4&#8243; _builder_version=\u00bb4.16&#8243; _module_preset=\u00bbdefault\u00bb global_colors_info=\u00bb{}\u00bb][et_pb_text _builder_version=\u00bb4.18.1&#8243; _module_preset=\u00bbdefault\u00bb link_text_color=\u00bb#c9c9c9&#8243; header_3_text_color=\u00bb#bababa\u00bb text_orientation=\u00bbjustified\u00bb hover_enabled=\u00bb0&#8243; global_colors_info=\u00bb{}\u00bb sticky_enabled=\u00bb0&#8243;]<\/p>\n<h3>DESCRIPCI\u00d3N DEL PROYECTO<\/h3>\n<p><span>Es un montaje sobre las dictaduras y su manipulaci\u00f3n del hombre. Nos muestra c\u00f3mo el pueblo se subleva contra ese sistema recuperando su lado animal, su lado instintivo. Es una producci\u00f3n creada espec\u00edficamente para el festival Festigual. Lo hacemos con la Banda Municipal de M\u00fasica de A Coru\u00f1a. Adem\u00e1s, con Juan Miguel Romero Llopis de director, que est\u00e1 siempre abierto a este tipo de propuestas. As\u00ed que somos 48 m\u00fasicos y 19 personas en escena.<\/span><\/p>\n<p><span><\/span><\/p>\n<h3><span style=\"font-size: medium;\"><strong>Estreno en Centro \u00c1gora (Coru\u00f1a) 27 de Octubre 2022\u00a0<\/strong><\/span><span><\/span><\/h3>\n<p>&nbsp;<\/p>\n<p>&nbsp;<\/p>\n<p>[\/et_pb_text][\/et_pb_column][\/et_pb_row][\/et_pb_section][et_pb_section fb_built=\u00bb1&#8243; admin_label=\u00bbGallery\u00bb _builder_version=\u00bb4.16&#8243; _module_preset=\u00bbdefault\u00bb background_color_gradient_direction=\u00bb90deg\u00bb custom_padding=\u00bb0px|0px|0px|0px\u00bb locked=\u00bboff\u00bb global_colors_info=\u00bb{}\u00bb][et_pb_row column_structure=\u00bb1_3,1_3,1_3&#8243; use_custom_gutter=\u00bbon\u00bb gutter_width=\u00bb1&#8243; make_equal=\u00bbon\u00bb admin_label=\u00bbBest Beans Row\u00bb module_class=\u00bb et_pb_row_fullwidth\u00bb _builder_version=\u00bb4.16&#8243; _module_preset=\u00bbdefault\u00bb width=\u00bb100%\u00bb width_tablet=\u00bb100%\u00bb width_phone=\u00bb100%\u00bb width_last_edited=\u00bbon|desktop\u00bb max_width=\u00bb100%\u00bb max_width_tablet=\u00bb100%\u00bb max_width_phone=\u00bb100%\u00bb max_width_last_edited=\u00bbon|desktop\u00bb custom_margin=\u00bb|||\u00bb custom_padding=\u00bb0px|0px|0px|0px\u00bb make_fullwidth=\u00bbon\u00bb global_colors_info=\u00bb{}\u00bb][et_pb_column type=\u00bb1_3&#8243; _builder_version=\u00bb4.16&#8243; _module_preset=\u00bbdefault\u00bb custom_padding=\u00bb|||\u00bb global_colors_info=\u00bb{}\u00bb custom_padding__hover=\u00bb|||\u00bb][et_pb_image src=\u00bbhttps:\/\/diversos.gal\/wp-content\/uploads\/2022\/05\/quienes-somos-01.jpg\u00bb title_text=\u00bbquienes-somos-01&#8243; force_fullwidth=\u00bbon\u00bb align_tablet=\u00bbcenter\u00bb align_phone=\u00bbcenter\u00bb align_last_edited=\u00bbon|desktop\u00bb _builder_version=\u00bb4.17.3&#8243; _module_preset=\u00bbdefault\u00bb locked=\u00bboff\u00bb global_colors_info=\u00bb{}\u00bb][\/et_pb_image][\/et_pb_column][et_pb_column type=\u00bb1_3&#8243; _builder_version=\u00bb4.16&#8243; _module_preset=\u00bbdefault\u00bb custom_padding=\u00bb|||\u00bb global_colors_info=\u00bb{}\u00bb custom_padding__hover=\u00bb|||\u00bb][et_pb_image src=\u00bbhttps:\/\/diversos.gal\/wp-content\/uploads\/2022\/05\/quienes-somos-03.jpg\u00bb title_text=\u00bbquienes-somos-03&#8243; force_fullwidth=\u00bbon\u00bb align_tablet=\u00bbcenter\u00bb align_phone=\u00bbcenter\u00bb align_last_edited=\u00bbon|desktop\u00bb _builder_version=\u00bb4.17.3&#8243; _module_preset=\u00bbdefault\u00bb global_colors_info=\u00bb{}\u00bb][\/et_pb_image][\/et_pb_column][et_pb_column type=\u00bb1_3&#8243; _builder_version=\u00bb4.16&#8243; _module_preset=\u00bbdefault\u00bb custom_padding=\u00bb|||\u00bb global_colors_info=\u00bb{}\u00bb custom_padding__hover=\u00bb|||\u00bb][et_pb_image src=\u00bbhttps:\/\/diversos.gal\/wp-content\/uploads\/2022\/05\/quienes-somos-02.jpg\u00bb title_text=\u00bbquienes-somos-02&#8243; force_fullwidth=\u00bbon\u00bb align_tablet=\u00bbcenter\u00bb align_phone=\u00bbcenter\u00bb align_last_edited=\u00bbon|desktop\u00bb _builder_version=\u00bb4.17.3&#8243; _module_preset=\u00bbdefault\u00bb locked=\u00bboff\u00bb global_colors_info=\u00bb{}\u00bb][\/et_pb_image][\/et_pb_column][\/et_pb_row][\/et_pb_section]<\/p>\n","protected":false},"excerpt":{"rendered":"<p>&nbsp; &nbsp; &nbsp; &nbsp; &nbsp; &nbsp; &nbsp; &nbsp; &nbsp; &nbsp; &nbsp; &nbsp; &nbsp; &nbsp;DESCRIPCI\u00d3N DEL PROYECTO Es un montaje sobre las dictaduras y su manipulaci\u00f3n del hombre. Nos muestra c\u00f3mo el pueblo se subleva contra ese sistema recuperando su lado animal, su lado instintivo. Es una producci\u00f3n creada espec\u00edficamente para el festival Festigual. Lo hacemos [&hellip;]<\/p>\n","protected":false},"author":1,"featured_media":375,"parent":0,"menu_order":0,"comment_status":"closed","ping_status":"closed","template":"","meta":{"_et_pb_use_builder":"on","_et_pb_old_content":"","_et_gb_content_width":"","footnotes":""},"class_list":["post-369","page","type-page","status-publish","has-post-thumbnail","hentry"],"yoast_head":"<!-- This site is optimized with the Yoast SEO plugin v27.2 - https:\/\/yoast.com\/product\/yoast-seo-wordpress\/ -->\n<title>Distop\u00eda - Diversos, Asocicaci\u00f3n Cultural para la Integraci\u00f3n Social<\/title>\n<meta name=\"robots\" content=\"index, follow, max-snippet:-1, max-image-preview:large, max-video-preview:-1\" \/>\n<link rel=\"canonical\" href=\"https:\/\/diversos.gal\/es\/distopia\/\" \/>\n<meta property=\"og:locale\" content=\"es_ES\" \/>\n<meta property=\"og:type\" content=\"article\" \/>\n<meta property=\"og:title\" content=\"Distop\u00eda - Diversos, Asocicaci\u00f3n Cultural para la Integraci\u00f3n Social\" \/>\n<meta property=\"og:description\" content=\"&nbsp; &nbsp; &nbsp; &nbsp; &nbsp; &nbsp; &nbsp; &nbsp; &nbsp; &nbsp; &nbsp; &nbsp; &nbsp; &nbsp;DESCRIPCI\u00d3N DEL PROYECTO Es un montaje sobre las dictaduras y su manipulaci\u00f3n del hombre. Nos muestra c\u00f3mo el pueblo se subleva contra ese sistema recuperando su lado animal, su lado instintivo. Es una producci\u00f3n creada espec\u00edficamente para el festival Festigual. Lo hacemos [&hellip;]\" \/>\n<meta property=\"og:url\" content=\"https:\/\/diversos.gal\/es\/distopia\/\" \/>\n<meta property=\"og:site_name\" content=\"Diversos, Asocicaci\u00f3n Cultural para la Integraci\u00f3n Social\" \/>\n<meta property=\"article:modified_time\" content=\"2022-10-31T10:47:45+00:00\" \/>\n<meta property=\"og:image\" content=\"https:\/\/diversos.gal\/wp-content\/uploads\/2022\/05\/distopia.jpg\" \/>\n\t<meta property=\"og:image:width\" content=\"500\" \/>\n\t<meta property=\"og:image:height\" content=\"500\" \/>\n\t<meta property=\"og:image:type\" content=\"image\/jpeg\" \/>\n<meta name=\"twitter:card\" content=\"summary_large_image\" \/>\n<meta name=\"twitter:label1\" content=\"Tiempo de lectura\" \/>\n\t<meta name=\"twitter:data1\" content=\"4 minutos\" \/>\n<script type=\"application\/ld+json\" class=\"yoast-schema-graph\">{\"@context\":\"https:\/\/schema.org\",\"@graph\":[{\"@type\":\"WebPage\",\"@id\":\"https:\/\/diversos.gal\/es\/distopia\/\",\"url\":\"https:\/\/diversos.gal\/es\/distopia\/\",\"name\":\"Distop\u00eda - Diversos, Asocicaci\u00f3n Cultural para la Integraci\u00f3n Social\",\"isPartOf\":{\"@id\":\"https:\/\/mediumturquoise-oyster-620936.hostingersite.com\/#website\"},\"primaryImageOfPage\":{\"@id\":\"https:\/\/diversos.gal\/es\/distopia\/#primaryimage\"},\"image\":{\"@id\":\"https:\/\/diversos.gal\/es\/distopia\/#primaryimage\"},\"thumbnailUrl\":\"https:\/\/diversos.gal\/wp-content\/uploads\/2022\/05\/distopia.jpg\",\"datePublished\":\"2022-05-10T19:16:50+00:00\",\"dateModified\":\"2022-10-31T10:47:45+00:00\",\"breadcrumb\":{\"@id\":\"https:\/\/diversos.gal\/es\/distopia\/#breadcrumb\"},\"inLanguage\":\"es\",\"potentialAction\":[{\"@type\":\"ReadAction\",\"target\":[\"https:\/\/diversos.gal\/es\/distopia\/\"]}]},{\"@type\":\"ImageObject\",\"inLanguage\":\"es\",\"@id\":\"https:\/\/diversos.gal\/es\/distopia\/#primaryimage\",\"url\":\"https:\/\/diversos.gal\/wp-content\/uploads\/2022\/05\/distopia.jpg\",\"contentUrl\":\"https:\/\/diversos.gal\/wp-content\/uploads\/2022\/05\/distopia.jpg\",\"width\":500,\"height\":500,\"caption\":\"Distop\u00eda\"},{\"@type\":\"BreadcrumbList\",\"@id\":\"https:\/\/diversos.gal\/es\/distopia\/#breadcrumb\",\"itemListElement\":[{\"@type\":\"ListItem\",\"position\":1,\"name\":\"Portada\",\"item\":\"https:\/\/diversos.gal\/es\/\"},{\"@type\":\"ListItem\",\"position\":2,\"name\":\"Distop\u00eda\"}]},{\"@type\":\"WebSite\",\"@id\":\"https:\/\/mediumturquoise-oyster-620936.hostingersite.com\/#website\",\"url\":\"https:\/\/mediumturquoise-oyster-620936.hostingersite.com\/\",\"name\":\"Diversos, Asocicaci\u00f3n Cultural para la Integraci\u00f3n Social\",\"description\":\"\",\"potentialAction\":[{\"@type\":\"SearchAction\",\"target\":{\"@type\":\"EntryPoint\",\"urlTemplate\":\"https:\/\/mediumturquoise-oyster-620936.hostingersite.com\/?s={search_term_string}\"},\"query-input\":{\"@type\":\"PropertyValueSpecification\",\"valueRequired\":true,\"valueName\":\"search_term_string\"}}],\"inLanguage\":\"es\"}]}<\/script>\n<!-- \/ Yoast SEO plugin. -->","yoast_head_json":{"title":"Distop\u00eda - Diversos, Asocicaci\u00f3n Cultural para la Integraci\u00f3n Social","robots":{"index":"index","follow":"follow","max-snippet":"max-snippet:-1","max-image-preview":"max-image-preview:large","max-video-preview":"max-video-preview:-1"},"canonical":"https:\/\/diversos.gal\/es\/distopia\/","og_locale":"es_ES","og_type":"article","og_title":"Distop\u00eda - Diversos, Asocicaci\u00f3n Cultural para la Integraci\u00f3n Social","og_description":"&nbsp; &nbsp; &nbsp; &nbsp; &nbsp; &nbsp; &nbsp; &nbsp; &nbsp; &nbsp; &nbsp; &nbsp; &nbsp; &nbsp;DESCRIPCI\u00d3N DEL PROYECTO Es un montaje sobre las dictaduras y su manipulaci\u00f3n del hombre. Nos muestra c\u00f3mo el pueblo se subleva contra ese sistema recuperando su lado animal, su lado instintivo. Es una producci\u00f3n creada espec\u00edficamente para el festival Festigual. Lo hacemos [&hellip;]","og_url":"https:\/\/diversos.gal\/es\/distopia\/","og_site_name":"Diversos, Asocicaci\u00f3n Cultural para la Integraci\u00f3n Social","article_modified_time":"2022-10-31T10:47:45+00:00","og_image":[{"width":500,"height":500,"url":"https:\/\/diversos.gal\/wp-content\/uploads\/2022\/05\/distopia.jpg","type":"image\/jpeg"}],"twitter_card":"summary_large_image","twitter_misc":{"Tiempo de lectura":"4 minutos"},"schema":{"@context":"https:\/\/schema.org","@graph":[{"@type":"WebPage","@id":"https:\/\/diversos.gal\/es\/distopia\/","url":"https:\/\/diversos.gal\/es\/distopia\/","name":"Distop\u00eda - Diversos, Asocicaci\u00f3n Cultural para la Integraci\u00f3n Social","isPartOf":{"@id":"https:\/\/mediumturquoise-oyster-620936.hostingersite.com\/#website"},"primaryImageOfPage":{"@id":"https:\/\/diversos.gal\/es\/distopia\/#primaryimage"},"image":{"@id":"https:\/\/diversos.gal\/es\/distopia\/#primaryimage"},"thumbnailUrl":"https:\/\/diversos.gal\/wp-content\/uploads\/2022\/05\/distopia.jpg","datePublished":"2022-05-10T19:16:50+00:00","dateModified":"2022-10-31T10:47:45+00:00","breadcrumb":{"@id":"https:\/\/diversos.gal\/es\/distopia\/#breadcrumb"},"inLanguage":"es","potentialAction":[{"@type":"ReadAction","target":["https:\/\/diversos.gal\/es\/distopia\/"]}]},{"@type":"ImageObject","inLanguage":"es","@id":"https:\/\/diversos.gal\/es\/distopia\/#primaryimage","url":"https:\/\/diversos.gal\/wp-content\/uploads\/2022\/05\/distopia.jpg","contentUrl":"https:\/\/diversos.gal\/wp-content\/uploads\/2022\/05\/distopia.jpg","width":500,"height":500,"caption":"Distop\u00eda"},{"@type":"BreadcrumbList","@id":"https:\/\/diversos.gal\/es\/distopia\/#breadcrumb","itemListElement":[{"@type":"ListItem","position":1,"name":"Portada","item":"https:\/\/diversos.gal\/es\/"},{"@type":"ListItem","position":2,"name":"Distop\u00eda"}]},{"@type":"WebSite","@id":"https:\/\/mediumturquoise-oyster-620936.hostingersite.com\/#website","url":"https:\/\/mediumturquoise-oyster-620936.hostingersite.com\/","name":"Diversos, Asocicaci\u00f3n Cultural para la Integraci\u00f3n Social","description":"","potentialAction":[{"@type":"SearchAction","target":{"@type":"EntryPoint","urlTemplate":"https:\/\/mediumturquoise-oyster-620936.hostingersite.com\/?s={search_term_string}"},"query-input":{"@type":"PropertyValueSpecification","valueRequired":true,"valueName":"search_term_string"}}],"inLanguage":"es"}]}},"_links":{"self":[{"href":"https:\/\/diversos.gal\/es\/wp-json\/wp\/v2\/pages\/369","targetHints":{"allow":["GET"]}}],"collection":[{"href":"https:\/\/diversos.gal\/es\/wp-json\/wp\/v2\/pages"}],"about":[{"href":"https:\/\/diversos.gal\/es\/wp-json\/wp\/v2\/types\/page"}],"author":[{"embeddable":true,"href":"https:\/\/diversos.gal\/es\/wp-json\/wp\/v2\/users\/1"}],"replies":[{"embeddable":true,"href":"https:\/\/diversos.gal\/es\/wp-json\/wp\/v2\/comments?post=369"}],"version-history":[{"count":7,"href":"https:\/\/diversos.gal\/es\/wp-json\/wp\/v2\/pages\/369\/revisions"}],"predecessor-version":[{"id":731,"href":"https:\/\/diversos.gal\/es\/wp-json\/wp\/v2\/pages\/369\/revisions\/731"}],"wp:featuredmedia":[{"embeddable":true,"href":"https:\/\/diversos.gal\/es\/wp-json\/wp\/v2\/media\/375"}],"wp:attachment":[{"href":"https:\/\/diversos.gal\/es\/wp-json\/wp\/v2\/media?parent=369"}],"curies":[{"name":"wp","href":"https:\/\/api.w.org\/{rel}","templated":true}]}}