{"id":366,"date":"2022-05-10T19:00:15","date_gmt":"2022-05-10T19:00:15","guid":{"rendered":"https:\/\/mediumturquoise-oyster-620936.hostingersite.com\/?page_id=366"},"modified":"2022-06-10T10:27:35","modified_gmt":"2022-06-10T10:27:35","slug":"compania-5s","status":"publish","type":"page","link":"https:\/\/diversos.gal\/es\/compania-5s\/","title":{"rendered":"Compa\u00f1\u00eda 5s"},"content":{"rendered":"<p>[et_pb_section fb_built=\u00bb1&#8243; fullwidth=\u00bbon\u00bb admin_label=\u00bbHeader Section\u00bb _builder_version=\u00bb4.17.3&#8243; _module_preset=\u00bbdefault\u00bb background_color=\u00bb#000000&#8243; custom_padding=\u00bb|||\u00bb global_colors_info=\u00bb{}\u00bb][et_pb_fullwidth_header title=\u00bbCOMPA\u00d1\u00cdA 5s\u00bb subhead=\u00bbCompa\u00f1\u00eda Multidisplinar de Arte Inclusivo, Danza, Teatro y M\u00fasica.\u00bb text_orientation=\u00bbcenter\u00bb header_fullscreen=\u00bbon\u00bb header_scroll_down=\u00bbon\u00bb scroll_down_icon=\u00bb%%2%%\u00bb scroll_down_icon_color=\u00bb#ffffff\u00bb background_overlay_color=\u00bbrgba(0,0,0,0.4)\u00bb content_max_width_last_edited=\u00bboff|desktop\u00bb admin_label=\u00bbContents\u00bb _builder_version=\u00bb4.17.4&#8243; _module_preset=\u00bbdefault\u00bb title_font=\u00bb|700||on|||||\u00bb title_text_align=\u00bbcenter\u00bb title_font_size=\u00bb70px\u00bb title_letter_spacing=\u00bb0.05em\u00bb title_line_height=\u00bb1.5em\u00bb content_line_height=\u00bb1.7em\u00bb subhead_font=\u00bbNunito|600|||||||\u00bb subhead_font_size=\u00bb17px\u00bb subhead_line_height=\u00bb1.9em\u00bb background_color=\u00bbrgba(255, 255, 255, 0)\u00bb background_image=\u00bbhttps:\/\/diversos.gal\/wp-content\/uploads\/2022\/06\/asociacion-diversos.jpg\u00bb parallax=\u00bbon\u00bb parallax_method=\u00bbon\u00bb custom_button_one=\u00bbon\u00bb button_one_text_size=\u00bb15px\u00bb button_one_bg_color=\u00bb#dca57d\u00bb button_one_border_width=\u00bb10px\u00bb button_one_border_color=\u00bb#dca57d\u00bb button_one_border_radius=\u00bb0px\u00bb button_one_letter_spacing=\u00bb3px\u00bb button_one_font=\u00bbOswald|||on|\u00bb button_one_use_icon=\u00bboff\u00bb custom_margin=\u00bb||||false|false\u00bb animation_style=\u00bbfade\u00bb animation_starting_opacity=\u00bb50%\u00bb animation_speed_curve=\u00bbease-in\u00bb hover_enabled=\u00bb0&#8243; title_font_size_tablet=\u00bb60px\u00bb title_font_size_phone=\u00bb40px\u00bb title_font_size_last_edited=\u00bbon|tablet\u00bb button_one_border_color_hover=\u00bb#c99872&#8243; button_one_border_radius_hover=\u00bb0px\u00bb button_one_letter_spacing_hover=\u00bb3px\u00bb button_one_bg_color_hover=\u00bb#c99872&#8243; global_colors_info=\u00bb{}\u00bb button_one_text_size__hover_enabled=\u00bboff\u00bb button_two_text_size__hover_enabled=\u00bboff\u00bb button_one_text_color__hover_enabled=\u00bboff\u00bb button_two_text_color__hover_enabled=\u00bboff\u00bb button_one_border_width__hover_enabled=\u00bboff\u00bb button_two_border_width__hover_enabled=\u00bboff\u00bb button_one_border_color__hover_enabled=\u00bbon\u00bb button_one_border_color__hover=\u00bb#c99872&#8243; button_two_border_color__hover_enabled=\u00bboff\u00bb button_one_border_radius__hover_enabled=\u00bbon\u00bb button_one_border_radius__hover=\u00bb0px\u00bb button_two_border_radius__hover_enabled=\u00bboff\u00bb button_one_letter_spacing__hover_enabled=\u00bbon\u00bb button_one_letter_spacing__hover=\u00bb3px\u00bb button_two_letter_spacing__hover_enabled=\u00bboff\u00bb button_one_bg_color__hover_enabled=\u00bbon\u00bb button_one_bg_color__hover=\u00bb#c99872&#8243; button_two_bg_color__hover_enabled=\u00bboff\u00bb alt=\u00bbAsociaci\u00f3n diversos\u00bb title_text=\u00bbAsociaci\u00f3n diversos\u00bb sticky_enabled=\u00bb0&#8243;]<\/p>\n<p>&nbsp;<\/p>\n<p>&nbsp;<\/p>\n<p>&nbsp;<\/p>\n<p>&nbsp;<\/p>\n<p>&nbsp;<\/p>\n<p>&nbsp;<\/p>\n<p>&nbsp;<\/p>\n<p>&nbsp;<\/p>\n<p>&nbsp;<\/p>\n<p>&nbsp;<\/p>\n<p>&nbsp;<\/p>\n<p>&nbsp;<\/p>\n<p>&nbsp;<\/p>\n<p>&nbsp;<\/p>\n<p>[\/et_pb_fullwidth_header][\/et_pb_section][et_pb_section fb_built=\u00bb1&#8243; admin_label=\u00bbOur mission\u00bb _builder_version=\u00bb4.17.3&#8243; _module_preset=\u00bbdefault\u00bb background_color=\u00bbrgba(0,0,0,0.84)\u00bb background_image=\u00bbhttps:\/\/diversos.gal\/wp-content\/uploads\/2022\/05\/mi-lugar-fondo.jpg\u00bb background_blend=\u00bboverlay\u00bb locked=\u00bboff\u00bb global_colors_info=\u00bb{}\u00bb][et_pb_row column_structure=\u00bb1_2,1_2&#8243; _builder_version=\u00bb4.17.3&#8243; _module_preset=\u00bbdefault\u00bb global_colors_info=\u00bb{}\u00bb][et_pb_column type=\u00bb1_2&#8243; _builder_version=\u00bb4.16&#8243; _module_preset=\u00bbdefault\u00bb global_colors_info=\u00bb{}\u00bb][et_pb_text _builder_version=\u00bb4.17.4&#8243; _module_preset=\u00bbdefault\u00bb link_text_color=\u00bb#c9c9c9&#8243; header_3_text_color=\u00bb#bababa\u00bb text_orientation=\u00bbjustified\u00bb global_colors_info=\u00bb{}\u00bb]<\/p>\n<h3>COMPA\u00d1\u00cdA 5s<\/h3>\n<p>5s, alude a los cinco sentidos, los sentidos que a trav\u00e9s de los que nos comunicamos con los dem\u00e1s, los sentidos que nos mueven. Un lugar para compartir emociones desde la vista, con el o\u00eddo a trav\u00e9s de la m\u00fasica, los olores, el tacto, y el gusto.<\/p>\n<p>Una compa\u00f1\u00eda que pretende profesionalizar el Arte en comunidad y con ello normalizar la diversidad funcional, escuchar a personas de diferentes culturas, crear redes entre otros proyectos y plataformas y unir toda persona a trav\u00e9s de la Creaci\u00f3n, no una creaci\u00f3n dirigida sino una creaci\u00f3n propia, un lenguaje art\u00edstico aut\u00e9ntico, que respeta la identidad de cada persona y de cada colectivo y comparte saberes e intereres.<\/p>\n<p>[\/et_pb_text][\/et_pb_column][et_pb_column type=\u00bb1_2&#8243; _builder_version=\u00bb4.16&#8243; _module_preset=\u00bbdefault\u00bb global_colors_info=\u00bb{}\u00bb][et_pb_text _builder_version=\u00bb4.17.4&#8243; _module_preset=\u00bbdefault\u00bb link_text_color=\u00bb#c9c9c9&#8243; header_3_text_color=\u00bb#bababa\u00bb text_orientation=\u00bbjustified\u00bb global_colors_info=\u00bb{}\u00bb]<\/p>\n<h3>OBJETIVOS<\/h3>\n<ul>\n<li dir=\"ltr\">\n<p dir=\"ltr\">Visibiliizar el Arte y el talento creativo de personas con diversidad funcional.<\/p>\n<\/li>\n<li dir=\"ltr\">\n<p dir=\"ltr\">Normalizar la diversidad en circuitos culturales e intentar desitequetar<\/p>\n<\/li>\n<li dir=\"ltr\">\n<p dir=\"ltr\">Salirse de la endogamia de las asociaciones y permitir a trav\u00e9s de proyectos inclusivos y comunitarios dar acceso a todo tipo de persona dedicada o con necesidad de enfocar su profesi\u00f3n a trav\u00e9s del arte.<\/p>\n<\/li>\n<li dir=\"ltr\">\n<p dir=\"ltr\">Profesionalizar la inclusi\u00f3n social y las Artes, permitiendo dar acceso al mercado laboral cultural a personas con necesidades especiales.<\/p>\n<\/li>\n<li dir=\"ltr\">\n<p dir=\"ltr\">Incluir, buscar lazos de uni\u00f3n y de respeto y de aprendizaje para toda persona.<\/p>\n<\/li>\n<\/ul>\n<p>[\/et_pb_text][\/et_pb_column][\/et_pb_row][et_pb_row _builder_version=\u00bb4.17.3&#8243; _module_preset=\u00bbdefault\u00bb global_colors_info=\u00bb{}\u00bb][et_pb_column type=\u00bb4_4&#8243; _builder_version=\u00bb4.16&#8243; _module_preset=\u00bbdefault\u00bb global_colors_info=\u00bb{}\u00bb][et_pb_image src=\u00bbhttps:\/\/diversos.gal\/wp-content\/uploads\/2022\/06\/compania-5s-danza.jpg\u00bb title_text=\u00bbCompa\u00f1ia 5s Danza\u00bb _builder_version=\u00bb4.17.4&#8243; _module_preset=\u00bbdefault\u00bb hover_enabled=\u00bb0&#8243; global_colors_info=\u00bb{}\u00bb alt=\u00bbCompa\u00f1ia 5s Danza\u00bb sticky_enabled=\u00bb0&#8243;][\/et_pb_image][\/et_pb_column][\/et_pb_row][\/et_pb_section]<\/p>\n","protected":false},"excerpt":{"rendered":"<p>&nbsp; &nbsp; &nbsp; &nbsp; &nbsp; &nbsp; &nbsp; &nbsp; &nbsp; &nbsp; &nbsp; &nbsp; &nbsp; &nbsp;COMPA\u00d1\u00cdA 5s 5s, alude a los cinco sentidos, los sentidos que a trav\u00e9s de los que nos comunicamos con los dem\u00e1s, los sentidos que nos mueven. Un lugar para compartir emociones desde la vista, con el o\u00eddo a trav\u00e9s de la m\u00fasica, [&hellip;]<\/p>\n","protected":false},"author":1,"featured_media":368,"parent":0,"menu_order":0,"comment_status":"closed","ping_status":"closed","template":"","meta":{"_et_pb_use_builder":"on","_et_pb_old_content":"","_et_gb_content_width":"","footnotes":""},"class_list":["post-366","page","type-page","status-publish","has-post-thumbnail","hentry"],"yoast_head":"<!-- This site is optimized with the Yoast SEO plugin v27.2 - https:\/\/yoast.com\/product\/yoast-seo-wordpress\/ -->\n<title>Compa\u00f1\u00eda 5s - Diversos, Asocicaci\u00f3n Cultural para la Integraci\u00f3n Social<\/title>\n<meta name=\"robots\" content=\"index, follow, max-snippet:-1, max-image-preview:large, max-video-preview:-1\" \/>\n<link rel=\"canonical\" href=\"https:\/\/diversos.gal\/es\/compania-5s\/\" \/>\n<meta property=\"og:locale\" content=\"es_ES\" \/>\n<meta property=\"og:type\" content=\"article\" \/>\n<meta property=\"og:title\" content=\"Compa\u00f1\u00eda 5s - Diversos, Asocicaci\u00f3n Cultural para la Integraci\u00f3n Social\" \/>\n<meta property=\"og:description\" content=\"&nbsp; &nbsp; &nbsp; &nbsp; &nbsp; &nbsp; &nbsp; &nbsp; &nbsp; &nbsp; &nbsp; &nbsp; &nbsp; &nbsp;COMPA\u00d1\u00cdA 5s 5s, alude a los cinco sentidos, los sentidos que a trav\u00e9s de los que nos comunicamos con los dem\u00e1s, los sentidos que nos mueven. Un lugar para compartir emociones desde la vista, con el o\u00eddo a trav\u00e9s de la m\u00fasica, [&hellip;]\" \/>\n<meta property=\"og:url\" content=\"https:\/\/diversos.gal\/es\/compania-5s\/\" \/>\n<meta property=\"og:site_name\" content=\"Diversos, Asocicaci\u00f3n Cultural para la Integraci\u00f3n Social\" \/>\n<meta property=\"article:modified_time\" content=\"2022-06-10T10:27:35+00:00\" \/>\n<meta property=\"og:image\" content=\"https:\/\/diversos.gal\/wp-content\/uploads\/2022\/05\/compania-5s-carlota-perez.jpg\" \/>\n\t<meta property=\"og:image:width\" content=\"500\" \/>\n\t<meta property=\"og:image:height\" content=\"500\" \/>\n\t<meta property=\"og:image:type\" content=\"image\/jpeg\" \/>\n<meta name=\"twitter:card\" content=\"summary_large_image\" \/>\n<meta name=\"twitter:label1\" content=\"Tiempo de lectura\" \/>\n\t<meta name=\"twitter:data1\" content=\"4 minutos\" \/>\n<script type=\"application\/ld+json\" class=\"yoast-schema-graph\">{\"@context\":\"https:\/\/schema.org\",\"@graph\":[{\"@type\":\"WebPage\",\"@id\":\"https:\/\/diversos.gal\/es\/compania-5s\/\",\"url\":\"https:\/\/diversos.gal\/es\/compania-5s\/\",\"name\":\"Compa\u00f1\u00eda 5s - Diversos, Asocicaci\u00f3n Cultural para la Integraci\u00f3n Social\",\"isPartOf\":{\"@id\":\"https:\/\/mediumturquoise-oyster-620936.hostingersite.com\/#website\"},\"primaryImageOfPage\":{\"@id\":\"https:\/\/diversos.gal\/es\/compania-5s\/#primaryimage\"},\"image\":{\"@id\":\"https:\/\/diversos.gal\/es\/compania-5s\/#primaryimage\"},\"thumbnailUrl\":\"https:\/\/diversos.gal\/wp-content\/uploads\/2022\/05\/compania-5s-carlota-perez.jpg\",\"datePublished\":\"2022-05-10T19:00:15+00:00\",\"dateModified\":\"2022-06-10T10:27:35+00:00\",\"breadcrumb\":{\"@id\":\"https:\/\/diversos.gal\/es\/compania-5s\/#breadcrumb\"},\"inLanguage\":\"es\",\"potentialAction\":[{\"@type\":\"ReadAction\",\"target\":[\"https:\/\/diversos.gal\/es\/compania-5s\/\"]}]},{\"@type\":\"ImageObject\",\"inLanguage\":\"es\",\"@id\":\"https:\/\/diversos.gal\/es\/compania-5s\/#primaryimage\",\"url\":\"https:\/\/diversos.gal\/wp-content\/uploads\/2022\/05\/compania-5s-carlota-perez.jpg\",\"contentUrl\":\"https:\/\/diversos.gal\/wp-content\/uploads\/2022\/05\/compania-5s-carlota-perez.jpg\",\"width\":500,\"height\":500,\"caption\":\"Compa\u00f1\u00eda 5s\"},{\"@type\":\"BreadcrumbList\",\"@id\":\"https:\/\/diversos.gal\/es\/compania-5s\/#breadcrumb\",\"itemListElement\":[{\"@type\":\"ListItem\",\"position\":1,\"name\":\"Portada\",\"item\":\"https:\/\/diversos.gal\/es\/\"},{\"@type\":\"ListItem\",\"position\":2,\"name\":\"Compa\u00f1\u00eda 5s\"}]},{\"@type\":\"WebSite\",\"@id\":\"https:\/\/mediumturquoise-oyster-620936.hostingersite.com\/#website\",\"url\":\"https:\/\/mediumturquoise-oyster-620936.hostingersite.com\/\",\"name\":\"Diversos, Asocicaci\u00f3n Cultural para la Integraci\u00f3n Social\",\"description\":\"\",\"potentialAction\":[{\"@type\":\"SearchAction\",\"target\":{\"@type\":\"EntryPoint\",\"urlTemplate\":\"https:\/\/mediumturquoise-oyster-620936.hostingersite.com\/?s={search_term_string}\"},\"query-input\":{\"@type\":\"PropertyValueSpecification\",\"valueRequired\":true,\"valueName\":\"search_term_string\"}}],\"inLanguage\":\"es\"}]}<\/script>\n<!-- \/ Yoast SEO plugin. -->","yoast_head_json":{"title":"Compa\u00f1\u00eda 5s - Diversos, Asocicaci\u00f3n Cultural para la Integraci\u00f3n Social","robots":{"index":"index","follow":"follow","max-snippet":"max-snippet:-1","max-image-preview":"max-image-preview:large","max-video-preview":"max-video-preview:-1"},"canonical":"https:\/\/diversos.gal\/es\/compania-5s\/","og_locale":"es_ES","og_type":"article","og_title":"Compa\u00f1\u00eda 5s - Diversos, Asocicaci\u00f3n Cultural para la Integraci\u00f3n Social","og_description":"&nbsp; &nbsp; &nbsp; &nbsp; &nbsp; &nbsp; &nbsp; &nbsp; &nbsp; &nbsp; &nbsp; &nbsp; &nbsp; &nbsp;COMPA\u00d1\u00cdA 5s 5s, alude a los cinco sentidos, los sentidos que a trav\u00e9s de los que nos comunicamos con los dem\u00e1s, los sentidos que nos mueven. Un lugar para compartir emociones desde la vista, con el o\u00eddo a trav\u00e9s de la m\u00fasica, [&hellip;]","og_url":"https:\/\/diversos.gal\/es\/compania-5s\/","og_site_name":"Diversos, Asocicaci\u00f3n Cultural para la Integraci\u00f3n Social","article_modified_time":"2022-06-10T10:27:35+00:00","og_image":[{"width":500,"height":500,"url":"https:\/\/diversos.gal\/wp-content\/uploads\/2022\/05\/compania-5s-carlota-perez.jpg","type":"image\/jpeg"}],"twitter_card":"summary_large_image","twitter_misc":{"Tiempo de lectura":"4 minutos"},"schema":{"@context":"https:\/\/schema.org","@graph":[{"@type":"WebPage","@id":"https:\/\/diversos.gal\/es\/compania-5s\/","url":"https:\/\/diversos.gal\/es\/compania-5s\/","name":"Compa\u00f1\u00eda 5s - Diversos, Asocicaci\u00f3n Cultural para la Integraci\u00f3n Social","isPartOf":{"@id":"https:\/\/mediumturquoise-oyster-620936.hostingersite.com\/#website"},"primaryImageOfPage":{"@id":"https:\/\/diversos.gal\/es\/compania-5s\/#primaryimage"},"image":{"@id":"https:\/\/diversos.gal\/es\/compania-5s\/#primaryimage"},"thumbnailUrl":"https:\/\/diversos.gal\/wp-content\/uploads\/2022\/05\/compania-5s-carlota-perez.jpg","datePublished":"2022-05-10T19:00:15+00:00","dateModified":"2022-06-10T10:27:35+00:00","breadcrumb":{"@id":"https:\/\/diversos.gal\/es\/compania-5s\/#breadcrumb"},"inLanguage":"es","potentialAction":[{"@type":"ReadAction","target":["https:\/\/diversos.gal\/es\/compania-5s\/"]}]},{"@type":"ImageObject","inLanguage":"es","@id":"https:\/\/diversos.gal\/es\/compania-5s\/#primaryimage","url":"https:\/\/diversos.gal\/wp-content\/uploads\/2022\/05\/compania-5s-carlota-perez.jpg","contentUrl":"https:\/\/diversos.gal\/wp-content\/uploads\/2022\/05\/compania-5s-carlota-perez.jpg","width":500,"height":500,"caption":"Compa\u00f1\u00eda 5s"},{"@type":"BreadcrumbList","@id":"https:\/\/diversos.gal\/es\/compania-5s\/#breadcrumb","itemListElement":[{"@type":"ListItem","position":1,"name":"Portada","item":"https:\/\/diversos.gal\/es\/"},{"@type":"ListItem","position":2,"name":"Compa\u00f1\u00eda 5s"}]},{"@type":"WebSite","@id":"https:\/\/mediumturquoise-oyster-620936.hostingersite.com\/#website","url":"https:\/\/mediumturquoise-oyster-620936.hostingersite.com\/","name":"Diversos, Asocicaci\u00f3n Cultural para la Integraci\u00f3n Social","description":"","potentialAction":[{"@type":"SearchAction","target":{"@type":"EntryPoint","urlTemplate":"https:\/\/mediumturquoise-oyster-620936.hostingersite.com\/?s={search_term_string}"},"query-input":{"@type":"PropertyValueSpecification","valueRequired":true,"valueName":"search_term_string"}}],"inLanguage":"es"}]}},"_links":{"self":[{"href":"https:\/\/diversos.gal\/es\/wp-json\/wp\/v2\/pages\/366","targetHints":{"allow":["GET"]}}],"collection":[{"href":"https:\/\/diversos.gal\/es\/wp-json\/wp\/v2\/pages"}],"about":[{"href":"https:\/\/diversos.gal\/es\/wp-json\/wp\/v2\/types\/page"}],"author":[{"embeddable":true,"href":"https:\/\/diversos.gal\/es\/wp-json\/wp\/v2\/users\/1"}],"replies":[{"embeddable":true,"href":"https:\/\/diversos.gal\/es\/wp-json\/wp\/v2\/comments?post=366"}],"version-history":[{"count":4,"href":"https:\/\/diversos.gal\/es\/wp-json\/wp\/v2\/pages\/366\/revisions"}],"predecessor-version":[{"id":671,"href":"https:\/\/diversos.gal\/es\/wp-json\/wp\/v2\/pages\/366\/revisions\/671"}],"wp:featuredmedia":[{"embeddable":true,"href":"https:\/\/diversos.gal\/es\/wp-json\/wp\/v2\/media\/368"}],"wp:attachment":[{"href":"https:\/\/diversos.gal\/es\/wp-json\/wp\/v2\/media?parent=366"}],"curies":[{"name":"wp","href":"https:\/\/api.w.org\/{rel}","templated":true}]}}