{"id":358,"date":"2022-05-10T18:47:12","date_gmt":"2022-05-10T18:47:12","guid":{"rendered":"https:\/\/mediumturquoise-oyster-620936.hostingersite.com\/?page_id=358"},"modified":"2022-05-13T00:13:08","modified_gmt":"2022-05-13T00:13:08","slug":"mi-lugar","status":"publish","type":"page","link":"https:\/\/diversos.gal\/es\/mi-lugar\/","title":{"rendered":"Mi Lugar"},"content":{"rendered":"<p>[et_pb_section fb_built=\u00bb1&#8243; fullwidth=\u00bbon\u00bb admin_label=\u00bbHeader Section\u00bb _builder_version=\u00bb4.17.3&#8243; _module_preset=\u00bbdefault\u00bb background_color=\u00bb#000000&#8243; custom_padding=\u00bb|||\u00bb global_colors_info=\u00bb{}\u00bb][et_pb_fullwidth_header title=\u00bbMI LUGAR\u00bb subhead=\u00bbPROYECTOS EN CURSO\u00bb text_orientation=\u00bbcenter\u00bb header_fullscreen=\u00bbon\u00bb header_scroll_down=\u00bbon\u00bb scroll_down_icon=\u00bb%%2%%\u00bb scroll_down_icon_color=\u00bb#ffffff\u00bb background_overlay_color=\u00bbrgba(0,0,0,0.4)\u00bb content_max_width_last_edited=\u00bboff|desktop\u00bb admin_label=\u00bbContents\u00bb _builder_version=\u00bb4.17.3&#8243; _module_preset=\u00bbdefault\u00bb title_font=\u00bb|700||on|||||\u00bb title_text_align=\u00bbcenter\u00bb title_font_size=\u00bb70px\u00bb title_letter_spacing=\u00bb0.05em\u00bb title_line_height=\u00bb1.5em\u00bb content_line_height=\u00bb1.7em\u00bb subhead_font=\u00bbNunito|600|||||||\u00bb subhead_font_size=\u00bb17px\u00bb subhead_line_height=\u00bb1.9em\u00bb background_color=\u00bbrgba(255, 255, 255, 0)\u00bb background_image=\u00bbhttps:\/\/diversos.gal\/wp-content\/uploads\/2022\/05\/mi-lugar-big.jpg\u00bb parallax=\u00bbon\u00bb parallax_method=\u00bbon\u00bb custom_button_one=\u00bbon\u00bb button_one_text_size=\u00bb15px\u00bb button_one_bg_color=\u00bb#dca57d\u00bb button_one_border_width=\u00bb10px\u00bb button_one_border_color=\u00bb#dca57d\u00bb button_one_border_radius=\u00bb0px\u00bb button_one_letter_spacing=\u00bb3px\u00bb button_one_font=\u00bbOswald|||on|\u00bb button_one_use_icon=\u00bboff\u00bb custom_margin=\u00bb||||false|false\u00bb animation_style=\u00bbfade\u00bb animation_starting_opacity=\u00bb50%\u00bb animation_speed_curve=\u00bbease-in\u00bb title_font_size_tablet=\u00bb60px\u00bb title_font_size_phone=\u00bb40px\u00bb title_font_size_last_edited=\u00bbon|tablet\u00bb button_one_border_color_hover=\u00bb#c99872&#8243; button_one_border_radius_hover=\u00bb0px\u00bb button_one_letter_spacing_hover=\u00bb3px\u00bb button_one_bg_color_hover=\u00bb#c99872&#8243; global_colors_info=\u00bb{}\u00bb button_one_text_size__hover_enabled=\u00bboff\u00bb button_two_text_size__hover_enabled=\u00bboff\u00bb button_one_text_color__hover_enabled=\u00bboff\u00bb button_two_text_color__hover_enabled=\u00bboff\u00bb button_one_border_width__hover_enabled=\u00bboff\u00bb button_two_border_width__hover_enabled=\u00bboff\u00bb button_one_border_color__hover_enabled=\u00bbon\u00bb button_one_border_color__hover=\u00bb#c99872&#8243; button_two_border_color__hover_enabled=\u00bboff\u00bb button_one_border_radius__hover_enabled=\u00bbon\u00bb button_one_border_radius__hover=\u00bb0px\u00bb button_two_border_radius__hover_enabled=\u00bboff\u00bb button_one_letter_spacing__hover_enabled=\u00bbon\u00bb button_one_letter_spacing__hover=\u00bb3px\u00bb button_two_letter_spacing__hover_enabled=\u00bboff\u00bb button_one_bg_color__hover_enabled=\u00bbon\u00bb button_one_bg_color__hover=\u00bb#c99872&#8243; button_two_bg_color__hover_enabled=\u00bboff\u00bb]<\/p>\n<p>&nbsp;<\/p>\n<p>&nbsp;<\/p>\n<p>&nbsp;<\/p>\n<p>&nbsp;<\/p>\n<p>&nbsp;<\/p>\n<p>&nbsp;<\/p>\n<p>&nbsp;<\/p>\n<p>&nbsp;<\/p>\n<p>&nbsp;<\/p>\n<p>&nbsp;<\/p>\n<p>&nbsp;<\/p>\n<p>&nbsp;<\/p>\n<p>&nbsp;<\/p>\n<p>&nbsp;<\/p>\n<p>[\/et_pb_fullwidth_header][\/et_pb_section][et_pb_section fb_built=\u00bb1&#8243; admin_label=\u00bbOur mission\u00bb _builder_version=\u00bb4.17.3&#8243; _module_preset=\u00bbdefault\u00bb background_color=\u00bbrgba(0,0,0,0.84)\u00bb background_image=\u00bbhttps:\/\/diversos.gal\/wp-content\/uploads\/2022\/05\/mi-lugar-fondo.jpg\u00bb background_blend=\u00bboverlay\u00bb hover_enabled=\u00bb0&#8243; locked=\u00bboff\u00bb global_colors_info=\u00bb{}\u00bb title_text=\u00bbmi-lugar-fondo\u00bb sticky_enabled=\u00bb0&#8243;][et_pb_row _builder_version=\u00bb4.17.3&#8243; _module_preset=\u00bbdefault\u00bb global_colors_info=\u00bb{}\u00bb][et_pb_column type=\u00bb4_4&#8243; _builder_version=\u00bb4.16&#8243; _module_preset=\u00bbdefault\u00bb global_colors_info=\u00bb{}\u00bb][et_pb_text _builder_version=\u00bb4.17.3&#8243; _module_preset=\u00bbdefault\u00bb link_text_color=\u00bb#c9c9c9&#8243; header_3_text_color=\u00bb#bababa\u00bb text_orientation=\u00bbjustified\u00bb global_colors_info=\u00bb{}\u00bb]<\/p>\n<h3>INTRODUCCI\u00d3N<\/h3>\n<p>La palabra teatro viene del griego \u201cTheatr\u00f3n\u201d o \u201clugar para contemplar\u201d. Es el arte de representar historias frente a un p\u00fablico. Es un espejo del alma humana. Teatro es conflicto. Si no hay conflicto, no hay teatro. Entender como otras personas diferentes a uno (personajes) se enfrentan a sus conflictos, es abrir la perspectiva para que uno pueda comprender y resolver sus propios conflictos a lo largo de la vida.<\/p>\n<p>Para los que lo practicamos, el teatro,\u00a0 tambi\u00e9n es una herramienta que fomenta el contacto con uno mismo ayud\u00e1ndonos a profundizar en nuestro interior, descubriendo nuestras capacidades y asumiendo y enfrentando\u00a0 las posibles dificultades. Sirve para desarrollar una mayor consciencia de las relaciones con el otro, con el grupo y con el espacio.<\/p>\n<p>&nbsp;<\/p>\n<p>[\/et_pb_text][et_pb_image src=\u00bbhttps:\/\/diversos.gal\/wp-content\/uploads\/2022\/05\/MG_0890.jpg\u00bb title_text=\u00bb_MG_0890&#8243; _builder_version=\u00bb4.17.3&#8243; _module_preset=\u00bbdefault\u00bb global_colors_info=\u00bb{}\u00bb][\/et_pb_image][et_pb_text _builder_version=\u00bb4.17.3&#8243; _module_preset=\u00bbdefault\u00bb header_3_text_color=\u00bb#bababa\u00bb text_orientation=\u00bbjustified\u00bb global_colors_info=\u00bb{}\u00bb]<\/p>\n<h3>CONTEXTO<\/h3>\n<p>Los seres humanos, inconscientemente, hemos construido un tipo de sociedad que se ha hecho aut\u00f3mata. Nos hemos ido transformando en prisioneros de un sistema impersonal, un sistema tecno-comercial que determina qu\u00e9 es lo que nos gusta, lo que debemos pensar, lo que debemos hacer y c\u00f3mo hacerlo.<\/p>\n<p>Hasta ahora la educaci\u00f3n ha estado al servicio de las necesidades del Estado, la creaci\u00f3n de la naci\u00f3n y el desarrollo de la ciudadan\u00eda. O por las necesidades de los mercados; que requieren el desarrollo de competencias demandadas por el sector productivo. Y las personas con diversidad funcional, entre otras, quedan, muchas veces, al margen de esta ecuaci\u00f3n. Ya que, en la mayor\u00eda de los casos, no son \u201c\u00fatiles\u201d dentro del sistema social productivo. Corren el riesgo de ser o de sentirse excluidos por la sociedad.<\/p>\n<p>&nbsp;<\/p>\n<p>&nbsp;<\/p>\n<h3>DE DONDE NACE ESTE PROYECTO\u00a0<\/h3>\n<p>Este proyecto nace de la necesidad de ofrecer un espacio creativo y de crecimiento en el \u00e1mbito teatral y de la danza\u00a0 a \u00a0personas con diversidad funcional y con diferentes capacidades. Un espacio donde puedan expresar con libertad, y a la vez desempe\u00f1ar un proceso formativo donde aprendan a gestionar\u00a0 las dificultades propias y al mismo tiempo se desarrollen sus capacidades creativas y personales. \u00a0Y as\u00ed contribuir en la construcci\u00f3n de un canal por donde estas personas puedan ofrecer algo valioso a la sociedad. Su arte.<\/p>\n<p>&nbsp;<\/p>\n<p>Para nosotros la formaci\u00f3n art\u00edstica es una herramienta muy potente que contribuye a mejorar y transformar el mundo que nos rodea. En este sentido, sabemos, por su apoyo en a\u00f1os anteriores, que las intenciones del Departamento de Pol\u00edticas sociales y Diversidades del ayuntamiento de Santiago de Compostela van en esta misma direcci\u00f3n.<\/p>\n<p>[\/et_pb_text][et_pb_image src=\u00bbhttps:\/\/diversos.gal\/wp-content\/uploads\/2022\/05\/MG_0473.jpg\u00bb title_text=\u00bb_MG_0473&#8243; align=\u00bbcenter\u00bb _builder_version=\u00bb4.17.3&#8243; _module_preset=\u00bbdefault\u00bb custom_margin=\u00bb||59px|||\u00bb global_colors_info=\u00bb{}\u00bb][\/et_pb_image][et_pb_text _builder_version=\u00bb4.17.3&#8243; _module_preset=\u00bbdefault\u00bb header_3_text_color=\u00bb#bababa\u00bb text_orientation=\u00bbjustified\u00bb global_colors_info=\u00bb{}\u00bb]<\/p>\n<h3>ARGUMENTO<\/h3>\n<p><strong>\u201cMi lugar\u201d <\/strong>es el viaje del heroe(El heroe, en este caso, es representado por el ser humano actual occidental). Entendido como un viaje en dos planos de conciencia. Por un lado, cuando se interrumpe por un factor externo, el mundo ordinario del heroe y se presenta un desafio o una misi\u00f3n que debe emprenderse. Y en el plano interno, el viaje que hace el ego a lo m\u00e1s oscuro del inconsciente para despues regresar a la esencia o al ser.<\/p>\n<p>&nbsp;<\/p>\n<p>En el viaje, el heroe, tendr\u00e1 que enfrentar obstaculos y se pondr\u00e1n a prueba sus habilidades o poderes. Y todo lo que ama se pondr\u00e1 en juego. Incluso su propia vida. Al final, el heroe tendr\u00e1 exito y la recompensa final puede ser literal o metaf\u00f3rica. Puede ser motivo de celebraci\u00f3n, autorrealizaci\u00f3n o el fin de las luchas, pero sea lo que sea representa tres cosas: Cambio, \u00e9xito y la prueba de su viaje. El heroe finalmente volvera al lugar donde comenzo, pero nada volver\u00e1 a ser igual.<\/p>\n<p>[\/et_pb_text][et_pb_image src=\u00bbhttps:\/\/diversos.gal\/wp-content\/uploads\/2022\/05\/mi-lugar-web-1.jpg\u00bb title_text=\u00bbmi-lugar-web\u00bb align=\u00bbcenter\u00bb _builder_version=\u00bb4.17.3&#8243; _module_preset=\u00bbdefault\u00bb custom_margin=\u00bb||65px|||\u00bb global_colors_info=\u00bb{}\u00bb][\/et_pb_image][et_pb_text _builder_version=\u00bb4.17.3&#8243; _module_preset=\u00bbdefault\u00bb header_3_text_color=\u00bb#bababa\u00bb text_orientation=\u00bbjustified\u00bb global_colors_info=\u00bb{}\u00bb]<\/p>\n<h3>Objetivos en la interpretaci\u00f3n:<\/h3>\n<ul>\n<li>Completar las bases fundamentales de la improvisaci\u00f3n introduciendo \u201cCircunstancias previas\u201d y \u201cCircunstancias de lugar\u201d. Reforzar y profundizar en el \u201cconflicto\u201d \u201cobjetivo\u201d \u201crelaci\u00f3n\u201d.<\/li>\n<li>Utilizando estas bases, practicar la construcci\u00f3n de \u201csituaciones\u201d que posteriormente improvisar\u00e1n. Orientando la elecci\u00f3n de estas \u201csituaciones\u201d hacia los temas de la obra.<\/li>\n<li>Desarrollar un proceso de trabajo con un material expecifico y en un contexto concretro que ponga a prueba las limitaciones y los limites individuales y grupales como medio de crecimiento personal y art\u00edstico del grupo.<\/li>\n<\/ul>\n<p>&nbsp;<\/p>\n<h3>Objetivos generales:<\/h3>\n<p><strong>\u00a0<\/strong>Profundizar en los diferentes lenguajes del arte de actuar.<\/p>\n<ul>\n<li>Investigar nuevos lenguajes en la creaci\u00f3n esc\u00e9nica.<\/li>\n<li>Mostrar el trabajo al p\u00fablico como parte final del proceso.<\/li>\n<li>Trabajar con el objetivo de alcanzar la mayor calidad art\u00edstica posible, dentro de los recursos que tenemos, para que el grupo logre cada vez ser m\u00e1s competitivo en circuitos de teatro amateur y profesional.<\/li>\n<li>Abrir canales de distribuci\u00f3n para lograr hacer el mayor n\u00famero de representaciones posibles y as\u00ed generar una mayor difusi\u00f3n del teatro inclusivo al p\u00fablico en general.<\/li>\n<li>Contribuir a consolidar la normalizaci\u00f3n de la diversidad en el \u00e1mbito de las artes escenicas.<\/li>\n<\/ul>\n<p>[\/et_pb_text][et_pb_image src=\u00bbhttps:\/\/diversos.gal\/wp-content\/uploads\/2022\/05\/victor-dupla-1.jpg\u00bb title_text=\u00bbvictor-dupla\u00bb align=\u00bbcenter\u00bb _builder_version=\u00bb4.17.3&#8243; _module_preset=\u00bbdefault\u00bb custom_margin=\u00bb||50px|||\u00bb global_colors_info=\u00bb{}\u00bb][\/et_pb_image][et_pb_text _builder_version=\u00bb4.17.3&#8243; _module_preset=\u00bbdefault\u00bb header_3_text_color=\u00bb#bababa\u00bb text_orientation=\u00bbjustified\u00bb custom_margin=\u00bb28px|||||\u00bb global_colors_info=\u00bb{}\u00bb]<\/p>\n<h3>DIRECTOR Y PROFESOR TALLER<\/h3>\n<h3>V\u00edctor Dupl\u00e1<\/h3>\n<p>&nbsp;<\/p>\n<h3>AYUDANTE DIRECCI\u00d3N Y PRODUCCI\u00d3N Y PROFESORA TALLER<\/h3>\n<h3>Mar\u00eda V\u00e1zquez<\/h3>\n<p>&nbsp;[\/et_pb_text][\/et_pb_column][\/et_pb_row][et_pb_row _builder_version=\u00bb4.17.3&#8243; _module_preset=\u00bbdefault\u00bb global_colors_info=\u00bb{}\u00bb][et_pb_column type=\u00bb4_4&#8243; _builder_version=\u00bb4.17.3&#8243; _module_preset=\u00bbdefault\u00bb global_colors_info=\u00bb{}\u00bb][et_pb_button button_url=\u00bbhttps:\/\/diversos.gal\/wp-content\/uploads\/2022\/05\/mi-lugar.pdf\u00bb url_new_window=\u00bbon\u00bb button_text=\u00bbDescargar Dossier PDF %22Mi Lugar%22&#8243; button_alignment=\u00bbcenter\u00bb _builder_version=\u00bb4.17.3&#8243; _module_preset=\u00bbdefault\u00bb custom_button=\u00bbon\u00bb button_text_color=\u00bb#FFFFFF\u00bb button_bg_color=\u00bb#353535&#8243; button_border_color=\u00bb#353535&#8243; global_colors_info=\u00bb{}\u00bb][\/et_pb_button][\/et_pb_column][\/et_pb_row][\/et_pb_section]<\/p>\n","protected":false},"excerpt":{"rendered":"<p>&nbsp; &nbsp; &nbsp; &nbsp; &nbsp; &nbsp; &nbsp; &nbsp; &nbsp; &nbsp; &nbsp; &nbsp; &nbsp; &nbsp;INTRODUCCI\u00d3N La palabra teatro viene del griego \u201cTheatr\u00f3n\u201d o \u201clugar para contemplar\u201d. Es el arte de representar historias frente a un p\u00fablico. Es un espejo del alma humana. Teatro es conflicto. Si no hay conflicto, no hay teatro. Entender como otras personas [&hellip;]<\/p>\n","protected":false},"author":1,"featured_media":362,"parent":0,"menu_order":0,"comment_status":"closed","ping_status":"closed","template":"","meta":{"_et_pb_use_builder":"on","_et_pb_old_content":"","_et_gb_content_width":"","footnotes":""},"class_list":["post-358","page","type-page","status-publish","has-post-thumbnail","hentry"],"yoast_head":"<!-- This site is optimized with the Yoast SEO plugin v27.2 - https:\/\/yoast.com\/product\/yoast-seo-wordpress\/ -->\n<title>Mi Lugar - Diversos, Asocicaci\u00f3n Cultural para la Integraci\u00f3n Social<\/title>\n<meta name=\"robots\" content=\"index, follow, max-snippet:-1, max-image-preview:large, max-video-preview:-1\" \/>\n<link rel=\"canonical\" href=\"https:\/\/diversos.gal\/es\/mi-lugar\/\" \/>\n<meta property=\"og:locale\" content=\"es_ES\" \/>\n<meta property=\"og:type\" content=\"article\" \/>\n<meta property=\"og:title\" content=\"Mi Lugar - Diversos, Asocicaci\u00f3n Cultural para la Integraci\u00f3n Social\" \/>\n<meta property=\"og:description\" content=\"&nbsp; &nbsp; &nbsp; &nbsp; &nbsp; &nbsp; &nbsp; &nbsp; &nbsp; &nbsp; &nbsp; &nbsp; &nbsp; &nbsp;INTRODUCCI\u00d3N La palabra teatro viene del griego \u201cTheatr\u00f3n\u201d o \u201clugar para contemplar\u201d. Es el arte de representar historias frente a un p\u00fablico. Es un espejo del alma humana. Teatro es conflicto. Si no hay conflicto, no hay teatro. Entender como otras personas [&hellip;]\" \/>\n<meta property=\"og:url\" content=\"https:\/\/diversos.gal\/es\/mi-lugar\/\" \/>\n<meta property=\"og:site_name\" content=\"Diversos, Asocicaci\u00f3n Cultural para la Integraci\u00f3n Social\" \/>\n<meta property=\"article:modified_time\" content=\"2022-05-13T00:13:08+00:00\" \/>\n<meta property=\"og:image\" content=\"https:\/\/diversos.gal\/wp-content\/uploads\/2022\/05\/mi-lugar.jpg\" \/>\n\t<meta property=\"og:image:width\" content=\"500\" \/>\n\t<meta property=\"og:image:height\" content=\"500\" \/>\n\t<meta property=\"og:image:type\" content=\"image\/jpeg\" \/>\n<meta name=\"twitter:card\" content=\"summary_large_image\" \/>\n<meta name=\"twitter:label1\" content=\"Tiempo de lectura\" \/>\n\t<meta name=\"twitter:data1\" content=\"8 minutos\" \/>\n<script type=\"application\/ld+json\" class=\"yoast-schema-graph\">{\"@context\":\"https:\/\/schema.org\",\"@graph\":[{\"@type\":\"WebPage\",\"@id\":\"https:\/\/diversos.gal\/es\/mi-lugar\/\",\"url\":\"https:\/\/diversos.gal\/es\/mi-lugar\/\",\"name\":\"Mi Lugar - Diversos, Asocicaci\u00f3n Cultural para la Integraci\u00f3n Social\",\"isPartOf\":{\"@id\":\"https:\/\/mediumturquoise-oyster-620936.hostingersite.com\/#website\"},\"primaryImageOfPage\":{\"@id\":\"https:\/\/diversos.gal\/es\/mi-lugar\/#primaryimage\"},\"image\":{\"@id\":\"https:\/\/diversos.gal\/es\/mi-lugar\/#primaryimage\"},\"thumbnailUrl\":\"https:\/\/diversos.gal\/wp-content\/uploads\/2022\/05\/mi-lugar.jpg\",\"datePublished\":\"2022-05-10T18:47:12+00:00\",\"dateModified\":\"2022-05-13T00:13:08+00:00\",\"breadcrumb\":{\"@id\":\"https:\/\/diversos.gal\/es\/mi-lugar\/#breadcrumb\"},\"inLanguage\":\"es\",\"potentialAction\":[{\"@type\":\"ReadAction\",\"target\":[\"https:\/\/diversos.gal\/es\/mi-lugar\/\"]}]},{\"@type\":\"ImageObject\",\"inLanguage\":\"es\",\"@id\":\"https:\/\/diversos.gal\/es\/mi-lugar\/#primaryimage\",\"url\":\"https:\/\/diversos.gal\/wp-content\/uploads\/2022\/05\/mi-lugar.jpg\",\"contentUrl\":\"https:\/\/diversos.gal\/wp-content\/uploads\/2022\/05\/mi-lugar.jpg\",\"width\":500,\"height\":500,\"caption\":\"Mi lugar\"},{\"@type\":\"BreadcrumbList\",\"@id\":\"https:\/\/diversos.gal\/es\/mi-lugar\/#breadcrumb\",\"itemListElement\":[{\"@type\":\"ListItem\",\"position\":1,\"name\":\"Portada\",\"item\":\"https:\/\/diversos.gal\/es\/\"},{\"@type\":\"ListItem\",\"position\":2,\"name\":\"Mi Lugar\"}]},{\"@type\":\"WebSite\",\"@id\":\"https:\/\/mediumturquoise-oyster-620936.hostingersite.com\/#website\",\"url\":\"https:\/\/mediumturquoise-oyster-620936.hostingersite.com\/\",\"name\":\"Diversos, Asocicaci\u00f3n Cultural para la Integraci\u00f3n Social\",\"description\":\"\",\"potentialAction\":[{\"@type\":\"SearchAction\",\"target\":{\"@type\":\"EntryPoint\",\"urlTemplate\":\"https:\/\/mediumturquoise-oyster-620936.hostingersite.com\/?s={search_term_string}\"},\"query-input\":{\"@type\":\"PropertyValueSpecification\",\"valueRequired\":true,\"valueName\":\"search_term_string\"}}],\"inLanguage\":\"es\"}]}<\/script>\n<!-- \/ Yoast SEO plugin. -->","yoast_head_json":{"title":"Mi Lugar - Diversos, Asocicaci\u00f3n Cultural para la Integraci\u00f3n Social","robots":{"index":"index","follow":"follow","max-snippet":"max-snippet:-1","max-image-preview":"max-image-preview:large","max-video-preview":"max-video-preview:-1"},"canonical":"https:\/\/diversos.gal\/es\/mi-lugar\/","og_locale":"es_ES","og_type":"article","og_title":"Mi Lugar - Diversos, Asocicaci\u00f3n Cultural para la Integraci\u00f3n Social","og_description":"&nbsp; &nbsp; &nbsp; &nbsp; &nbsp; &nbsp; &nbsp; &nbsp; &nbsp; &nbsp; &nbsp; &nbsp; &nbsp; &nbsp;INTRODUCCI\u00d3N La palabra teatro viene del griego \u201cTheatr\u00f3n\u201d o \u201clugar para contemplar\u201d. Es el arte de representar historias frente a un p\u00fablico. Es un espejo del alma humana. Teatro es conflicto. Si no hay conflicto, no hay teatro. Entender como otras personas [&hellip;]","og_url":"https:\/\/diversos.gal\/es\/mi-lugar\/","og_site_name":"Diversos, Asocicaci\u00f3n Cultural para la Integraci\u00f3n Social","article_modified_time":"2022-05-13T00:13:08+00:00","og_image":[{"width":500,"height":500,"url":"https:\/\/diversos.gal\/wp-content\/uploads\/2022\/05\/mi-lugar.jpg","type":"image\/jpeg"}],"twitter_card":"summary_large_image","twitter_misc":{"Tiempo de lectura":"8 minutos"},"schema":{"@context":"https:\/\/schema.org","@graph":[{"@type":"WebPage","@id":"https:\/\/diversos.gal\/es\/mi-lugar\/","url":"https:\/\/diversos.gal\/es\/mi-lugar\/","name":"Mi Lugar - Diversos, Asocicaci\u00f3n Cultural para la Integraci\u00f3n Social","isPartOf":{"@id":"https:\/\/mediumturquoise-oyster-620936.hostingersite.com\/#website"},"primaryImageOfPage":{"@id":"https:\/\/diversos.gal\/es\/mi-lugar\/#primaryimage"},"image":{"@id":"https:\/\/diversos.gal\/es\/mi-lugar\/#primaryimage"},"thumbnailUrl":"https:\/\/diversos.gal\/wp-content\/uploads\/2022\/05\/mi-lugar.jpg","datePublished":"2022-05-10T18:47:12+00:00","dateModified":"2022-05-13T00:13:08+00:00","breadcrumb":{"@id":"https:\/\/diversos.gal\/es\/mi-lugar\/#breadcrumb"},"inLanguage":"es","potentialAction":[{"@type":"ReadAction","target":["https:\/\/diversos.gal\/es\/mi-lugar\/"]}]},{"@type":"ImageObject","inLanguage":"es","@id":"https:\/\/diversos.gal\/es\/mi-lugar\/#primaryimage","url":"https:\/\/diversos.gal\/wp-content\/uploads\/2022\/05\/mi-lugar.jpg","contentUrl":"https:\/\/diversos.gal\/wp-content\/uploads\/2022\/05\/mi-lugar.jpg","width":500,"height":500,"caption":"Mi lugar"},{"@type":"BreadcrumbList","@id":"https:\/\/diversos.gal\/es\/mi-lugar\/#breadcrumb","itemListElement":[{"@type":"ListItem","position":1,"name":"Portada","item":"https:\/\/diversos.gal\/es\/"},{"@type":"ListItem","position":2,"name":"Mi Lugar"}]},{"@type":"WebSite","@id":"https:\/\/mediumturquoise-oyster-620936.hostingersite.com\/#website","url":"https:\/\/mediumturquoise-oyster-620936.hostingersite.com\/","name":"Diversos, Asocicaci\u00f3n Cultural para la Integraci\u00f3n Social","description":"","potentialAction":[{"@type":"SearchAction","target":{"@type":"EntryPoint","urlTemplate":"https:\/\/mediumturquoise-oyster-620936.hostingersite.com\/?s={search_term_string}"},"query-input":{"@type":"PropertyValueSpecification","valueRequired":true,"valueName":"search_term_string"}}],"inLanguage":"es"}]}},"_links":{"self":[{"href":"https:\/\/diversos.gal\/es\/wp-json\/wp\/v2\/pages\/358","targetHints":{"allow":["GET"]}}],"collection":[{"href":"https:\/\/diversos.gal\/es\/wp-json\/wp\/v2\/pages"}],"about":[{"href":"https:\/\/diversos.gal\/es\/wp-json\/wp\/v2\/types\/page"}],"author":[{"embeddable":true,"href":"https:\/\/diversos.gal\/es\/wp-json\/wp\/v2\/users\/1"}],"replies":[{"embeddable":true,"href":"https:\/\/diversos.gal\/es\/wp-json\/wp\/v2\/comments?post=358"}],"version-history":[{"count":8,"href":"https:\/\/diversos.gal\/es\/wp-json\/wp\/v2\/pages\/358\/revisions"}],"predecessor-version":[{"id":626,"href":"https:\/\/diversos.gal\/es\/wp-json\/wp\/v2\/pages\/358\/revisions\/626"}],"wp:featuredmedia":[{"embeddable":true,"href":"https:\/\/diversos.gal\/es\/wp-json\/wp\/v2\/media\/362"}],"wp:attachment":[{"href":"https:\/\/diversos.gal\/es\/wp-json\/wp\/v2\/media?parent=358"}],"curies":[{"name":"wp","href":"https:\/\/api.w.org\/{rel}","templated":true}]}}