{"id":3,"date":"2019-01-29T18:34:25","date_gmt":"2019-01-29T18:34:25","guid":{"rendered":"https:\/\/mediumturquoise-oyster-620936.hostingersite.com\/\/?page_id=3"},"modified":"2022-05-13T15:55:46","modified_gmt":"2022-05-13T15:55:46","slug":"politica-privacidad","status":"publish","type":"page","link":"https:\/\/diversos.gal\/es\/politica-privacidad\/","title":{"rendered":"Pol\u00edtica de Privacidad"},"content":{"rendered":"\r\n<div id=\"main-content\">\r\n<div class=\"container\">\r\n<div id=\"content-area\" class=\"clearfix\">\r\n<div id=\"left-area\">\r\n<article id=\"post-6271\" class=\"post-6271 page type-page status-publish hentry\">\r\n<div class=\"entry-content\">\r\n<p><strong>AVISO LEGAL:<\/strong><\/p>\r\n<div id=\"main-content\">\r\n<div class=\"container\">\r\n<div id=\"content-area\" class=\"clearfix\">\r\n<div id=\"left-area\">\r\n<article id=\"post-6271\" class=\"post-6271 page type-page status-publish hentry\">\r\n<div class=\"entry-content\">\r\n<p>En cumplimiento de la ley 34\/2002, del 11 de julio, de Servicios de la Sociedad de la informaci\u00f3n y del Comercio Electr\u00f3nico, le comunicamos la siguiente informaci\u00f3n:<\/p>\r\n<p>Titular del sitio web:<\/p>\r\n<p>Carlota P\u00e9rez Fern\u00e1ndez<br \/>46 904 515 V<br \/>R\u00faa Amargura, 13<br \/>15001 A Coru\u00f1a<br \/>A Coru\u00f1a<\/p>\r\n<p>&nbsp;<\/p>\r\n<hr \/>\r\n<p>&nbsp;<\/p>\r\n<p><strong>POL\u00cdTICA DE COOKIES<\/strong><\/p>\r\n<\/div>\r\n<\/article>\r\n<\/div>\r\n<\/div>\r\n<\/div>\r\n<\/div>\r\n<p>En la web\u00a0<span style=\"color: #000000;\"><a style=\"color: #000000;\" href=\"https:\/\/mediumturquoise-oyster-620936.hostingersite.com\/\">https:\/\/mediumturquoise-oyster-620936.hostingersite.com\/<\/a><\/span>\u00a0utilizamos cookies para facilitar la relaci\u00f3n de los visitantes con nuestro contenido y para permitir elaborar estad\u00edsticas sobre las visitantes que recibimos.<\/p>\r\n<p>En cumplimiento de la Directiva 2009\/136\/CE, desarrollada en nuestro ordenamiento por el apartado segundo del art\u00edculo 22 de la Ley de Servicios de Sociedad de la Informaci\u00f3n, siguiendo las directrices de la Agencia Espa\u00f1ola de Protecci\u00f3n de Datos, procedemos a informarle detalladamente del uso que se realiza en nuestra web.<\/p>\r\n<p>Se denominan cookies a unos peque\u00f1os archivos que se graban en el navegador utilizado por cada visitante de nuestra web para que el servidor pueda recordar la visita de ese usuario con posterioridad cuando vuelva a acceder a nuestros contenidos. Esta informaci\u00f3n no revela su identidad, ni dato personal alguno, ni accede al contenido almacenado en su pc, pero s\u00ed que permite a nuestro sistema identificarle a usted como un usuario determinado que ya visit\u00f3 la web con anterioridad, visualiz\u00f3 determinadas p\u00e1ginas, etc. y adem\u00e1s permite guardar sus preferencias personales e informaci\u00f3n t\u00e9cnica como por ejemplo las visitas realizadas o p\u00e1ginas concretas que visite.<\/p>\r\n<p>La finalidad de las cookies es la de facilitar al Usuario un acceso m\u00e1s r\u00e1pido a los Servicios seleccionados.<\/p>\r\n<p>Si no desea que se guarden cookies en su navegador o prefiere recibir una informaci\u00f3n cada vez que una cookie solicite instalarse, puede configurar sus opciones de navegaci\u00f3n para que se haga de esa forma. La mayor parte de los navegadores permiten la gesti\u00f3n de las cookies de 3 formas diferentes:<\/p>\r\n<ul>\r\n<li>Las cookies son siempre rechazadas;<\/li>\r\n<li>El navegador pregunta si el usuario desea instalar cada cookie;<\/li>\r\n<li>Las cookies son siempre aceptadas;<\/li>\r\n<\/ul>\r\n<p>Su navegador tambi\u00e9n puede incluir la posibilidad de seleccionar con detalle las cookies que desea que se instalen en su ordenador. En concreto, el usuario puede normalmente aceptar alguna de las siguientes opciones:<\/p>\r\n<ul>\r\n<li>rechazar las cookies de determinados dominios;<\/li>\r\n<li>rechazar las cookies de terceros;<\/li>\r\n<li>aceptar cookies como no persistentes (se eliminan cuando el navegador se cierra);<\/li>\r\n<li>permitir al servidor crear cookies para un dominio diferente.<\/li>\r\n<\/ul>\r\n<p><strong>Para permitir, conocer, bloquear o eliminar las cookies instaladas en su equipo puede hacerlo mediante la configuraci\u00f3n de las opciones del navegador instalado en su ordenador.<\/strong><\/p>\r\n<p>Puede encontrar informaci\u00f3n sobre c\u00f3mo configurar los navegadores m\u00e1s usados en las siguientes ubicaciones:<\/p>\r\n<ul>\r\n<li><strong>Internet Explorer<\/strong>: Herramientas -&gt; Opciones de Internet\u00a0-&gt; Privacidad\u00a0-&gt; Configuraci\u00f3n. Para m\u00e1s informaci\u00f3n, puede consultar el\u00a0<a href=\"http:\/\/windows.microsoft.com\/es-ES\/windows\/support\">soporte de Microsoft<\/a>\u00a0o la Ayuda del navegador.<\/li>\r\n<li><strong>Firefox<\/strong>: Herramientas\u00a0-&gt; Opciones\u00a0-&gt; Privacidad\u00a0-&gt; Historial\u00a0-&gt; Configuraci\u00f3n Personalizada. Para m\u00e1s informaci\u00f3n, puede consultar el\u00a0<a href=\"http:\/\/support.mozilla.org\/es\/home\">soporte de Mozilla<\/a>\u00a0o la Ayuda del navegador.<\/li>\r\n<li><strong>Chrome<\/strong>: Configuraci\u00f3n\u00a0-&gt; Mostrar opciones avanzadas\u00a0-&gt; Privacidad\u00a0-&gt; Configuraci\u00f3n de contenido. Para m\u00e1s informaci\u00f3n, puede consultar el\u00a0<a href=\"http:\/\/support.google.com\/chrome\/?hl=es\">soporte de Google<\/a>\u00a0o la Ayuda del navegador.<\/li>\r\n<li><strong>Safari<\/strong>: Preferencias\u00a0-&gt; Seguridad. Para m\u00e1s informaci\u00f3n, puede consultar el\u00a0<a href=\"http:\/\/www.apple.com\/es\/support\/safari\/\">soporte de Apple<\/a>\u00a0o la Ayuda del navegador.<\/li>\r\n<\/ul>\r\n<p>Respecto de las cookies de terceros, es decir aquellas que son ajenas a nuestro sitio web, no podemos hacernos responsables del contenido y veracidad de las pol\u00edticas de privacidad que ellos incluyen por lo que la informaci\u00f3n que le ofrecemos es siempre con referencia a la fuente.<\/p>\r\n<p>A continuaci\u00f3n le informamos detalladamente de las cookies que pueden instalarse desde nuestro sitio web. En funci\u00f3n de su navegaci\u00f3n podr\u00e1n instalarse todas o s\u00f3lo algunas de ellas.<\/p>\r\n<p>&nbsp;<\/p>\r\n<div id=\"listadodecookies\">\r\n<table>\r\n<tbody>\r\n<tr align=\"center\">\r\n<td>Nombre<\/td>\r\n<td>Categoria<\/td>\r\n<td>Descripci\u00f3n<\/td>\r\n<td>Propiedad<\/td>\r\n<td>Duraci\u00f3n<\/td>\r\n<\/tr>\r\n<tr id=\"wordpress_\" align=\"center\">\r\n<td>wordpress_<\/td>\r\n<td>An\u00e1lisis<\/td>\r\n<td>Se activa durante el login y guarda los detalles de autentificaci\u00f3n.<\/td>\r\n<td>Propia<\/td>\r\n<td>1 a\u00f1o<\/td>\r\n<\/tr>\r\n<tr id=\"wordpress_logged_in_\" align=\"center\">\r\n<td>wordpress_logged_in_<\/td>\r\n<td>An\u00e1lisis<\/td>\r\n<td>Se activa durante el login y guarda los detalles de autentificaci\u00f3n.<\/td>\r\n<td>Propia<\/td>\r\n<td>1 a\u00f1o<\/td>\r\n<\/tr>\r\n<tr id=\"wordpress_test_cookie\" align=\"center\">\r\n<td>wordpress_test_cookie<\/td>\r\n<td>An\u00e1lisis<\/td>\r\n<td>Se activa durante el login y guarda los detalles de autentificaci\u00f3n.<\/td>\r\n<td>Propia<\/td>\r\n<td>1 a\u00f1o<\/td>\r\n<\/tr>\r\n<tr id=\"wp-settings-\" align=\"center\">\r\n<td>wp-settings-<\/td>\r\n<td>An\u00e1lisis<\/td>\r\n<td>Sirve para personalizar la Interfaz de Usuario.<\/td>\r\n<td>Propia<\/td>\r\n<td>1 a\u00f1o<\/td>\r\n<\/tr>\r\n<tr id=\"wp-settings-time-\" align=\"center\">\r\n<td>wp-settings-time-<\/td>\r\n<td>An\u00e1lisis<\/td>\r\n<td>Sirve para personalizar la Interfaz de Usuario.<\/td>\r\n<td>Propia<\/td>\r\n<td>Finalizaci\u00f3n de la sesi\u00f3n<\/td>\r\n<\/tr>\r\n<tr id=\"wfwaf-authcookie-a64516d681e5f005ad79f1eef8586863\" align=\"center\">\r\n<td>wfwaf-authcookie-a64516d681e5f005ad79f1eef8586863<\/td>\r\n<td>An\u00e1lisis<\/td>\r\n<td>Desconocemos el origen de la cookie<\/td>\r\n<td>Terceros<\/td>\r\n<td>Desconocemos el origen de la cookie<\/td>\r\n<\/tr>\r\n<\/tbody>\r\n<\/table>\r\n<\/div>\r\n<p>Se puede modificar esta Pol\u00edtica de Cookies en funci\u00f3n de exigencias legislativas, reglamentarias, o con la finalidad de adaptar dicha pol\u00edtica a las instrucciones dictadas por la Agencia Espa\u00f1ola de Protecci\u00f3n de Datos, por ello se aconseja a los Usuarios que la visiten peri\u00f3dicamente.<\/p>\r\n<p>Cuando se produzcan cambios significativos en esta Pol\u00edtica de Cookies, se comunicar\u00e1n a los Usuarios bien mediante la web o a trav\u00e9s de correo electr\u00f3nico a los Usuarios registrados.<\/p>\r\n<\/div>\r\n<\/article>\r\n<\/div>\r\n<\/div>\r\n<\/div>\r\n<\/div>\r\n<footer id=\"main-footer\">\r\n<div id=\"footer-bottom\">\r\n<div class=\"container clearfix\">\r\n<ul class=\"et-social-icons\">\r\n<li class=\"et-social-icon et-social-facebook\">\u00a0<\/li>\r\n<\/ul>\r\n<\/div>\r\n<\/div>\r\n<\/footer>","protected":false},"excerpt":{"rendered":"<p>AVISO LEGAL: En cumplimiento de la ley 34\/2002, del 11 de julio, de Servicios de la Sociedad de la informaci\u00f3n y del Comercio Electr\u00f3nico, le comunicamos la siguiente informaci\u00f3n: Titular del sitio web: Carlota P\u00e9rez Fern\u00e1ndez46 904 515 VR\u00faa Amargura, 1315001 A Coru\u00f1aA Coru\u00f1a &nbsp; &nbsp; POL\u00cdTICA DE COOKIES En la web\u00a0https:\/\/mediumturquoise-oyster-620936.hostingersite.com\/\u00a0utilizamos cookies para facilitar [&hellip;]<\/p>\n","protected":false},"author":1,"featured_media":0,"parent":0,"menu_order":0,"comment_status":"closed","ping_status":"open","template":"","meta":{"_et_pb_use_builder":"","_et_pb_old_content":"","_et_gb_content_width":"","footnotes":""},"class_list":["post-3","page","type-page","status-publish","hentry"],"yoast_head":"<!-- This site is optimized with the Yoast SEO plugin v27.2 - https:\/\/yoast.com\/product\/yoast-seo-wordpress\/ -->\n<title>Pol\u00edtica de Privacidad - Diversos, Asocicaci\u00f3n Cultural para la Integraci\u00f3n Social<\/title>\n<meta name=\"robots\" content=\"index, follow, max-snippet:-1, max-image-preview:large, max-video-preview:-1\" \/>\n<link rel=\"canonical\" href=\"https:\/\/diversos.gal\/es\/politica-privacidad\/\" \/>\n<meta property=\"og:locale\" content=\"es_ES\" \/>\n<meta property=\"og:type\" content=\"article\" \/>\n<meta property=\"og:title\" content=\"Pol\u00edtica de Privacidad - Diversos, Asocicaci\u00f3n Cultural para la Integraci\u00f3n Social\" \/>\n<meta property=\"og:description\" content=\"AVISO LEGAL: En cumplimiento de la ley 34\/2002, del 11 de julio, de Servicios de la Sociedad de la informaci\u00f3n y del Comercio Electr\u00f3nico, le comunicamos la siguiente informaci\u00f3n: Titular del sitio web: Carlota P\u00e9rez Fern\u00e1ndez46 904 515 VR\u00faa Amargura, 1315001 A Coru\u00f1aA Coru\u00f1a &nbsp; &nbsp; POL\u00cdTICA DE COOKIES En la web\u00a0https:\/\/mediumturquoise-oyster-620936.hostingersite.com\/\u00a0utilizamos cookies para facilitar [&hellip;]\" \/>\n<meta property=\"og:url\" content=\"https:\/\/diversos.gal\/es\/politica-privacidad\/\" \/>\n<meta property=\"og:site_name\" content=\"Diversos, Asocicaci\u00f3n Cultural para la Integraci\u00f3n Social\" \/>\n<meta property=\"article:modified_time\" content=\"2022-05-13T15:55:46+00:00\" \/>\n<meta name=\"twitter:card\" content=\"summary_large_image\" \/>\n<meta name=\"twitter:label1\" content=\"Tiempo de lectura\" \/>\n\t<meta name=\"twitter:data1\" content=\"4 minutos\" \/>\n<script type=\"application\/ld+json\" class=\"yoast-schema-graph\">{\"@context\":\"https:\/\/schema.org\",\"@graph\":[{\"@type\":\"WebPage\",\"@id\":\"https:\/\/diversos.gal\/es\/politica-privacidad\/\",\"url\":\"https:\/\/diversos.gal\/es\/politica-privacidad\/\",\"name\":\"Pol\u00edtica de Privacidad - Diversos, Asocicaci\u00f3n Cultural para la Integraci\u00f3n Social\",\"isPartOf\":{\"@id\":\"https:\/\/mediumturquoise-oyster-620936.hostingersite.com\/#website\"},\"datePublished\":\"2019-01-29T18:34:25+00:00\",\"dateModified\":\"2022-05-13T15:55:46+00:00\",\"breadcrumb\":{\"@id\":\"https:\/\/diversos.gal\/es\/politica-privacidad\/#breadcrumb\"},\"inLanguage\":\"es\",\"potentialAction\":[{\"@type\":\"ReadAction\",\"target\":[\"https:\/\/diversos.gal\/es\/politica-privacidad\/\"]}]},{\"@type\":\"BreadcrumbList\",\"@id\":\"https:\/\/diversos.gal\/es\/politica-privacidad\/#breadcrumb\",\"itemListElement\":[{\"@type\":\"ListItem\",\"position\":1,\"name\":\"Portada\",\"item\":\"https:\/\/diversos.gal\/es\/\"},{\"@type\":\"ListItem\",\"position\":2,\"name\":\"Pol\u00edtica de Privacidad\"}]},{\"@type\":\"WebSite\",\"@id\":\"https:\/\/mediumturquoise-oyster-620936.hostingersite.com\/#website\",\"url\":\"https:\/\/mediumturquoise-oyster-620936.hostingersite.com\/\",\"name\":\"Diversos, Asocicaci\u00f3n Cultural para la Integraci\u00f3n Social\",\"description\":\"\",\"potentialAction\":[{\"@type\":\"SearchAction\",\"target\":{\"@type\":\"EntryPoint\",\"urlTemplate\":\"https:\/\/mediumturquoise-oyster-620936.hostingersite.com\/?s={search_term_string}\"},\"query-input\":{\"@type\":\"PropertyValueSpecification\",\"valueRequired\":true,\"valueName\":\"search_term_string\"}}],\"inLanguage\":\"es\"}]}<\/script>\n<!-- \/ Yoast SEO plugin. -->","yoast_head_json":{"title":"Pol\u00edtica de Privacidad - Diversos, Asocicaci\u00f3n Cultural para la Integraci\u00f3n Social","robots":{"index":"index","follow":"follow","max-snippet":"max-snippet:-1","max-image-preview":"max-image-preview:large","max-video-preview":"max-video-preview:-1"},"canonical":"https:\/\/diversos.gal\/es\/politica-privacidad\/","og_locale":"es_ES","og_type":"article","og_title":"Pol\u00edtica de Privacidad - Diversos, Asocicaci\u00f3n Cultural para la Integraci\u00f3n Social","og_description":"AVISO LEGAL: En cumplimiento de la ley 34\/2002, del 11 de julio, de Servicios de la Sociedad de la informaci\u00f3n y del Comercio Electr\u00f3nico, le comunicamos la siguiente informaci\u00f3n: Titular del sitio web: Carlota P\u00e9rez Fern\u00e1ndez46 904 515 VR\u00faa Amargura, 1315001 A Coru\u00f1aA Coru\u00f1a &nbsp; &nbsp; POL\u00cdTICA DE COOKIES En la web\u00a0https:\/\/mediumturquoise-oyster-620936.hostingersite.com\/\u00a0utilizamos cookies para facilitar [&hellip;]","og_url":"https:\/\/diversos.gal\/es\/politica-privacidad\/","og_site_name":"Diversos, Asocicaci\u00f3n Cultural para la Integraci\u00f3n Social","article_modified_time":"2022-05-13T15:55:46+00:00","twitter_card":"summary_large_image","twitter_misc":{"Tiempo de lectura":"4 minutos"},"schema":{"@context":"https:\/\/schema.org","@graph":[{"@type":"WebPage","@id":"https:\/\/diversos.gal\/es\/politica-privacidad\/","url":"https:\/\/diversos.gal\/es\/politica-privacidad\/","name":"Pol\u00edtica de Privacidad - Diversos, Asocicaci\u00f3n Cultural para la Integraci\u00f3n Social","isPartOf":{"@id":"https:\/\/mediumturquoise-oyster-620936.hostingersite.com\/#website"},"datePublished":"2019-01-29T18:34:25+00:00","dateModified":"2022-05-13T15:55:46+00:00","breadcrumb":{"@id":"https:\/\/diversos.gal\/es\/politica-privacidad\/#breadcrumb"},"inLanguage":"es","potentialAction":[{"@type":"ReadAction","target":["https:\/\/diversos.gal\/es\/politica-privacidad\/"]}]},{"@type":"BreadcrumbList","@id":"https:\/\/diversos.gal\/es\/politica-privacidad\/#breadcrumb","itemListElement":[{"@type":"ListItem","position":1,"name":"Portada","item":"https:\/\/diversos.gal\/es\/"},{"@type":"ListItem","position":2,"name":"Pol\u00edtica de Privacidad"}]},{"@type":"WebSite","@id":"https:\/\/mediumturquoise-oyster-620936.hostingersite.com\/#website","url":"https:\/\/mediumturquoise-oyster-620936.hostingersite.com\/","name":"Diversos, Asocicaci\u00f3n Cultural para la Integraci\u00f3n Social","description":"","potentialAction":[{"@type":"SearchAction","target":{"@type":"EntryPoint","urlTemplate":"https:\/\/mediumturquoise-oyster-620936.hostingersite.com\/?s={search_term_string}"},"query-input":{"@type":"PropertyValueSpecification","valueRequired":true,"valueName":"search_term_string"}}],"inLanguage":"es"}]}},"_links":{"self":[{"href":"https:\/\/diversos.gal\/es\/wp-json\/wp\/v2\/pages\/3","targetHints":{"allow":["GET"]}}],"collection":[{"href":"https:\/\/diversos.gal\/es\/wp-json\/wp\/v2\/pages"}],"about":[{"href":"https:\/\/diversos.gal\/es\/wp-json\/wp\/v2\/types\/page"}],"author":[{"embeddable":true,"href":"https:\/\/diversos.gal\/es\/wp-json\/wp\/v2\/users\/1"}],"replies":[{"embeddable":true,"href":"https:\/\/diversos.gal\/es\/wp-json\/wp\/v2\/comments?post=3"}],"version-history":[{"count":4,"href":"https:\/\/diversos.gal\/es\/wp-json\/wp\/v2\/pages\/3\/revisions"}],"predecessor-version":[{"id":640,"href":"https:\/\/diversos.gal\/es\/wp-json\/wp\/v2\/pages\/3\/revisions\/640"}],"wp:attachment":[{"href":"https:\/\/diversos.gal\/es\/wp-json\/wp\/v2\/media?parent=3"}],"curies":[{"name":"wp","href":"https:\/\/api.w.org\/{rel}","templated":true}]}}