{"id":1373,"date":"2025-09-10T16:25:47","date_gmt":"2025-09-10T16:25:47","guid":{"rendered":"https:\/\/mediumturquoise-oyster-620936.hostingersite.com\/?page_id=1373"},"modified":"2025-09-16T07:51:41","modified_gmt":"2025-09-16T07:51:41","slug":"tiempo-de-sonar","status":"publish","type":"page","link":"https:\/\/diversos.gal\/es\/tiempo-de-sonar\/","title":{"rendered":"Tiempo de so\u00f1ar"},"content":{"rendered":"<p>[et_pb_section fb_built=\u00bb1&#8243; fullwidth=\u00bbon\u00bb admin_label=\u00bbHeader Section\u00bb _builder_version=\u00bb4.27.4&#8243; _module_preset=\u00bbdefault\u00bb background_color=\u00bb#000000&#8243; custom_padding=\u00bb|||\u00bb global_colors_info=\u00bb{}\u00bb][et_pb_fullwidth_header title=\u00bbTIEMPO DE SO\u00d1AR\u00bb subhead=\u00bbPROYECTOS EN CURSO\u00bb text_orientation=\u00bbcenter\u00bb header_fullscreen=\u00bbon\u00bb header_scroll_down=\u00bbon\u00bb scroll_down_icon=\u00bb%%2%%\u00bb scroll_down_icon_color=\u00bb#ffffff\u00bb background_overlay_color=\u00bbrgba(0,0,0,0.4)\u00bb content_max_width_last_edited=\u00bboff|desktop\u00bb admin_label=\u00bbContents\u00bb _builder_version=\u00bb4.27.4&#8243; _module_preset=\u00bbdefault\u00bb title_font=\u00bb|700||on|||||\u00bb title_text_align=\u00bbcenter\u00bb title_font_size=\u00bb70px\u00bb title_letter_spacing=\u00bb0.05em\u00bb title_line_height=\u00bb1.5em\u00bb content_line_height=\u00bb1.7em\u00bb subhead_font=\u00bbNunito|600|||||||\u00bb subhead_font_size=\u00bb17px\u00bb subhead_line_height=\u00bb1.9em\u00bb background_color=\u00bbrgba(255, 255, 255, 0)\u00bb background_image=\u00bbhttps:\/\/diversos.gal\/wp-content\/uploads\/2025\/09\/tempo-de-sonar.jpg\u00bb parallax=\u00bbon\u00bb parallax_method=\u00bbon\u00bb custom_button_one=\u00bbon\u00bb button_one_text_size=\u00bb15px\u00bb button_one_bg_color=\u00bb#dca57d\u00bb button_one_border_width=\u00bb10px\u00bb button_one_border_color=\u00bb#dca57d\u00bb button_one_border_radius=\u00bb0px\u00bb button_one_letter_spacing=\u00bb3px\u00bb button_one_font=\u00bbOswald|||on|\u00bb button_one_use_icon=\u00bboff\u00bb custom_margin=\u00bb||||false|false\u00bb animation_style=\u00bbfade\u00bb animation_starting_opacity=\u00bb50%\u00bb animation_speed_curve=\u00bbease-in\u00bb title_font_size_tablet=\u00bb60px\u00bb title_font_size_phone=\u00bb40px\u00bb title_font_size_last_edited=\u00bbon|tablet\u00bb button_one_border_color_hover=\u00bb#c99872&#8243; button_one_border_radius_hover=\u00bb0px\u00bb button_one_letter_spacing_hover=\u00bb3px\u00bb button_one_bg_color_hover=\u00bb#c99872&#8243; global_colors_info=\u00bb{}\u00bb button_one_text_size__hover_enabled=\u00bboff\u00bb button_two_text_size__hover_enabled=\u00bboff\u00bb button_one_text_color__hover_enabled=\u00bboff\u00bb button_two_text_color__hover_enabled=\u00bboff\u00bb button_one_border_width__hover_enabled=\u00bboff\u00bb button_two_border_width__hover_enabled=\u00bboff\u00bb button_one_border_color__hover_enabled=\u00bbon\u00bb button_one_border_color__hover=\u00bb#c99872&#8243; button_two_border_color__hover_enabled=\u00bboff\u00bb button_one_border_radius__hover_enabled=\u00bbon\u00bb button_one_border_radius__hover=\u00bb0px\u00bb button_two_border_radius__hover_enabled=\u00bboff\u00bb button_one_letter_spacing__hover_enabled=\u00bbon\u00bb button_one_letter_spacing__hover=\u00bb3px\u00bb button_two_letter_spacing__hover_enabled=\u00bboff\u00bb button_one_bg_color__hover_enabled=\u00bbon\u00bb button_one_bg_color__hover=\u00bb#c99872&#8243; button_two_bg_color__hover_enabled=\u00bboff\u00bb]<\/p>\n<p>&nbsp;<\/p>\n<p>&nbsp;<\/p>\n<p>&nbsp;<\/p>\n<p>&nbsp;<\/p>\n<p>&nbsp;<\/p>\n<p>&nbsp;<\/p>\n<p>&nbsp;<\/p>\n<p>&nbsp;<\/p>\n<p>&nbsp;<\/p>\n<p>&nbsp;<\/p>\n<p>&nbsp;<\/p>\n<p>&nbsp;<\/p>\n<p>&nbsp;<\/p>\n<p>&nbsp;<\/p>\n<p>[\/et_pb_fullwidth_header][\/et_pb_section][et_pb_section fb_built=\u00bb1&#8243; admin_label=\u00bbOur mission\u00bb _builder_version=\u00bb4.27.0&#8243; _module_preset=\u00bbdefault\u00bb background_color=\u00bbrgba(0,0,0,0.84)\u00bb background_image=\u00bbhttps:\/\/diversos.gal\/wp-content\/uploads\/2024\/09\/the-museum-and-me-03.jpg\u00bb background_blend=\u00bboverlay\u00bb locked=\u00bboff\u00bb global_colors_info=\u00bb{}\u00bb][et_pb_row _builder_version=\u00bb4.27.0&#8243; _module_preset=\u00bbdefault\u00bb global_colors_info=\u00bb{}\u00bb][et_pb_column type=\u00bb4_4&#8243; _builder_version=\u00bb4.27.0&#8243; _module_preset=\u00bbdefault\u00bb global_colors_info=\u00bb{}\u00bb][et_pb_text _builder_version=\u00bb4.27.4&#8243; _module_preset=\u00bbdefault\u00bb header_text_align=\u00bbcenter\u00bb header_3_text_align=\u00bbcenter\u00bb header_3_text_color=\u00bbrgba(255,255,255,0.61)\u00bb header_3_line_height=\u00bb1.4em\u00bb hover_enabled=\u00bb0&#8243; global_colors_info=\u00bb{}\u00bb sticky_enabled=\u00bb0&#8243;]<\/p>\n<h3>Proyecto de co-creaci\u00f3n art\u00edstica inclusiva desarrollado con metodolog\u00eda arte-terap\u00e9utica psicoanal\u00edtica con usuarios neuroat\u00edpicos y en riesgo de exclusi\u00f3n social.<\/h3>\n<p>[\/et_pb_text][\/et_pb_column][\/et_pb_row][et_pb_row _builder_version=\u00bb4.27.0&#8243; _module_preset=\u00bbdefault\u00bb background_color=\u00bb#FFFFFF\u00bb width=\u00bb60%\u00bb custom_padding=\u00bb7px||4px|||\u00bb global_colors_info=\u00bb{}\u00bb][et_pb_column type=\u00bb4_4&#8243; _builder_version=\u00bb4.27.0&#8243; _module_preset=\u00bbdefault\u00bb global_colors_info=\u00bb{}\u00bb][et_pb_image src=\u00bbhttps:\/\/diversos.gal\/wp-content\/uploads\/2024\/09\/unnamed.png\u00bb title_text=\u00bbunnamed\u00bb align=\u00bbcenter\u00bb _builder_version=\u00bb4.27.0&#8243; _module_preset=\u00bbdefault\u00bb global_colors_info=\u00bb{}\u00bb][\/et_pb_image][\/et_pb_column][\/et_pb_row][et_pb_row _builder_version=\u00bb4.17.3&#8243; _module_preset=\u00bbdefault\u00bb global_colors_info=\u00bb{}\u00bb][et_pb_column type=\u00bb4_4&#8243; _builder_version=\u00bb4.16&#8243; _module_preset=\u00bbdefault\u00bb global_colors_info=\u00bb{}\u00bb][et_pb_text _builder_version=\u00bb4.27.4&#8243; _module_preset=\u00bbdefault\u00bb global_colors_info=\u00bb{}\u00bb]<iframe loading=\"lazy\" width=\"1260\" height=\"655\" src=\"https:\/\/www.youtube.com\/embed\/cZJPowf6Fws?si=7TCXza0LUijdfHAX\" title=\"YouTube video player\" frameborder=\"0\" allow=\"accelerometer; autoplay; clipboard-write; encrypted-media; gyroscope; picture-in-picture; web-share\" referrerpolicy=\"strict-origin-when-cross-origin\" allowfullscreen=\"\"><\/iframe>[\/et_pb_text][et_pb_gallery gallery_ids=\u00bb1419,1421,1425,1427,1429,1431,1433,1435&#8243; posts_number=\u00bb16&#8243; show_title_and_caption=\u00bboff\u00bb _builder_version=\u00bb4.27.4&#8243; _module_preset=\u00bbdefault\u00bb global_colors_info=\u00bb{}\u00bb][\/et_pb_gallery][\/et_pb_column][\/et_pb_row][et_pb_row _builder_version=\u00bb4.17.3&#8243; _module_preset=\u00bbdefault\u00bb global_colors_info=\u00bb{}\u00bb][et_pb_column type=\u00bb4_4&#8243; _builder_version=\u00bb4.17.3&#8243; _module_preset=\u00bbdefault\u00bb global_colors_info=\u00bb{}\u00bb][et_pb_image src=\u00bbhttps:\/\/diversos.gal\/wp-content\/uploads\/2025\/09\/proyecto-tiempo-de-sonar-10.jpeg\u00bb title_text=\u00bbProyecto, Tiempo se So\u00f1ar\u00bb show_in_lightbox=\u00bbon\u00bb _builder_version=\u00bb4.27.4&#8243; _module_preset=\u00bbdefault\u00bb global_colors_info=\u00bb{}\u00bb][\/et_pb_image][et_pb_gallery gallery_ids=\u00bb1379,1381,1385,1389,1391,1393,1395,1399,1401,1403,1383,1387&#8243; posts_number=\u00bb16&#8243; show_title_and_caption=\u00bboff\u00bb _builder_version=\u00bb4.27.4&#8243; _module_preset=\u00bbdefault\u00bb global_colors_info=\u00bb{}\u00bb][\/et_pb_gallery][et_pb_video src=\u00bbhttps:\/\/diversos.gal\/wp-content\/uploads\/2025\/09\/tiempo-de-sonar.mp4&#8243; _builder_version=\u00bb4.27.4&#8243; _module_preset=\u00bbdefault\u00bb global_colors_info=\u00bb{}\u00bb][\/et_pb_video][et_pb_text disabled_on=\u00bbon|on|on\u00bb _builder_version=\u00bb4.27.4&#8243; _module_preset=\u00bbdefault\u00bb header_3_text_color=\u00bbrgba(255,255,255,0.67)\u00bb background_color=\u00bbRGBA(255,255,255,0)\u00bb disabled=\u00bbon\u00bb global_colors_info=\u00bb{}\u00bb]<\/p>\n<h3>ESTA EN OCULTO Xoves 23 de novembro<\/h3>\n<p>16:30 h recollida de usuarios da AIND 16:00 h Visita e Almacenamento Fundaci\u00f3n Luis Seoane, contido. Lema da exposici\u00f3n fotogr\u00e1fica. Desenvolvemento do obradoiro de creaci\u00f3n arte-terap\u00e9utica presencial e movemento inclusivo ata as 20:00 h. 1.-Traballo de reco\u00f1ecemento do corpo no espazo, revisi\u00f3n de articulaci\u00f3ns e m\u00fasculos, quecemento das extremidades para posteriormente facilitar o movemento na psicomotricidade fina dos traballos art\u00edsticos posteriores. 2.-Exercicios de respiraci\u00f3n e relaxaci\u00f3n respiratoria empregando o propio espazo do museo como punto de ancoraxe. 3.-Este obradoiro de movemento inclusivo desenvolveuse tomando como slogan a arquitectura do museo, ou inspiraci\u00f3n para a experiencia est\u00e9tica, concretamente o patio interior e a exposici\u00f3n fotogr\u00e1fica as\u00ed como o ancho total da sala de fundaci\u00f3n. Traballamos o reco\u00f1ecemento cego do corpo a trav\u00e9s das emoci\u00f3ns que alberga. Busca de bloqueos musculares, \u00e1reas de carga emocional no corpo e identificaci\u00f3n de articulaci\u00f3ns con movemento limitado. Identificaci\u00f3n da propia emoci\u00f3n na zona cervical e cervical. Traballamos a libre creaci\u00f3n de movementos e Micro movementos das articulaci\u00f3ns superiores independentes, en segundo lugar traballamos a coordinaci\u00f3n dos movementos libres das extremidades superiores e inferiores. Estes movementos creados polos propios usuarios foron levados a unha intervenci\u00f3n co tacto e o propio corpo no espazo do museo, atendendo aos ritmos musicais que acompa\u00f1aban o exercicio. Traballouse a visi\u00f3n e a percepci\u00f3n sensorial do espazo. Finalmente, elaborouse unha coreograf\u00eda inclusiva e grupal de intervenci\u00f3n no espazo muse\u00edstico, tendo en conta as capacidades f\u00edsicas de cada usuario, un traballo de cohesi\u00f3n e integraci\u00f3n do individuo ao grupo. 4.-No obradoiro de laboratorio cun amplo buffet de materiais, libre elecci\u00f3n de materiais, e desenvolvemento creativo libre tipo Stern. Cada usuario, individualmente ou en grupo, desenvolveu a s\u00faa produci\u00f3n art\u00edstica inspirada no obradoiro de movemento e a s\u00faa experiencia vital co movemento individual e colectivo, desenvolvendo unha produci\u00f3n art\u00edstica que neste caso moitos traballaron en parella por decisi\u00f3n propia.5.-Unha vez rematadas as produci\u00f3ns art\u00edsticas, a esencia do que cada usuario percibiu a trav\u00e9s da s\u00faa propia experiencia est\u00e9tica transf\u00f3rmase nun texto emocional ou experiencia vital ligada ao que a peza lle transmitiu. 6.-Volvemos ao espazo arquitect\u00f3nico do museo e intervimos, cada usuario escolle onde deposita a peza da s\u00faa produci\u00f3n art\u00edstica, e fai brevemente seu o espazo muse\u00edstico. 7.-Para finalizar, cada usuario que o desexe expresa con palabras a s\u00faa experiencia durante o obradoiro de movemento inclusivo e comparte co grupo a s\u00faa relaci\u00f3n co movemento, as dificultades ou frustraci\u00f3ns no caso de persoas con limitaci\u00f3ns f\u00edsicas de movemento, os seus momentos Eureka, mentres bailaron, mentres eles creaban, s\u00f3s, xuntos, o que os sorprendeu e o que os emocionou. De 20:00 a 20:30 horas, recollida e devoluci\u00f3n dos seus usuarios \u00e1 AIND. Participantes: AIND 12 Adafg 3 Centro de Menores 3 Aberto diverso 3<\/p>\n<p>[\/et_pb_text][\/et_pb_column][\/et_pb_row][\/et_pb_section]<\/p>\n","protected":false},"excerpt":{"rendered":"<p>&nbsp; &nbsp; &nbsp; &nbsp; &nbsp; &nbsp; &nbsp; &nbsp; &nbsp; &nbsp; &nbsp; &nbsp; &nbsp; &nbsp;Proyecto de co-creaci\u00f3n art\u00edstica inclusiva desarrollado con metodolog\u00eda arte-terap\u00e9utica psicoanal\u00edtica con usuarios neuroat\u00edpicos y en riesgo de exclusi\u00f3n social.ESTA EN OCULTO Xoves 23 de novembro 16:30 h recollida de usuarios da AIND 16:00 h Visita e Almacenamento Fundaci\u00f3n Luis Seoane, contido. Lema [&hellip;]<\/p>\n","protected":false},"author":1,"featured_media":0,"parent":0,"menu_order":0,"comment_status":"closed","ping_status":"closed","template":"","meta":{"_et_pb_use_builder":"on","_et_pb_old_content":"","_et_gb_content_width":"","footnotes":""},"class_list":["post-1373","page","type-page","status-publish","hentry"],"yoast_head":"<!-- This site is optimized with the Yoast SEO plugin v27.2 - https:\/\/yoast.com\/product\/yoast-seo-wordpress\/ -->\n<title>Tiempo de so\u00f1ar - Diversos, Asocicaci\u00f3n Cultural para la Integraci\u00f3n Social<\/title>\n<meta name=\"robots\" content=\"index, follow, max-snippet:-1, max-image-preview:large, max-video-preview:-1\" \/>\n<link rel=\"canonical\" href=\"https:\/\/diversos.gal\/es\/tiempo-de-sonar\/\" \/>\n<meta property=\"og:locale\" content=\"es_ES\" \/>\n<meta property=\"og:type\" content=\"article\" \/>\n<meta property=\"og:title\" content=\"Tiempo de so\u00f1ar - Diversos, Asocicaci\u00f3n Cultural para la Integraci\u00f3n Social\" \/>\n<meta property=\"og:description\" content=\"&nbsp; &nbsp; &nbsp; &nbsp; &nbsp; &nbsp; &nbsp; &nbsp; &nbsp; &nbsp; &nbsp; &nbsp; &nbsp; &nbsp;Proyecto de co-creaci\u00f3n art\u00edstica inclusiva desarrollado con metodolog\u00eda arte-terap\u00e9utica psicoanal\u00edtica con usuarios neuroat\u00edpicos y en riesgo de exclusi\u00f3n social.ESTA EN OCULTO Xoves 23 de novembro 16:30 h recollida de usuarios da AIND 16:00 h Visita e Almacenamento Fundaci\u00f3n Luis Seoane, contido. Lema [&hellip;]\" \/>\n<meta property=\"og:url\" content=\"https:\/\/diversos.gal\/es\/tiempo-de-sonar\/\" \/>\n<meta property=\"og:site_name\" content=\"Diversos, Asocicaci\u00f3n Cultural para la Integraci\u00f3n Social\" \/>\n<meta property=\"article:modified_time\" content=\"2025-09-16T07:51:41+00:00\" \/>\n<meta name=\"twitter:card\" content=\"summary_large_image\" \/>\n<meta name=\"twitter:label1\" content=\"Tiempo de lectura\" \/>\n\t<meta name=\"twitter:data1\" content=\"20 minutos\" \/>\n<script type=\"application\/ld+json\" class=\"yoast-schema-graph\">{\"@context\":\"https:\/\/schema.org\",\"@graph\":[{\"@type\":\"WebPage\",\"@id\":\"https:\/\/diversos.gal\/es\/tiempo-de-sonar\/\",\"url\":\"https:\/\/diversos.gal\/es\/tiempo-de-sonar\/\",\"name\":\"Tiempo de so\u00f1ar - Diversos, Asocicaci\u00f3n Cultural para la Integraci\u00f3n Social\",\"isPartOf\":{\"@id\":\"https:\/\/mediumturquoise-oyster-620936.hostingersite.com\/#website\"},\"datePublished\":\"2025-09-10T16:25:47+00:00\",\"dateModified\":\"2025-09-16T07:51:41+00:00\",\"breadcrumb\":{\"@id\":\"https:\/\/diversos.gal\/es\/tiempo-de-sonar\/#breadcrumb\"},\"inLanguage\":\"es\",\"potentialAction\":[{\"@type\":\"ReadAction\",\"target\":[\"https:\/\/diversos.gal\/es\/tiempo-de-sonar\/\"]}]},{\"@type\":\"BreadcrumbList\",\"@id\":\"https:\/\/diversos.gal\/es\/tiempo-de-sonar\/#breadcrumb\",\"itemListElement\":[{\"@type\":\"ListItem\",\"position\":1,\"name\":\"Portada\",\"item\":\"https:\/\/diversos.gal\/es\/\"},{\"@type\":\"ListItem\",\"position\":2,\"name\":\"Tiempo de so\u00f1ar\"}]},{\"@type\":\"WebSite\",\"@id\":\"https:\/\/mediumturquoise-oyster-620936.hostingersite.com\/#website\",\"url\":\"https:\/\/mediumturquoise-oyster-620936.hostingersite.com\/\",\"name\":\"Diversos, Asocicaci\u00f3n Cultural para la Integraci\u00f3n Social\",\"description\":\"\",\"potentialAction\":[{\"@type\":\"SearchAction\",\"target\":{\"@type\":\"EntryPoint\",\"urlTemplate\":\"https:\/\/mediumturquoise-oyster-620936.hostingersite.com\/?s={search_term_string}\"},\"query-input\":{\"@type\":\"PropertyValueSpecification\",\"valueRequired\":true,\"valueName\":\"search_term_string\"}}],\"inLanguage\":\"es\"}]}<\/script>\n<!-- \/ Yoast SEO plugin. -->","yoast_head_json":{"title":"Tiempo de so\u00f1ar - Diversos, Asocicaci\u00f3n Cultural para la Integraci\u00f3n Social","robots":{"index":"index","follow":"follow","max-snippet":"max-snippet:-1","max-image-preview":"max-image-preview:large","max-video-preview":"max-video-preview:-1"},"canonical":"https:\/\/diversos.gal\/es\/tiempo-de-sonar\/","og_locale":"es_ES","og_type":"article","og_title":"Tiempo de so\u00f1ar - Diversos, Asocicaci\u00f3n Cultural para la Integraci\u00f3n Social","og_description":"&nbsp; &nbsp; &nbsp; &nbsp; &nbsp; &nbsp; &nbsp; &nbsp; &nbsp; &nbsp; &nbsp; &nbsp; &nbsp; &nbsp;Proyecto de co-creaci\u00f3n art\u00edstica inclusiva desarrollado con metodolog\u00eda arte-terap\u00e9utica psicoanal\u00edtica con usuarios neuroat\u00edpicos y en riesgo de exclusi\u00f3n social.ESTA EN OCULTO Xoves 23 de novembro 16:30 h recollida de usuarios da AIND 16:00 h Visita e Almacenamento Fundaci\u00f3n Luis Seoane, contido. Lema [&hellip;]","og_url":"https:\/\/diversos.gal\/es\/tiempo-de-sonar\/","og_site_name":"Diversos, Asocicaci\u00f3n Cultural para la Integraci\u00f3n Social","article_modified_time":"2025-09-16T07:51:41+00:00","twitter_card":"summary_large_image","twitter_misc":{"Tiempo de lectura":"20 minutos"},"schema":{"@context":"https:\/\/schema.org","@graph":[{"@type":"WebPage","@id":"https:\/\/diversos.gal\/es\/tiempo-de-sonar\/","url":"https:\/\/diversos.gal\/es\/tiempo-de-sonar\/","name":"Tiempo de so\u00f1ar - Diversos, Asocicaci\u00f3n Cultural para la Integraci\u00f3n Social","isPartOf":{"@id":"https:\/\/mediumturquoise-oyster-620936.hostingersite.com\/#website"},"datePublished":"2025-09-10T16:25:47+00:00","dateModified":"2025-09-16T07:51:41+00:00","breadcrumb":{"@id":"https:\/\/diversos.gal\/es\/tiempo-de-sonar\/#breadcrumb"},"inLanguage":"es","potentialAction":[{"@type":"ReadAction","target":["https:\/\/diversos.gal\/es\/tiempo-de-sonar\/"]}]},{"@type":"BreadcrumbList","@id":"https:\/\/diversos.gal\/es\/tiempo-de-sonar\/#breadcrumb","itemListElement":[{"@type":"ListItem","position":1,"name":"Portada","item":"https:\/\/diversos.gal\/es\/"},{"@type":"ListItem","position":2,"name":"Tiempo de so\u00f1ar"}]},{"@type":"WebSite","@id":"https:\/\/mediumturquoise-oyster-620936.hostingersite.com\/#website","url":"https:\/\/mediumturquoise-oyster-620936.hostingersite.com\/","name":"Diversos, Asocicaci\u00f3n Cultural para la Integraci\u00f3n Social","description":"","potentialAction":[{"@type":"SearchAction","target":{"@type":"EntryPoint","urlTemplate":"https:\/\/mediumturquoise-oyster-620936.hostingersite.com\/?s={search_term_string}"},"query-input":{"@type":"PropertyValueSpecification","valueRequired":true,"valueName":"search_term_string"}}],"inLanguage":"es"}]}},"_links":{"self":[{"href":"https:\/\/diversos.gal\/es\/wp-json\/wp\/v2\/pages\/1373","targetHints":{"allow":["GET"]}}],"collection":[{"href":"https:\/\/diversos.gal\/es\/wp-json\/wp\/v2\/pages"}],"about":[{"href":"https:\/\/diversos.gal\/es\/wp-json\/wp\/v2\/types\/page"}],"author":[{"embeddable":true,"href":"https:\/\/diversos.gal\/es\/wp-json\/wp\/v2\/users\/1"}],"replies":[{"embeddable":true,"href":"https:\/\/diversos.gal\/es\/wp-json\/wp\/v2\/comments?post=1373"}],"version-history":[{"count":10,"href":"https:\/\/diversos.gal\/es\/wp-json\/wp\/v2\/pages\/1373\/revisions"}],"predecessor-version":[{"id":1442,"href":"https:\/\/diversos.gal\/es\/wp-json\/wp\/v2\/pages\/1373\/revisions\/1442"}],"wp:attachment":[{"href":"https:\/\/diversos.gal\/es\/wp-json\/wp\/v2\/media?parent=1373"}],"curies":[{"name":"wp","href":"https:\/\/api.w.org\/{rel}","templated":true}]}}