{"id":1153,"date":"2024-03-30T17:21:17","date_gmt":"2024-03-30T17:21:17","guid":{"rendered":"https:\/\/mediumturquoise-oyster-620936.hostingersite.com\/?page_id=1153"},"modified":"2026-03-31T08:33:42","modified_gmt":"2026-03-31T08:33:42","slug":"encontro-espazos-abandonados","status":"publish","type":"page","link":"https:\/\/diversos.gal\/es\/encontro-espazos-abandonados\/","title":{"rendered":"Encontro Espazos Abandonados"},"content":{"rendered":"<p>[et_pb_section fb_built=\u00bb1&#8243; fullwidth=\u00bbon\u00bb admin_label=\u00bbHeader Section\u00bb _builder_version=\u00bb4.17.3&#8243; _module_preset=\u00bbdefault\u00bb background_color=\u00bb#000000&#8243; custom_padding=\u00bb|||\u00bb global_colors_info=\u00bb{}\u00bb][et_pb_fullwidth_header title=\u00bbEncontro Espazos Abandoados\u00bb subhead=\u00bbPROYECTOS\u00bb text_orientation=\u00bbcenter\u00bb header_fullscreen=\u00bbon\u00bb header_scroll_down=\u00bbon\u00bb scroll_down_icon=\u00bb%%2%%\u00bb scroll_down_icon_color=\u00bb#ffffff\u00bb background_overlay_color=\u00bbrgba(0,0,0,0.4)\u00bb content_max_width_last_edited=\u00bboff|desktop\u00bb admin_label=\u00bbContents\u00bb _builder_version=\u00bb4.27.6&#8243; _module_preset=\u00bbdefault\u00bb title_font=\u00bb|700||on|||||\u00bb title_text_align=\u00bbcenter\u00bb title_font_size=\u00bb70px\u00bb title_letter_spacing=\u00bb0.05em\u00bb title_line_height=\u00bb1.5em\u00bb content_line_height=\u00bb1.7em\u00bb subhead_font=\u00bbNunito|600|||||||\u00bb subhead_font_size=\u00bb17px\u00bb subhead_line_height=\u00bb1.9em\u00bb background_color=\u00bbrgba(255, 255, 255, 0)\u00bb background_image=\u00bbhttps:\/\/diversos.gal\/wp-content\/uploads\/2026\/03\/espacios-abandonados03.jpg\u00bb parallax=\u00bbon\u00bb parallax_method=\u00bbon\u00bb custom_button_one=\u00bbon\u00bb button_one_text_size=\u00bb15px\u00bb button_one_bg_color=\u00bb#dca57d\u00bb button_one_border_width=\u00bb10px\u00bb button_one_border_color=\u00bb#dca57d\u00bb button_one_border_radius=\u00bb0px\u00bb button_one_letter_spacing=\u00bb3px\u00bb button_one_font=\u00bbOswald|||on|\u00bb button_one_use_icon=\u00bboff\u00bb custom_margin=\u00bb||||false|false\u00bb animation_style=\u00bbfade\u00bb animation_starting_opacity=\u00bb50%\u00bb animation_speed_curve=\u00bbease-in\u00bb hover_enabled=\u00bb0&#8243; title_text_align_tablet=\u00bbcenter\u00bb title_text_align_phone=\u00bbleft\u00bb title_text_align_last_edited=\u00bbon|phone\u00bb title_font_size_tablet=\u00bb60px\u00bb title_font_size_phone=\u00bb30px\u00bb title_font_size_last_edited=\u00bbon|phone\u00bb subhead_text_align_tablet=\u00bbcenter\u00bb subhead_text_align_phone=\u00bbleft\u00bb subhead_text_align_last_edited=\u00bbon|tablet\u00bb subhead_font_size_tablet=\u00bb17px\u00bb subhead_font_size_phone=\u00bb17px\u00bb subhead_font_size_last_edited=\u00bbon|phone\u00bb button_one_border_color_hover=\u00bb#c99872&#8243; button_one_border_radius_hover=\u00bb0px\u00bb button_one_letter_spacing_hover=\u00bb3px\u00bb button_one_bg_color_hover=\u00bb#c99872&#8243; global_colors_info=\u00bb{}\u00bb button_one_text_size__hover_enabled=\u00bboff\u00bb button_two_text_size__hover_enabled=\u00bboff\u00bb button_one_text_color__hover_enabled=\u00bboff\u00bb button_two_text_color__hover_enabled=\u00bboff\u00bb button_one_border_width__hover_enabled=\u00bboff\u00bb button_two_border_width__hover_enabled=\u00bboff\u00bb button_one_border_color__hover_enabled=\u00bbon\u00bb button_one_border_color__hover=\u00bb#c99872&#8243; button_two_border_color__hover_enabled=\u00bboff\u00bb button_one_border_radius__hover_enabled=\u00bbon\u00bb button_one_border_radius__hover=\u00bb0px\u00bb button_two_border_radius__hover_enabled=\u00bboff\u00bb button_one_letter_spacing__hover_enabled=\u00bbon\u00bb button_one_letter_spacing__hover=\u00bb3px\u00bb button_two_letter_spacing__hover_enabled=\u00bboff\u00bb button_one_bg_color__hover_enabled=\u00bbon\u00bb button_one_bg_color__hover=\u00bb#c99872&#8243; button_two_bg_color__hover_enabled=\u00bboff\u00bb alt=\u00bbespacios-abandonados03&#8243; title_text=\u00bbespacios-abandonados03&#8243; sticky_enabled=\u00bb0&#8243;]<\/p>\n<p>&nbsp;<\/p>\n<p>&nbsp;<\/p>\n<p>&nbsp;<\/p>\n<p>&nbsp;<\/p>\n<p>&nbsp;<\/p>\n<p>&nbsp;<\/p>\n<p>&nbsp;<\/p>\n<p>&nbsp;<\/p>\n<p>&nbsp;<\/p>\n<p>&nbsp;<\/p>\n<p>&nbsp;<\/p>\n<p>&nbsp;<\/p>\n<p>&nbsp;<\/p>\n<p>&nbsp;<\/p>\n<p>[\/et_pb_fullwidth_header][\/et_pb_section][et_pb_section fb_built=\u00bb1&#8243; admin_label=\u00bbOur mission\u00bb _builder_version=\u00bb4.27.4&#8243; _module_preset=\u00bbdefault\u00bb background_color=\u00bbrgba(0,0,0,0.84)\u00bb background_image=\u00bbhttps:\/\/diversos.gal\/wp-content\/uploads\/2022\/05\/la-juventud-crea-mas-ti-05.jpg\u00bb background_blend=\u00bboverlay\u00bb border_width_bottom=\u00bb13px\u00bb border_color_bottom=\u00bb#afafaf\u00bb locked=\u00bboff\u00bb global_colors_info=\u00bb{}\u00bb][et_pb_row _builder_version=\u00bb4.17.3&#8243; _module_preset=\u00bbdefault\u00bb global_colors_info=\u00bb{}\u00bb][et_pb_column type=\u00bb4_4&#8243; _builder_version=\u00bb4.16&#8243; _module_preset=\u00bbdefault\u00bb global_colors_info=\u00bb{}\u00bb][et_pb_text _builder_version=\u00bb4.27.6&#8243; _module_preset=\u00bbdefault\u00bb header_2_text_align=\u00bbcenter\u00bb header_2_text_color=\u00bb#FFFFFF\u00bb header_2_font_size=\u00bb30px\u00bb custom_padding=\u00bb10px|5px|5px|5px|false|false\u00bb border_width_all=\u00bb1px\u00bb border_color_all=\u00bb#FFFFFF\u00bb global_colors_info=\u00bb{}\u00bb]<\/p>\n<h2>VIII Encontro Espazos Abandoados (Edici\u00f3n 2025)<\/h2>\n<p>[\/et_pb_text][\/et_pb_column][\/et_pb_row][et_pb_row _builder_version=\u00bb4.27.6&#8243; _module_preset=\u00bbdefault\u00bb global_colors_info=\u00bb{}\u00bb][et_pb_column type=\u00bb4_4&#8243; _builder_version=\u00bb4.16&#8243; _module_preset=\u00bbdefault\u00bb global_colors_info=\u00bb{}\u00bb][et_pb_image src=\u00bbhttps:\/\/diversos.gal\/wp-content\/uploads\/2026\/03\/VIII-espazos-abandonados-2-web.jpg\u00bb alt=\u00bbVIII Espazos Abandonados\u00bb title_text=\u00bbVIII Espazos Abandonados\u00bb show_in_lightbox=\u00bbon\u00bb align=\u00bbcenter\u00bb _builder_version=\u00bb4.27.6&#8243; _module_preset=\u00bbdefault\u00bb custom_margin=\u00bb||50px|||\u00bb global_colors_info=\u00bb{}\u00bb][\/et_pb_image][\/et_pb_column][\/et_pb_row][et_pb_row use_custom_gutter=\u00bbon\u00bb gutter_width=\u00bb2&#8243; _builder_version=\u00bb4.19.4&#8243; _module_preset=\u00bbdefault\u00bb global_colors_info=\u00bb{}\u00bb][et_pb_column type=\u00bb4_4&#8243; _builder_version=\u00bb4.17.3&#8243; _module_preset=\u00bbdefault\u00bb global_colors_info=\u00bb{}\u00bb][et_pb_gallery gallery_ids=\u00bb1570,1568,1566,1564,1473,1501,1481,1499,1495,1503,1497,1493,1491,1489,1487,1483&#8243; posts_number=\u00bb20&#8243; show_title_and_caption=\u00bboff\u00bb _builder_version=\u00bb4.27.6&#8243; _module_preset=\u00bbdefault\u00bb hover_enabled=\u00bb0&#8243; global_colors_info=\u00bb{}\u00bb sticky_enabled=\u00bb0&#8243;][\/et_pb_gallery][\/et_pb_column][\/et_pb_row][et_pb_row use_custom_gutter=\u00bbon\u00bb gutter_width=\u00bb2&#8243; _builder_version=\u00bb4.19.4&#8243; _module_preset=\u00bbdefault\u00bb global_colors_info=\u00bb{}\u00bb][et_pb_column type=\u00bb4_4&#8243; _builder_version=\u00bb4.17.3&#8243; _module_preset=\u00bbdefault\u00bb global_colors_info=\u00bb{}\u00bb][et_pb_video src=\u00bbhttps:\/\/www.youtube.com\/watch?v=cKGcR3ys-l4&#8243; _builder_version=\u00bb4.27.6&#8243; _module_preset=\u00bbdefault\u00bb hover_enabled=\u00bb0&#8243; global_colors_info=\u00bb{}\u00bb sticky_enabled=\u00bb0&#8243;][\/et_pb_video][et_pb_video src=\u00bbhttps:\/\/diversos.gal\/wp-content\/uploads\/2026\/03\/WhatsApp-Video-2026-03-30-at-10.31.15.mp4&#8243; _builder_version=\u00bb4.27.6&#8243; _module_preset=\u00bbdefault\u00bb global_colors_info=\u00bb{}\u00bb custom_margin=\u00bb86px|||||\u00bb][\/et_pb_video][\/et_pb_column][\/et_pb_row][et_pb_row column_structure=\u00bb1_3,1_3,1_3&#8243; use_custom_gutter=\u00bbon\u00bb gutter_width=\u00bb2&#8243; _builder_version=\u00bb4.19.4&#8243; _module_preset=\u00bbdefault\u00bb global_colors_info=\u00bb{}\u00bb][et_pb_column type=\u00bb1_3&#8243; _builder_version=\u00bb4.17.3&#8243; _module_preset=\u00bbdefault\u00bb global_colors_info=\u00bb{}\u00bb][\/et_pb_column][et_pb_column type=\u00bb1_3&#8243; _builder_version=\u00bb4.17.3&#8243; _module_preset=\u00bbdefault\u00bb global_colors_info=\u00bb{}\u00bb][et_pb_image src=\u00bbhttps:\/\/diversos.gal\/wp-content\/uploads\/2026\/03\/depuntacion-da-coruna.png\u00bb alt=\u00bbDepuntaci\u00f3n da Coru\u00f1a\u00bb title_text=\u00bbDepuntaci\u00f3n da Coru\u00f1a\u00bb _builder_version=\u00bb4.27.6&#8243; _module_preset=\u00bbdefault\u00bb global_colors_info=\u00bb{}\u00bb][\/et_pb_image][\/et_pb_column][et_pb_column type=\u00bb1_3&#8243; _builder_version=\u00bb4.17.3&#8243; _module_preset=\u00bbdefault\u00bb global_colors_info=\u00bb{}\u00bb][\/et_pb_column][\/et_pb_row][\/et_pb_section][et_pb_section fb_built=\u00bb1&#8243; admin_label=\u00bbOur mission\u00bb _builder_version=\u00bb4.27.4&#8243; _module_preset=\u00bbdefault\u00bb background_color=\u00bbrgba(0,0,0,0.84)\u00bb background_image=\u00bbhttps:\/\/diversos.gal\/wp-content\/uploads\/2022\/05\/la-juventud-crea-mas-ti-05.jpg\u00bb background_blend=\u00bboverlay\u00bb border_width_bottom=\u00bb13px\u00bb border_color_bottom=\u00bb#afafaf\u00bb locked=\u00bboff\u00bb global_colors_info=\u00bb{}\u00bb][et_pb_row _builder_version=\u00bb4.17.3&#8243; _module_preset=\u00bbdefault\u00bb global_colors_info=\u00bb{}\u00bb][et_pb_column type=\u00bb4_4&#8243; _builder_version=\u00bb4.16&#8243; _module_preset=\u00bbdefault\u00bb global_colors_info=\u00bb{}\u00bb][et_pb_text _builder_version=\u00bb4.27.6&#8243; _module_preset=\u00bbdefault\u00bb header_2_text_align=\u00bbcenter\u00bb header_2_text_color=\u00bb#FFFFFF\u00bb header_2_font_size=\u00bb30px\u00bb custom_padding=\u00bb10px|5px|5px|5px|false|false\u00bb border_width_all=\u00bb1px\u00bb border_color_all=\u00bb#FFFFFF\u00bb global_colors_info=\u00bb{}\u00bb]<\/p>\n<h2>VII Encontro Espazos Abandoados (Edici\u00f3n 2024)<\/h2>\n<p>[\/et_pb_text][et_pb_image src=\u00bbhttps:\/\/diversos.gal\/wp-content\/uploads\/2025\/03\/VII-encontro-espazos-abandonados.jpg\u00bb alt=\u00bbVII Encontro espazos abandonados\u00bb title_text=\u00bbVII Encontro espazos abandonados\u00bb align=\u00bbcenter\u00bb _builder_version=\u00bb4.27.4&#8243; _module_preset=\u00bbdefault\u00bb custom_margin=\u00bb||50px|||\u00bb global_colors_info=\u00bb{}\u00bb][\/et_pb_image][\/et_pb_column][\/et_pb_row][et_pb_row use_custom_gutter=\u00bbon\u00bb gutter_width=\u00bb2&#8243; _builder_version=\u00bb4.19.4&#8243; _module_preset=\u00bbdefault\u00bb global_colors_info=\u00bb{}\u00bb][et_pb_column type=\u00bb4_4&#8243; _builder_version=\u00bb4.17.3&#8243; _module_preset=\u00bbdefault\u00bb global_colors_info=\u00bb{}\u00bb][et_pb_video src=\u00bbhttps:\/\/youtu.be\/6Zs193UEf1w?si=hxb6Cg1w6xMIy0RV\u00bb _builder_version=\u00bb4.27.4&#8243; _module_preset=\u00bbdefault\u00bb global_colors_info=\u00bb{}\u00bb][\/et_pb_video][\/et_pb_column][\/et_pb_row][et_pb_row column_structure=\u00bb1_3,1_3,1_3&#8243; use_custom_gutter=\u00bbon\u00bb gutter_width=\u00bb2&#8243; _builder_version=\u00bb4.19.4&#8243; _module_preset=\u00bbdefault\u00bb global_colors_info=\u00bb{}\u00bb][et_pb_column type=\u00bb1_3&#8243; _builder_version=\u00bb4.17.3&#8243; _module_preset=\u00bbdefault\u00bb global_colors_info=\u00bb{}\u00bb][\/et_pb_column][et_pb_column type=\u00bb1_3&#8243; _builder_version=\u00bb4.17.3&#8243; _module_preset=\u00bbdefault\u00bb global_colors_info=\u00bb{}\u00bb][et_pb_image src=\u00bbhttps:\/\/diversos.gal\/wp-content\/uploads\/2026\/03\/depuntacion-da-coruna.png\u00bb alt=\u00bbDepuntaci\u00f3n da Coru\u00f1a\u00bb title_text=\u00bbDepuntaci\u00f3n da Coru\u00f1a\u00bb _builder_version=\u00bb4.27.6&#8243; _module_preset=\u00bbdefault\u00bb locked=\u00bboff\u00bb global_colors_info=\u00bb{}\u00bb][\/et_pb_image][\/et_pb_column][et_pb_column type=\u00bb1_3&#8243; _builder_version=\u00bb4.17.3&#8243; _module_preset=\u00bbdefault\u00bb global_colors_info=\u00bb{}\u00bb][\/et_pb_column][\/et_pb_row][\/et_pb_section][et_pb_section fb_built=\u00bb1&#8243; admin_label=\u00bbOur mission\u00bb _builder_version=\u00bb4.27.4&#8243; _module_preset=\u00bbdefault\u00bb background_color=\u00bbrgba(0,0,0,0.84)\u00bb background_image=\u00bbhttps:\/\/diversos.gal\/wp-content\/uploads\/2022\/05\/la-juventud-crea-mas-ti-05.jpg\u00bb background_blend=\u00bboverlay\u00bb border_width_bottom=\u00bb13px\u00bb border_color_bottom=\u00bb#afafaf\u00bb locked=\u00bboff\u00bb global_colors_info=\u00bb{}\u00bb][et_pb_row _builder_version=\u00bb4.17.3&#8243; _module_preset=\u00bbdefault\u00bb global_colors_info=\u00bb{}\u00bb][et_pb_column type=\u00bb4_4&#8243; _builder_version=\u00bb4.16&#8243; _module_preset=\u00bbdefault\u00bb global_colors_info=\u00bb{}\u00bb][et_pb_text _builder_version=\u00bb4.27.6&#8243; _module_preset=\u00bbdefault\u00bb header_2_text_align=\u00bbcenter\u00bb header_2_text_color=\u00bb#FFFFFF\u00bb header_2_font_size=\u00bb30px\u00bb custom_padding=\u00bb10px|5px|5px|5px|false|false\u00bb border_width_all=\u00bb1px\u00bb border_color_all=\u00bb#FFFFFF\u00bb global_colors_info=\u00bb{}\u00bb]<\/p>\n<h2>VI Encontro Espazos Abandoados (Edici\u00f3n 2023)<\/h2>\n<p>[\/et_pb_text][et_pb_image src=\u00bbhttps:\/\/diversos.gal\/wp-content\/uploads\/2023\/12\/espazos-abandonados-2023.jpg\u00bb alt=\u00bbEspazos Abandonados 2023&#8243; title_text=\u00bbEspazos Abandonados 2023&#8243; align=\u00bbcenter\u00bb _builder_version=\u00bb4.23.1&#8243; _module_preset=\u00bbdefault\u00bb custom_margin=\u00bb||50px|||\u00bb global_colors_info=\u00bb{}\u00bb][\/et_pb_image][et_pb_image src=\u00bbhttps:\/\/diversos.gal\/wp-content\/uploads\/2023\/12\/espazos-abandonados-2023-agenda.jpg\u00bb alt=\u00bbEspazos Abandonados 2023&#8243; title_text=\u00bbEspazos Abandonados 2023&#8243; align=\u00bbcenter\u00bb _builder_version=\u00bb4.23.1&#8243; _module_preset=\u00bbdefault\u00bb custom_margin=\u00bb||50px|||\u00bb global_colors_info=\u00bb{}\u00bb][\/et_pb_image][\/et_pb_column][\/et_pb_row][et_pb_row use_custom_gutter=\u00bbon\u00bb gutter_width=\u00bb2&#8243; _builder_version=\u00bb4.19.4&#8243; _module_preset=\u00bbdefault\u00bb global_colors_info=\u00bb{}\u00bb][et_pb_column type=\u00bb4_4&#8243; _builder_version=\u00bb4.17.3&#8243; _module_preset=\u00bbdefault\u00bb global_colors_info=\u00bb{}\u00bb][et_pb_video src=\u00bbhttps:\/\/diversos.gal\/wp-content\/uploads\/2023\/12\/video-espazos-abandonados-2023.mp4&#8243; _builder_version=\u00bb4.23.1&#8243; _module_preset=\u00bbdefault\u00bb global_colors_info=\u00bb{}\u00bb][\/et_pb_video][\/et_pb_column][\/et_pb_row][et_pb_row column_structure=\u00bb1_3,1_3,1_3&#8243; use_custom_gutter=\u00bbon\u00bb gutter_width=\u00bb2&#8243; _builder_version=\u00bb4.19.4&#8243; _module_preset=\u00bbdefault\u00bb global_colors_info=\u00bb{}\u00bb][et_pb_column type=\u00bb1_3&#8243; _builder_version=\u00bb4.17.3&#8243; _module_preset=\u00bbdefault\u00bb global_colors_info=\u00bb{}\u00bb][\/et_pb_column][et_pb_column type=\u00bb1_3&#8243; _builder_version=\u00bb4.17.3&#8243; _module_preset=\u00bbdefault\u00bb global_colors_info=\u00bb{}\u00bb][et_pb_image src=\u00bbhttps:\/\/diversos.gal\/wp-content\/uploads\/2026\/03\/depuntacion-da-coruna.png\u00bb alt=\u00bbDepuntaci\u00f3n da Coru\u00f1a\u00bb title_text=\u00bbDepuntaci\u00f3n da Coru\u00f1a\u00bb _builder_version=\u00bb4.27.6&#8243; _module_preset=\u00bbdefault\u00bb locked=\u00bboff\u00bb global_colors_info=\u00bb{}\u00bb][\/et_pb_image][\/et_pb_column][et_pb_column type=\u00bb1_3&#8243; _builder_version=\u00bb4.17.3&#8243; _module_preset=\u00bbdefault\u00bb global_colors_info=\u00bb{}\u00bb][\/et_pb_column][\/et_pb_row][\/et_pb_section][et_pb_section fb_built=\u00bb1&#8243; admin_label=\u00bbOur mission\u00bb _builder_version=\u00bb4.17.3&#8243; _module_preset=\u00bbdefault\u00bb background_color=\u00bbrgba(0,0,0,0.84)\u00bb background_image=\u00bbhttps:\/\/diversos.gal\/wp-content\/uploads\/2022\/05\/la-juventud-crea-mas-ti-05.jpg\u00bb background_blend=\u00bboverlay\u00bb locked=\u00bboff\u00bb global_colors_info=\u00bb{}\u00bb][et_pb_row _builder_version=\u00bb4.17.3&#8243; _module_preset=\u00bbdefault\u00bb global_colors_info=\u00bb{}\u00bb][et_pb_column type=\u00bb4_4&#8243; _builder_version=\u00bb4.16&#8243; _module_preset=\u00bbdefault\u00bb global_colors_info=\u00bb{}\u00bb][et_pb_text _builder_version=\u00bb4.27.6&#8243; _module_preset=\u00bbdefault\u00bb header_2_text_align=\u00bbcenter\u00bb header_2_text_color=\u00bb#FFFFFF\u00bb header_2_font_size=\u00bb30px\u00bb custom_padding=\u00bb10px|5px|5px|5px|false|false\u00bb border_width_all=\u00bb1px\u00bb border_color_all=\u00bb#FFFFFF\u00bb locked=\u00bboff\u00bb global_colors_info=\u00bb{}\u00bb]<\/p>\n<h2>V Encontro Espazos Abandoados (Edici\u00f3n 2022)<\/h2>\n<p>[\/et_pb_text][et_pb_image src=\u00bbhttps:\/\/diversos.gal\/wp-content\/uploads\/2022\/10\/encontro-espazos-abandonados-.jpeg\u00bb alt=\u00bbEncontro Espazos Abandonados\u00bb title_text=\u00bbEncontro Espazos Abandonados\u00bb align=\u00bbcenter\u00bb _builder_version=\u00bb4.18.1&#8243; _module_preset=\u00bbdefault\u00bb custom_margin=\u00bb||50px|||\u00bb global_colors_info=\u00bb{}\u00bb][\/et_pb_image][et_pb_image src=\u00bbhttps:\/\/diversos.gal\/wp-content\/uploads\/2022\/10\/encontro-espazos-abandonados-2022.jpg\u00bb alt=\u00bbEncontro Espazos Abandonados\u00bb title_text=\u00bbEncontro Espazos Abandonados\u00bb align=\u00bbcenter\u00bb _builder_version=\u00bb4.18.1&#8243; _module_preset=\u00bbdefault\u00bb custom_margin=\u00bb||50px|||\u00bb global_colors_info=\u00bb{}\u00bb][\/et_pb_image][\/et_pb_column][\/et_pb_row][et_pb_row use_custom_gutter=\u00bbon\u00bb gutter_width=\u00bb2&#8243; _builder_version=\u00bb4.19.4&#8243; _module_preset=\u00bbdefault\u00bb global_colors_info=\u00bb{}\u00bb][et_pb_column type=\u00bb4_4&#8243; _builder_version=\u00bb4.17.3&#8243; _module_preset=\u00bbdefault\u00bb global_colors_info=\u00bb{}\u00bb][et_pb_gallery gallery_ids=\u00bb735,736,737,738,739,740,741,742,743,744,745,746,747,748,749,750&#8243; posts_number=\u00bb20&#8243; show_title_and_caption=\u00bboff\u00bb _builder_version=\u00bb4.19.4&#8243; _module_preset=\u00bbdefault\u00bb global_colors_info=\u00bb{}\u00bb][\/et_pb_gallery][\/et_pb_column][\/et_pb_row][et_pb_row use_custom_gutter=\u00bbon\u00bb gutter_width=\u00bb2&#8243; _builder_version=\u00bb4.19.4&#8243; _module_preset=\u00bbdefault\u00bb global_colors_info=\u00bb{}\u00bb][et_pb_column type=\u00bb4_4&#8243; _builder_version=\u00bb4.17.3&#8243; _module_preset=\u00bbdefault\u00bb global_colors_info=\u00bb{}\u00bb][et_pb_video src=\u00bbhttps:\/\/diversos.gal\/wp-content\/uploads\/2023\/01\/WhatsApp-Video-2023-01-10-at-18.22.18.mp4&#8243; _builder_version=\u00bb4.19.4&#8243; _module_preset=\u00bbdefault\u00bb global_colors_info=\u00bb{}\u00bb][\/et_pb_video][\/et_pb_column][\/et_pb_row][et_pb_row column_structure=\u00bb1_3,1_3,1_3&#8243; use_custom_gutter=\u00bbon\u00bb gutter_width=\u00bb2&#8243; _builder_version=\u00bb4.19.4&#8243; _module_preset=\u00bbdefault\u00bb global_colors_info=\u00bb{}\u00bb][et_pb_column type=\u00bb1_3&#8243; _builder_version=\u00bb4.17.3&#8243; _module_preset=\u00bbdefault\u00bb global_colors_info=\u00bb{}\u00bb][\/et_pb_column][et_pb_column type=\u00bb1_3&#8243; _builder_version=\u00bb4.17.3&#8243; _module_preset=\u00bbdefault\u00bb global_colors_info=\u00bb{}\u00bb][et_pb_image src=\u00bbhttps:\/\/diversos.gal\/wp-content\/uploads\/2026\/03\/depuntacion-da-coruna.png\u00bb alt=\u00bbDepuntaci\u00f3n da Coru\u00f1a\u00bb title_text=\u00bbDepuntaci\u00f3n da Coru\u00f1a\u00bb _builder_version=\u00bb4.27.6&#8243; _module_preset=\u00bbdefault\u00bb locked=\u00bboff\u00bb global_colors_info=\u00bb{}\u00bb][\/et_pb_image][\/et_pb_column][et_pb_column type=\u00bb1_3&#8243; _builder_version=\u00bb4.17.3&#8243; _module_preset=\u00bbdefault\u00bb global_colors_info=\u00bb{}\u00bb][\/et_pb_column][\/et_pb_row][\/et_pb_section]<\/p>\n","protected":false},"excerpt":{"rendered":"<p>&nbsp; &nbsp; &nbsp; &nbsp; &nbsp; &nbsp; &nbsp; &nbsp; &nbsp; &nbsp; &nbsp; &nbsp; &nbsp; &nbsp;VIII Encontro Espazos Abandoados (Edici\u00f3n 2025)VII Encontro Espazos Abandoados (Edici\u00f3n 2024)VI Encontro Espazos Abandoados (Edici\u00f3n 2023)V Encontro Espazos Abandoados (Edici\u00f3n 2022)<\/p>\n","protected":false},"author":1,"featured_media":0,"parent":0,"menu_order":0,"comment_status":"closed","ping_status":"closed","template":"","meta":{"_et_pb_use_builder":"on","_et_pb_old_content":"","_et_gb_content_width":"","footnotes":""},"class_list":["post-1153","page","type-page","status-publish","hentry"],"yoast_head":"<!-- This site is optimized with the Yoast SEO plugin v27.2 - https:\/\/yoast.com\/product\/yoast-seo-wordpress\/ -->\n<title>Encontro Espazos Abandonados - Diversos, Asocicaci\u00f3n Cultural para la Integraci\u00f3n Social<\/title>\n<meta name=\"robots\" content=\"index, follow, max-snippet:-1, max-image-preview:large, max-video-preview:-1\" \/>\n<link rel=\"canonical\" href=\"https:\/\/diversos.gal\/es\/encontro-espazos-abandonados\/\" \/>\n<meta property=\"og:locale\" content=\"es_ES\" \/>\n<meta property=\"og:type\" content=\"article\" \/>\n<meta property=\"og:title\" content=\"Encontro Espazos Abandonados - Diversos, Asocicaci\u00f3n Cultural para la Integraci\u00f3n Social\" \/>\n<meta property=\"og:description\" content=\"&nbsp; &nbsp; &nbsp; &nbsp; &nbsp; &nbsp; &nbsp; &nbsp; &nbsp; &nbsp; &nbsp; &nbsp; &nbsp; &nbsp;VIII Encontro Espazos Abandoados (Edici\u00f3n 2025)VII Encontro Espazos Abandoados (Edici\u00f3n 2024)VI Encontro Espazos Abandoados (Edici\u00f3n 2023)V Encontro Espazos Abandoados (Edici\u00f3n 2022)\" \/>\n<meta property=\"og:url\" content=\"https:\/\/diversos.gal\/es\/encontro-espazos-abandonados\/\" \/>\n<meta property=\"og:site_name\" content=\"Diversos, Asocicaci\u00f3n Cultural para la Integraci\u00f3n Social\" \/>\n<meta property=\"article:modified_time\" content=\"2026-03-31T08:33:42+00:00\" \/>\n<meta name=\"twitter:card\" content=\"summary_large_image\" \/>\n<meta name=\"twitter:label1\" content=\"Tiempo de lectura\" \/>\n\t<meta name=\"twitter:data1\" content=\"5 minutos\" \/>\n<script type=\"application\/ld+json\" class=\"yoast-schema-graph\">{\"@context\":\"https:\/\/schema.org\",\"@graph\":[{\"@type\":\"WebPage\",\"@id\":\"https:\/\/diversos.gal\/es\/encontro-espazos-abandonados\/\",\"url\":\"https:\/\/diversos.gal\/es\/encontro-espazos-abandonados\/\",\"name\":\"Encontro Espazos Abandonados - Diversos, Asocicaci\u00f3n Cultural para la Integraci\u00f3n Social\",\"isPartOf\":{\"@id\":\"https:\/\/mediumturquoise-oyster-620936.hostingersite.com\/#website\"},\"datePublished\":\"2024-03-30T17:21:17+00:00\",\"dateModified\":\"2026-03-31T08:33:42+00:00\",\"breadcrumb\":{\"@id\":\"https:\/\/diversos.gal\/es\/encontro-espazos-abandonados\/#breadcrumb\"},\"inLanguage\":\"es\",\"potentialAction\":[{\"@type\":\"ReadAction\",\"target\":[\"https:\/\/diversos.gal\/es\/encontro-espazos-abandonados\/\"]}]},{\"@type\":\"BreadcrumbList\",\"@id\":\"https:\/\/diversos.gal\/es\/encontro-espazos-abandonados\/#breadcrumb\",\"itemListElement\":[{\"@type\":\"ListItem\",\"position\":1,\"name\":\"Portada\",\"item\":\"https:\/\/diversos.gal\/es\/\"},{\"@type\":\"ListItem\",\"position\":2,\"name\":\"Encontro Espazos Abandonados\"}]},{\"@type\":\"WebSite\",\"@id\":\"https:\/\/mediumturquoise-oyster-620936.hostingersite.com\/#website\",\"url\":\"https:\/\/mediumturquoise-oyster-620936.hostingersite.com\/\",\"name\":\"Diversos, Asocicaci\u00f3n Cultural para la Integraci\u00f3n Social\",\"description\":\"\",\"potentialAction\":[{\"@type\":\"SearchAction\",\"target\":{\"@type\":\"EntryPoint\",\"urlTemplate\":\"https:\/\/mediumturquoise-oyster-620936.hostingersite.com\/?s={search_term_string}\"},\"query-input\":{\"@type\":\"PropertyValueSpecification\",\"valueRequired\":true,\"valueName\":\"search_term_string\"}}],\"inLanguage\":\"es\"}]}<\/script>\n<!-- \/ Yoast SEO plugin. -->","yoast_head_json":{"title":"Encontro Espazos Abandonados - Diversos, Asocicaci\u00f3n Cultural para la Integraci\u00f3n Social","robots":{"index":"index","follow":"follow","max-snippet":"max-snippet:-1","max-image-preview":"max-image-preview:large","max-video-preview":"max-video-preview:-1"},"canonical":"https:\/\/diversos.gal\/es\/encontro-espazos-abandonados\/","og_locale":"es_ES","og_type":"article","og_title":"Encontro Espazos Abandonados - Diversos, Asocicaci\u00f3n Cultural para la Integraci\u00f3n Social","og_description":"&nbsp; &nbsp; &nbsp; &nbsp; &nbsp; &nbsp; &nbsp; &nbsp; &nbsp; &nbsp; &nbsp; &nbsp; &nbsp; &nbsp;VIII Encontro Espazos Abandoados (Edici\u00f3n 2025)VII Encontro Espazos Abandoados (Edici\u00f3n 2024)VI Encontro Espazos Abandoados (Edici\u00f3n 2023)V Encontro Espazos Abandoados (Edici\u00f3n 2022)","og_url":"https:\/\/diversos.gal\/es\/encontro-espazos-abandonados\/","og_site_name":"Diversos, Asocicaci\u00f3n Cultural para la Integraci\u00f3n Social","article_modified_time":"2026-03-31T08:33:42+00:00","twitter_card":"summary_large_image","twitter_misc":{"Tiempo de lectura":"5 minutos"},"schema":{"@context":"https:\/\/schema.org","@graph":[{"@type":"WebPage","@id":"https:\/\/diversos.gal\/es\/encontro-espazos-abandonados\/","url":"https:\/\/diversos.gal\/es\/encontro-espazos-abandonados\/","name":"Encontro Espazos Abandonados - Diversos, Asocicaci\u00f3n Cultural para la Integraci\u00f3n Social","isPartOf":{"@id":"https:\/\/mediumturquoise-oyster-620936.hostingersite.com\/#website"},"datePublished":"2024-03-30T17:21:17+00:00","dateModified":"2026-03-31T08:33:42+00:00","breadcrumb":{"@id":"https:\/\/diversos.gal\/es\/encontro-espazos-abandonados\/#breadcrumb"},"inLanguage":"es","potentialAction":[{"@type":"ReadAction","target":["https:\/\/diversos.gal\/es\/encontro-espazos-abandonados\/"]}]},{"@type":"BreadcrumbList","@id":"https:\/\/diversos.gal\/es\/encontro-espazos-abandonados\/#breadcrumb","itemListElement":[{"@type":"ListItem","position":1,"name":"Portada","item":"https:\/\/diversos.gal\/es\/"},{"@type":"ListItem","position":2,"name":"Encontro Espazos Abandonados"}]},{"@type":"WebSite","@id":"https:\/\/mediumturquoise-oyster-620936.hostingersite.com\/#website","url":"https:\/\/mediumturquoise-oyster-620936.hostingersite.com\/","name":"Diversos, Asocicaci\u00f3n Cultural para la Integraci\u00f3n Social","description":"","potentialAction":[{"@type":"SearchAction","target":{"@type":"EntryPoint","urlTemplate":"https:\/\/mediumturquoise-oyster-620936.hostingersite.com\/?s={search_term_string}"},"query-input":{"@type":"PropertyValueSpecification","valueRequired":true,"valueName":"search_term_string"}}],"inLanguage":"es"}]}},"_links":{"self":[{"href":"https:\/\/diversos.gal\/es\/wp-json\/wp\/v2\/pages\/1153","targetHints":{"allow":["GET"]}}],"collection":[{"href":"https:\/\/diversos.gal\/es\/wp-json\/wp\/v2\/pages"}],"about":[{"href":"https:\/\/diversos.gal\/es\/wp-json\/wp\/v2\/types\/page"}],"author":[{"embeddable":true,"href":"https:\/\/diversos.gal\/es\/wp-json\/wp\/v2\/users\/1"}],"replies":[{"embeddable":true,"href":"https:\/\/diversos.gal\/es\/wp-json\/wp\/v2\/comments?post=1153"}],"version-history":[{"count":17,"href":"https:\/\/diversos.gal\/es\/wp-json\/wp\/v2\/pages\/1153\/revisions"}],"predecessor-version":[{"id":1573,"href":"https:\/\/diversos.gal\/es\/wp-json\/wp\/v2\/pages\/1153\/revisions\/1573"}],"wp:attachment":[{"href":"https:\/\/diversos.gal\/es\/wp-json\/wp\/v2\/media?parent=1153"}],"curies":[{"name":"wp","href":"https:\/\/api.w.org\/{rel}","templated":true}]}}